{"id":6392,"date":"2021-09-22T08:40:50","date_gmt":"2021-09-22T08:40:50","guid":{"rendered":"https:\/\/www.lavanderina.it\/waschmittel\/"},"modified":"2021-09-22T08:40:52","modified_gmt":"2021-09-22T08:40:52","slug":"waschmittel","status":"publish","type":"page","link":"https:\/\/lavanderina.it\/de\/waschmittel\/","title":{"rendered":"Waschmittel"},"content":{"rendered":"<div class=\"wpb-content-wrapper\">[vc_row][vc_column][mk_padding_divider size=&#8220;80&#8243;][\/vc_column][\/vc_row][vc_row][vc_column width=&#8220;1\/6&#8243;][\/vc_column][vc_column width=&#8220;2\/3&#8243;][mk_fancy_title tag_name=&#8220;h3&#8243; color=&#8220;#bdd894&#8243; size=&#8220;56&#8243; force_font_size=&#8220;true&#8220; size_tablet=&#8220;40&#8243; size_phone=&#8220;40&#8243; font_weight=&#8220;600&#8243; txt_transform=&#8220;none&#8220; margin_bottom=&#8220;10&#8243; font_family=&#8220;Poppins&#8220; font_type=&#8220;google&#8220; align=&#8220;center&#8220; animation=&#8220;top-to-bottom&#8220;]Waschmittel[\/mk_fancy_title][mk_fancy_title tag_name=&#8220;h3&#8243; color=&#8220;#8e8e8e&#8220; size=&#8220;15&#8243; force_font_size=&#8220;true&#8220; size_tablet=&#8220;16&#8243; size_phone=&#8220;16&#8243; line_height=&#8220;180&#8243; font_weight=&#8220;400&#8243; txt_transform=&#8220;none&#8220; margin_bottom=&#8220;0&#8243; font_family=&#8220;Poppins&#8220; font_type=&#8220;google&#8220; align=&#8220;center&#8220; animation=&#8220;top-to-bottom&#8220;]Nachhaltige und umweltvertr\u00e4gliche \u00d6ko-Bio-Produkte: Alle unsere Produkte enthalten nur pflanzliche Rohstoffe, die biologisch oder anderweitig nicht sch\u00e4dlich f\u00fcr das \u00d6kosystem sind und im Einklang mit den Grunds\u00e4tzen der Kreislaufwirtschaft stehen.[\/mk_fancy_title][mk_padding_divider size=&#8220;80&#8243;][\/vc_column][vc_column width=&#8220;1\/6&#8243;][\/vc_column][\/vc_row][vc_row][vc_column]<div class=\"woocommerce columns-4 \"><ul class=\"products columns-4\">\n<li class=\"product type-product post-6602 status-publish first instock product_cat-laundry product_tag-dermatologically-tested product_tag-detergenza-eco-bio-aiab-en product_tag-eco-packaging-en product_tag-ecobiovegan-en product_tag-h-a-c-c-p-en product_tag-without-allergens has-post-thumbnail shipping-taxable product-type-simple\">\n\t<div class=\"mk-product-warp\"><a href=\"https:\/\/lavanderina.it\/en\/prodotto\/baby-and-delicate-washing-machine-detergent-960ml\/\" class=\"woocommerce-LoopProduct-link woocommerce-loop-product__link\">\t<div class=\"mk-product-thumbnail-warp\">\r\n\t<img loading=\"lazy\" decoding=\"async\" width=\"300\" height=\"300\" src=\"https:\/\/www.lavanderina.it\/wp-content\/uploads\/2021\/07\/lavanderina-lavatrice-baby-960ml-300x300.jpg\" class=\"attachment-woocommerce_thumbnail size-woocommerce_thumbnail\" alt=\"\" srcset=\"https:\/\/www.lavanderina.it\/wp-content\/uploads\/2021\/07\/lavanderina-lavatrice-baby-960ml-300x300.jpg 300w, https:\/\/www.lavanderina.it\/wp-content\/uploads\/2021\/07\/lavanderina-lavatrice-baby-960ml-150x150.jpg 150w, https:\/\/www.lavanderina.it\/wp-content\/uploads\/2021\/07\/lavanderina-lavatrice-baby-960ml-768x768.jpg 768w, https:\/\/www.lavanderina.it\/wp-content\/uploads\/2021\/07\/lavanderina-lavatrice-baby-960ml-600x600.jpg 600w, https:\/\/www.lavanderina.it\/wp-content\/uploads\/2021\/07\/lavanderina-lavatrice-baby-960ml-100x100.jpg 100w, https:\/\/www.lavanderina.it\/wp-content\/uploads\/2021\/07\/lavanderina-lavatrice-baby-960ml.jpg 1000w\" sizes=\"auto, (max-width: 300px) 100vw, 300px\" itemprop=\"image\" \/>\t<\/div>\r\n\t<h2 class=\"woocommerce-loop-product__title\">Baby and Delicate Washing Machine Detergent 960mL<\/h2>\n<\/a><a rel=\"nofollow\" href=\"https:\/\/lavanderina.it\/en\/prodotto\/baby-and-delicate-washing-machine-detergent-960ml\/\" data-quantity=\"1\" data-product_id=\"6602\" data-product_sku=\"450073\" class=\"button product_type_simple\" data-product_id=\"6602\" data-product_sku=\"450073\" aria-label=\"Lese mehr \u00fcber &#8222;Baby and Delicate Washing Machine Detergent 960mL&#8220;\" rel=\"nofollow\" data-success_message=\"\"><svg  class=\"mk-svg-icon\" data-name=\"mk-moon-search-3\" data-cacheid=\"icon-69d854e74fcae\" style=\" height:12px; width: 12px; \"  xmlns=\"http:\/\/www.w3.org\/2000\/svg\" viewBox=\"0 0 512 512\"><path d=\"M496.131 435.698l-121.276-103.147c-12.537-11.283-25.945-16.463-36.776-15.963 28.628-33.534 45.921-77.039 45.921-124.588 0-106.039-85.961-192-192-192-106.038 0-192 85.961-192 192s85.961 192 192 192c47.549 0 91.054-17.293 124.588-45.922-.5 10.831 4.68 24.239 15.963 36.776l103.147 121.276c17.661 19.623 46.511 21.277 64.11 3.678s15.946-46.449-3.677-64.11zm-304.131-115.698c-70.692 0-128-57.308-128-128s57.308-128 128-128 128 57.308 128 128-57.307 128-128 128z\"\/><\/svg><span class=\"button-text\">Weiterlesen<\/span><\/a><\/div><\/li>\n<li class=\"product type-product post-6565 status-publish instock product_cat-laundry product_tag-dermatologically-tested product_tag-detergenza-eco-bio-aiab-en product_tag-eco-packaging-en product_tag-ecobiovegan-en product_tag-h-a-c-c-p-en product_tag-without-allergens has-post-thumbnail shipping-taxable product-type-simple\">\n\t<div class=\"mk-product-warp\"><a href=\"https:\/\/lavanderina.it\/en\/prodotto\/flowery-concentrated-fabric-softener-2000ml\/\" class=\"woocommerce-LoopProduct-link woocommerce-loop-product__link\">\t<div class=\"mk-product-thumbnail-warp\">\r\n\t<img loading=\"lazy\" decoding=\"async\" width=\"300\" height=\"300\" src=\"https:\/\/www.lavanderina.it\/wp-content\/uploads\/2021\/07\/lavanderina-ammorbidente-fiorito-2000ml-300x300.jpg\" class=\"attachment-woocommerce_thumbnail size-woocommerce_thumbnail\" alt=\"\" srcset=\"https:\/\/www.lavanderina.it\/wp-content\/uploads\/2021\/07\/lavanderina-ammorbidente-fiorito-2000ml-300x300.jpg 300w, https:\/\/www.lavanderina.it\/wp-content\/uploads\/2021\/07\/lavanderina-ammorbidente-fiorito-2000ml-150x150.jpg 150w, https:\/\/www.lavanderina.it\/wp-content\/uploads\/2021\/07\/lavanderina-ammorbidente-fiorito-2000ml-768x768.jpg 768w, https:\/\/www.lavanderina.it\/wp-content\/uploads\/2021\/07\/lavanderina-ammorbidente-fiorito-2000ml-600x600.jpg 600w, https:\/\/www.lavanderina.it\/wp-content\/uploads\/2021\/07\/lavanderina-ammorbidente-fiorito-2000ml-100x100.jpg 100w, https:\/\/www.lavanderina.it\/wp-content\/uploads\/2021\/07\/lavanderina-ammorbidente-fiorito-2000ml.jpg 1000w\" sizes=\"auto, (max-width: 300px) 100vw, 300px\" itemprop=\"image\" \/>\t<\/div>\r\n\t<h2 class=\"woocommerce-loop-product__title\">Flowery Concentrated Fabric Softener 2000mL<\/h2>\n<\/a><a rel=\"nofollow\" href=\"https:\/\/lavanderina.it\/en\/prodotto\/flowery-concentrated-fabric-softener-2000ml\/\" data-quantity=\"1\" data-product_id=\"6565\" data-product_sku=\"450076\" class=\"button product_type_simple\" data-product_id=\"6565\" data-product_sku=\"450076\" aria-label=\"Lese mehr \u00fcber &#8222;Flowery Concentrated Fabric Softener 2000mL&#8220;\" rel=\"nofollow\" data-success_message=\"\"><svg  class=\"mk-svg-icon\" data-name=\"mk-moon-search-3\" data-cacheid=\"icon-69d854e750c26\" style=\" height:12px; width: 12px; \"  xmlns=\"http:\/\/www.w3.org\/2000\/svg\" viewBox=\"0 0 512 512\"><path d=\"M496.131 435.698l-121.276-103.147c-12.537-11.283-25.945-16.463-36.776-15.963 28.628-33.534 45.921-77.039 45.921-124.588 0-106.039-85.961-192-192-192-106.038 0-192 85.961-192 192s85.961 192 192 192c47.549 0 91.054-17.293 124.588-45.922-.5 10.831 4.68 24.239 15.963 36.776l103.147 121.276c17.661 19.623 46.511 21.277 64.11 3.678s15.946-46.449-3.677-64.11zm-304.131-115.698c-70.692 0-128-57.308-128-128s57.308-128 128-128 128 57.308 128 128-57.307 128-128 128z\"\/><\/svg><span class=\"button-text\">Weiterlesen<\/span><\/a><\/div><\/li>\n<li class=\"product type-product post-6548 status-publish instock product_cat-laundry product_tag-dermatologically-tested product_tag-detergenza-eco-bio-aiab-en product_tag-eco-packaging-en product_tag-ecobiovegan-en product_tag-h-a-c-c-p-en product_tag-without-allergens has-post-thumbnail shipping-taxable product-type-simple\">\n\t<div class=\"mk-product-warp\"><a href=\"https:\/\/lavanderina.it\/en\/prodotto\/flowery-concentrated-fabric-softener-900ml\/\" class=\"woocommerce-LoopProduct-link woocommerce-loop-product__link\">\t<div class=\"mk-product-thumbnail-warp\">\r\n\t<img loading=\"lazy\" decoding=\"async\" width=\"300\" height=\"300\" src=\"https:\/\/www.lavanderina.it\/wp-content\/uploads\/2021\/07\/lavanderina-ammorbidente-fiorito-900ml-300x300.jpg\" class=\"attachment-woocommerce_thumbnail size-woocommerce_thumbnail\" alt=\"\" srcset=\"https:\/\/www.lavanderina.it\/wp-content\/uploads\/2021\/07\/lavanderina-ammorbidente-fiorito-900ml-300x300.jpg 300w, https:\/\/www.lavanderina.it\/wp-content\/uploads\/2021\/07\/lavanderina-ammorbidente-fiorito-900ml-150x150.jpg 150w, https:\/\/www.lavanderina.it\/wp-content\/uploads\/2021\/07\/lavanderina-ammorbidente-fiorito-900ml-768x768.jpg 768w, https:\/\/www.lavanderina.it\/wp-content\/uploads\/2021\/07\/lavanderina-ammorbidente-fiorito-900ml-600x600.jpg 600w, https:\/\/www.lavanderina.it\/wp-content\/uploads\/2021\/07\/lavanderina-ammorbidente-fiorito-900ml-100x100.jpg 100w, https:\/\/www.lavanderina.it\/wp-content\/uploads\/2021\/07\/lavanderina-ammorbidente-fiorito-900ml.jpg 1000w\" sizes=\"auto, (max-width: 300px) 100vw, 300px\" itemprop=\"image\" \/>\t<\/div>\r\n\t<h2 class=\"woocommerce-loop-product__title\">Flowery Concentrated Fabric Softener 900mL<\/h2>\n<\/a><a rel=\"nofollow\" href=\"https:\/\/lavanderina.it\/en\/prodotto\/flowery-concentrated-fabric-softener-900ml\/\" data-quantity=\"1\" data-product_id=\"6548\" data-product_sku=\"450028\" class=\"button product_type_simple\" data-product_id=\"6548\" data-product_sku=\"450028\" aria-label=\"Lese mehr \u00fcber &#8222;Flowery Concentrated Fabric Softener 900mL&#8220;\" rel=\"nofollow\" data-success_message=\"\"><svg  class=\"mk-svg-icon\" data-name=\"mk-moon-search-3\" data-cacheid=\"icon-69d854e751b57\" style=\" height:12px; width: 12px; \"  xmlns=\"http:\/\/www.w3.org\/2000\/svg\" viewBox=\"0 0 512 512\"><path d=\"M496.131 435.698l-121.276-103.147c-12.537-11.283-25.945-16.463-36.776-15.963 28.628-33.534 45.921-77.039 45.921-124.588 0-106.039-85.961-192-192-192-106.038 0-192 85.961-192 192s85.961 192 192 192c47.549 0 91.054-17.293 124.588-45.922-.5 10.831 4.68 24.239 15.963 36.776l103.147 121.276c17.661 19.623 46.511 21.277 64.11 3.678s15.946-46.449-3.677-64.11zm-304.131-115.698c-70.692 0-128-57.308-128-128s57.308-128 128-128 128 57.308 128 128-57.307 128-128 128z\"\/><\/svg><span class=\"button-text\">Weiterlesen<\/span><\/a><\/div><\/li>\n<li class=\"product type-product post-6588 status-publish last instock product_cat-laundry product_tag-dermatologically-tested product_tag-detergenza-eco-bio-aiab-en product_tag-eco-packaging-en product_tag-ecobiovegan-en product_tag-h-a-c-c-p-en product_tag-without-allergens has-post-thumbnail shipping-taxable product-type-simple\">\n\t<div class=\"mk-product-warp\"><a href=\"https:\/\/lavanderina.it\/en\/prodotto\/flowery-concentrated-laundry-detergent-1000ml\/\" class=\"woocommerce-LoopProduct-link woocommerce-loop-product__link\">\t<div class=\"mk-product-thumbnail-warp\">\r\n\t<img loading=\"lazy\" decoding=\"async\" width=\"300\" height=\"300\" src=\"https:\/\/www.lavanderina.it\/wp-content\/uploads\/2021\/07\/lavanderina-lavatrice-fiorito-1000ml-300x300.jpg\" class=\"attachment-woocommerce_thumbnail size-woocommerce_thumbnail\" alt=\"\" srcset=\"https:\/\/www.lavanderina.it\/wp-content\/uploads\/2021\/07\/lavanderina-lavatrice-fiorito-1000ml-300x300.jpg 300w, https:\/\/www.lavanderina.it\/wp-content\/uploads\/2021\/07\/lavanderina-lavatrice-fiorito-1000ml-150x150.jpg 150w, https:\/\/www.lavanderina.it\/wp-content\/uploads\/2021\/07\/lavanderina-lavatrice-fiorito-1000ml-768x768.jpg 768w, https:\/\/www.lavanderina.it\/wp-content\/uploads\/2021\/07\/lavanderina-lavatrice-fiorito-1000ml-600x600.jpg 600w, https:\/\/www.lavanderina.it\/wp-content\/uploads\/2021\/07\/lavanderina-lavatrice-fiorito-1000ml-100x100.jpg 100w, https:\/\/www.lavanderina.it\/wp-content\/uploads\/2021\/07\/lavanderina-lavatrice-fiorito-1000ml.jpg 1000w\" sizes=\"auto, (max-width: 300px) 100vw, 300px\" itemprop=\"image\" \/>\t<\/div>\r\n\t<h2 class=\"woocommerce-loop-product__title\">Flowery Concentrated Laundry Detergent 1000mL<\/h2>\n<\/a><a rel=\"nofollow\" href=\"https:\/\/lavanderina.it\/en\/prodotto\/flowery-concentrated-laundry-detergent-1000ml\/\" data-quantity=\"1\" data-product_id=\"6588\" data-product_sku=\"450026\" class=\"button product_type_simple\" data-product_id=\"6588\" data-product_sku=\"450026\" aria-label=\"Lese mehr \u00fcber &#8222;Flowery Concentrated Laundry Detergent 1000mL&#8220;\" rel=\"nofollow\" data-success_message=\"\"><svg  class=\"mk-svg-icon\" data-name=\"mk-moon-search-3\" data-cacheid=\"icon-69d854e752ae0\" style=\" height:12px; width: 12px; \"  xmlns=\"http:\/\/www.w3.org\/2000\/svg\" viewBox=\"0 0 512 512\"><path d=\"M496.131 435.698l-121.276-103.147c-12.537-11.283-25.945-16.463-36.776-15.963 28.628-33.534 45.921-77.039 45.921-124.588 0-106.039-85.961-192-192-192-106.038 0-192 85.961-192 192s85.961 192 192 192c47.549 0 91.054-17.293 124.588-45.922-.5 10.831 4.68 24.239 15.963 36.776l103.147 121.276c17.661 19.623 46.511 21.277 64.11 3.678s15.946-46.449-3.677-64.11zm-304.131-115.698c-70.692 0-128-57.308-128-128s57.308-128 128-128 128 57.308 128 128-57.307 128-128 128z\"\/><\/svg><span class=\"button-text\">Weiterlesen<\/span><\/a><\/div><\/li>\n<li class=\"product type-product post-6582 status-publish first instock product_cat-laundry product_tag-dermatologically-tested product_tag-detergenza-eco-bio-aiab-en product_tag-eco-packaging-en product_tag-ecobiovegan-en product_tag-h-a-c-c-p-en product_tag-without-allergens has-post-thumbnail shipping-taxable product-type-simple\">\n\t<div class=\"mk-product-warp\"><a href=\"https:\/\/lavanderina.it\/en\/prodotto\/flowery-concentrated-laundry-detergent-2000ml\/\" class=\"woocommerce-LoopProduct-link woocommerce-loop-product__link\">\t<div class=\"mk-product-thumbnail-warp\">\r\n\t<img loading=\"lazy\" decoding=\"async\" width=\"300\" height=\"300\" src=\"https:\/\/www.lavanderina.it\/wp-content\/uploads\/2021\/07\/lavanderina-lavatrice-fiorito-2000ml-300x300.jpg\" class=\"attachment-woocommerce_thumbnail size-woocommerce_thumbnail\" alt=\"\" srcset=\"https:\/\/www.lavanderina.it\/wp-content\/uploads\/2021\/07\/lavanderina-lavatrice-fiorito-2000ml-300x300.jpg 300w, https:\/\/www.lavanderina.it\/wp-content\/uploads\/2021\/07\/lavanderina-lavatrice-fiorito-2000ml-150x150.jpg 150w, https:\/\/www.lavanderina.it\/wp-content\/uploads\/2021\/07\/lavanderina-lavatrice-fiorito-2000ml-768x768.jpg 768w, https:\/\/www.lavanderina.it\/wp-content\/uploads\/2021\/07\/lavanderina-lavatrice-fiorito-2000ml-600x600.jpg 600w, https:\/\/www.lavanderina.it\/wp-content\/uploads\/2021\/07\/lavanderina-lavatrice-fiorito-2000ml-100x100.jpg 100w, https:\/\/www.lavanderina.it\/wp-content\/uploads\/2021\/07\/lavanderina-lavatrice-fiorito-2000ml.jpg 1000w\" sizes=\"auto, (max-width: 300px) 100vw, 300px\" itemprop=\"image\" \/>\t<\/div>\r\n\t<h2 class=\"woocommerce-loop-product__title\">Flowery Concentrated Laundry Detergent 2000mL<\/h2>\n<\/a><a rel=\"nofollow\" href=\"https:\/\/lavanderina.it\/en\/prodotto\/flowery-concentrated-laundry-detergent-2000ml\/\" data-quantity=\"1\" data-product_id=\"6582\" data-product_sku=\"450072\" class=\"button product_type_simple\" data-product_id=\"6582\" data-product_sku=\"450072\" aria-label=\"Lese mehr \u00fcber &#8222;Flowery Concentrated Laundry Detergent 2000mL&#8220;\" rel=\"nofollow\" data-success_message=\"\"><svg  class=\"mk-svg-icon\" data-name=\"mk-moon-search-3\" data-cacheid=\"icon-69d854e753937\" style=\" height:12px; width: 12px; \"  xmlns=\"http:\/\/www.w3.org\/2000\/svg\" viewBox=\"0 0 512 512\"><path d=\"M496.131 435.698l-121.276-103.147c-12.537-11.283-25.945-16.463-36.776-15.963 28.628-33.534 45.921-77.039 45.921-124.588 0-106.039-85.961-192-192-192-106.038 0-192 85.961-192 192s85.961 192 192 192c47.549 0 91.054-17.293 124.588-45.922-.5 10.831 4.68 24.239 15.963 36.776l103.147 121.276c17.661 19.623 46.511 21.277 64.11 3.678s15.946-46.449-3.677-64.11zm-304.131-115.698c-70.692 0-128-57.308-128-128s57.308-128 128-128 128 57.308 128 128-57.307 128-128 128z\"\/><\/svg><span class=\"button-text\">Weiterlesen<\/span><\/a><\/div><\/li>\n<\/ul>\n<\/div>[mk_padding_divider size=&#8220;50&#8243;][\/vc_column][\/vc_row]\n<\/div>","protected":false},"excerpt":{"rendered":"<p>[vc_row][vc_column][mk_padding_divider size=&#8220;80&#8243;][\/vc_column][\/vc_row][vc_row][vc_column width=&#8220;1\/6&#8243;][\/vc_column][vc_column width=&#8220;2\/3&#8243;][mk_fancy_title tag_name=&#8220;h3&#8243; color=&#8220;#bdd894&#8243; size=&#8220;56&#8243; force_font_size=&#8220;true&#8220; size_tablet=&#8220;40&#8243; size_phone=&#8220;40&#8243; font_weight=&#8220;600&#8243; txt_transform=&#8220;none&#8220; margin_bottom=&#8220;10&#8243; font_family=&#8220;Poppins&#8220; font_type=&#8220;google&#8220; align=&#8220;center&#8220; animation=&#8220;top-to-bottom&#8220;]Waschmittel[\/mk_fancy_title][mk_fancy_title tag_name=&#8220;h3&#8243; color=&#8220;#8e8e8e&#8220; size=&#8220;15&#8243; force_font_size=&#8220;true&#8220; size_tablet=&#8220;16&#8243; size_phone=&#8220;16&#8243; line_height=&#8220;180&#8243; font_weight=&#8220;400&#8243; txt_transform=&#8220;none&#8220; margin_bottom=&#8220;0&#8243; font_family=&#8220;Poppins&#8220; font_type=&#8220;google&#8220; align=&#8220;center&#8220; animation=&#8220;top-to-bottom&#8220;]Nachhaltige und umweltvertr\u00e4gliche \u00d6ko-Bio-Produkte: Alle unsere Produkte enthalten nur pflanzliche Rohstoffe, die biologisch oder anderweitig nicht sch\u00e4dlich f\u00fcr das \u00d6kosystem sind und im Einklang mit [&hellip;]<\/p>\n","protected":false},"author":1,"featured_media":0,"parent":0,"menu_order":0,"comment_status":"closed","ping_status":"closed","template":"","meta":{"footnotes":""},"class_list":["post-6392","page","type-page","status-publish","hentry"],"yoast_head":"<!-- This site is optimized with the Yoast SEO plugin v24.8 - https:\/\/yoast.com\/wordpress\/plugins\/seo\/ -->\r\n<title>Waschmittel - Lavanderina<\/title>\r\n<meta name=\"robots\" content=\"index, follow, max-snippet:-1, max-image-preview:large, max-video-preview:-1\" \/>\r\n<link rel=\"canonical\" href=\"https:\/\/lavanderina.it\/de\/waschmittel\/\" \/>\r\n<meta property=\"og:locale\" content=\"de_DE\" \/>\r\n<meta property=\"og:type\" content=\"article\" \/>\r\n<meta property=\"og:title\" content=\"Waschmittel - Lavanderina\" \/>\r\n<meta property=\"og:description\" content=\"[vc_row][vc_column][mk_padding_divider size=&#8220;80&#8243;][\/vc_column][\/vc_row][vc_row][vc_column width=&#8220;1\/6&#8243;][\/vc_column][vc_column width=&#8220;2\/3&#8243;][mk_fancy_title tag_name=&#8220;h3&#8243; color=&#8220;#bdd894&#8243; size=&#8220;56&#8243; force_font_size=&#8220;true&#8220; size_tablet=&#8220;40&#8243; size_phone=&#8220;40&#8243; font_weight=&#8220;600&#8243; txt_transform=&#8220;none&#8220; margin_bottom=&#8220;10&#8243; font_family=&#8220;Poppins&#8220; font_type=&#8220;google&#8220; align=&#8220;center&#8220; animation=&#8220;top-to-bottom&#8220;]Waschmittel[\/mk_fancy_title][mk_fancy_title tag_name=&#8220;h3&#8243; color=&#8220;#8e8e8e&#8220; size=&#8220;15&#8243; force_font_size=&#8220;true&#8220; size_tablet=&#8220;16&#8243; size_phone=&#8220;16&#8243; line_height=&#8220;180&#8243; font_weight=&#8220;400&#8243; txt_transform=&#8220;none&#8220; margin_bottom=&#8220;0&#8243; font_family=&#8220;Poppins&#8220; font_type=&#8220;google&#8220; align=&#8220;center&#8220; animation=&#8220;top-to-bottom&#8220;]Nachhaltige und umweltvertr\u00e4gliche \u00d6ko-Bio-Produkte: Alle unsere Produkte enthalten nur pflanzliche Rohstoffe, die biologisch oder anderweitig nicht sch\u00e4dlich f\u00fcr das \u00d6kosystem sind und im Einklang mit [&hellip;]\" \/>\r\n<meta property=\"og:url\" content=\"https:\/\/lavanderina.it\/de\/waschmittel\/\" \/>\r\n<meta property=\"og:site_name\" content=\"Lavanderina\" \/>\r\n<meta property=\"article:modified_time\" content=\"2021-09-22T08:40:52+00:00\" \/>\r\n<meta name=\"twitter:card\" content=\"summary_large_image\" \/>\r\n<meta name=\"twitter:label1\" content=\"Gesch\u00e4tzte Lesezeit\" \/>\n\t<meta name=\"twitter:data1\" content=\"1\u00a0Minute\" \/>\r\n<script type=\"application\/ld+json\" class=\"yoast-schema-graph\">{\"@context\":\"https:\/\/schema.org\",\"@graph\":[{\"@type\":\"WebPage\",\"@id\":\"https:\/\/lavanderina.it\/de\/waschmittel\/\",\"url\":\"https:\/\/lavanderina.it\/de\/waschmittel\/\",\"name\":\"Waschmittel - Lavanderina\",\"isPartOf\":{\"@id\":\"https:\/\/lavanderina.it\/de\/#website\"},\"datePublished\":\"2021-09-22T08:40:50+00:00\",\"dateModified\":\"2021-09-22T08:40:52+00:00\",\"breadcrumb\":{\"@id\":\"https:\/\/lavanderina.it\/de\/waschmittel\/#breadcrumb\"},\"inLanguage\":\"de\",\"potentialAction\":[{\"@type\":\"ReadAction\",\"target\":[\"https:\/\/lavanderina.it\/de\/waschmittel\/\"]}]},{\"@type\":\"BreadcrumbList\",\"@id\":\"https:\/\/lavanderina.it\/de\/waschmittel\/#breadcrumb\",\"itemListElement\":[{\"@type\":\"ListItem\",\"position\":1,\"name\":\"Home\",\"item\":\"https:\/\/lavanderina.it\/de\/\"},{\"@type\":\"ListItem\",\"position\":2,\"name\":\"Waschmittel\"}]},{\"@type\":\"WebSite\",\"@id\":\"https:\/\/lavanderina.it\/de\/#website\",\"url\":\"https:\/\/lavanderina.it\/de\/\",\"name\":\"Lavanderina\",\"description\":\"Detersivi ecologici, biologici, sostenibili e vegani\",\"potentialAction\":[{\"@type\":\"SearchAction\",\"target\":{\"@type\":\"EntryPoint\",\"urlTemplate\":\"https:\/\/lavanderina.it\/de\/?s={search_term_string}\"},\"query-input\":{\"@type\":\"PropertyValueSpecification\",\"valueRequired\":true,\"valueName\":\"search_term_string\"}}],\"inLanguage\":\"de\"}]}<\/script>\r\n<!-- \/ Yoast SEO plugin. -->","yoast_head_json":{"title":"Waschmittel - Lavanderina","robots":{"index":"index","follow":"follow","max-snippet":"max-snippet:-1","max-image-preview":"max-image-preview:large","max-video-preview":"max-video-preview:-1"},"canonical":"https:\/\/lavanderina.it\/de\/waschmittel\/","og_locale":"de_DE","og_type":"article","og_title":"Waschmittel - Lavanderina","og_description":"[vc_row][vc_column][mk_padding_divider size=&#8220;80&#8243;][\/vc_column][\/vc_row][vc_row][vc_column width=&#8220;1\/6&#8243;][\/vc_column][vc_column width=&#8220;2\/3&#8243;][mk_fancy_title tag_name=&#8220;h3&#8243; color=&#8220;#bdd894&#8243; size=&#8220;56&#8243; force_font_size=&#8220;true&#8220; size_tablet=&#8220;40&#8243; size_phone=&#8220;40&#8243; font_weight=&#8220;600&#8243; txt_transform=&#8220;none&#8220; margin_bottom=&#8220;10&#8243; font_family=&#8220;Poppins&#8220; font_type=&#8220;google&#8220; align=&#8220;center&#8220; animation=&#8220;top-to-bottom&#8220;]Waschmittel[\/mk_fancy_title][mk_fancy_title tag_name=&#8220;h3&#8243; color=&#8220;#8e8e8e&#8220; size=&#8220;15&#8243; force_font_size=&#8220;true&#8220; size_tablet=&#8220;16&#8243; size_phone=&#8220;16&#8243; line_height=&#8220;180&#8243; font_weight=&#8220;400&#8243; txt_transform=&#8220;none&#8220; margin_bottom=&#8220;0&#8243; font_family=&#8220;Poppins&#8220; font_type=&#8220;google&#8220; align=&#8220;center&#8220; animation=&#8220;top-to-bottom&#8220;]Nachhaltige und umweltvertr\u00e4gliche \u00d6ko-Bio-Produkte: Alle unsere Produkte enthalten nur pflanzliche Rohstoffe, die biologisch oder anderweitig nicht sch\u00e4dlich f\u00fcr das \u00d6kosystem sind und im Einklang mit [&hellip;]","og_url":"https:\/\/lavanderina.it\/de\/waschmittel\/","og_site_name":"Lavanderina","article_modified_time":"2021-09-22T08:40:52+00:00","twitter_card":"summary_large_image","twitter_misc":{"Gesch\u00e4tzte Lesezeit":"1\u00a0Minute"},"schema":{"@context":"https:\/\/schema.org","@graph":[{"@type":"WebPage","@id":"https:\/\/lavanderina.it\/de\/waschmittel\/","url":"https:\/\/lavanderina.it\/de\/waschmittel\/","name":"Waschmittel - Lavanderina","isPartOf":{"@id":"https:\/\/lavanderina.it\/de\/#website"},"datePublished":"2021-09-22T08:40:50+00:00","dateModified":"2021-09-22T08:40:52+00:00","breadcrumb":{"@id":"https:\/\/lavanderina.it\/de\/waschmittel\/#breadcrumb"},"inLanguage":"de","potentialAction":[{"@type":"ReadAction","target":["https:\/\/lavanderina.it\/de\/waschmittel\/"]}]},{"@type":"BreadcrumbList","@id":"https:\/\/lavanderina.it\/de\/waschmittel\/#breadcrumb","itemListElement":[{"@type":"ListItem","position":1,"name":"Home","item":"https:\/\/lavanderina.it\/de\/"},{"@type":"ListItem","position":2,"name":"Waschmittel"}]},{"@type":"WebSite","@id":"https:\/\/lavanderina.it\/de\/#website","url":"https:\/\/lavanderina.it\/de\/","name":"Lavanderina","description":"Detersivi ecologici, biologici, sostenibili e vegani","potentialAction":[{"@type":"SearchAction","target":{"@type":"EntryPoint","urlTemplate":"https:\/\/lavanderina.it\/de\/?s={search_term_string}"},"query-input":{"@type":"PropertyValueSpecification","valueRequired":true,"valueName":"search_term_string"}}],"inLanguage":"de"}]}},"jetpack_sharing_enabled":true,"_links":{"self":[{"href":"https:\/\/lavanderina.it\/de\/wp-json\/wp\/v2\/pages\/6392","targetHints":{"allow":["GET"]}}],"collection":[{"href":"https:\/\/lavanderina.it\/de\/wp-json\/wp\/v2\/pages"}],"about":[{"href":"https:\/\/lavanderina.it\/de\/wp-json\/wp\/v2\/types\/page"}],"author":[{"embeddable":true,"href":"https:\/\/lavanderina.it\/de\/wp-json\/wp\/v2\/users\/1"}],"replies":[{"embeddable":true,"href":"https:\/\/lavanderina.it\/de\/wp-json\/wp\/v2\/comments?post=6392"}],"version-history":[{"count":1,"href":"https:\/\/lavanderina.it\/de\/wp-json\/wp\/v2\/pages\/6392\/revisions"}],"predecessor-version":[{"id":6393,"href":"https:\/\/lavanderina.it\/de\/wp-json\/wp\/v2\/pages\/6392\/revisions\/6393"}],"wp:attachment":[{"href":"https:\/\/lavanderina.it\/de\/wp-json\/wp\/v2\/media?parent=6392"}],"curies":[{"name":"wp","href":"https:\/\/api.w.org\/{rel}","templated":true}]}}