{"id":6398,"date":"2021-09-22T08:44:40","date_gmt":"2021-09-22T08:44:40","guid":{"rendered":"https:\/\/www.lavanderina.it\/professionelle-reiniger\/"},"modified":"2021-09-22T08:44:42","modified_gmt":"2021-09-22T08:44:42","slug":"professionelle-reiniger","status":"publish","type":"page","link":"https:\/\/lavanderina.it\/de\/professionelle-reiniger\/","title":{"rendered":"Professionelle Reiniger"},"content":{"rendered":"<div class=\"wpb-content-wrapper\">[vc_row][vc_column][mk_padding_divider size=&#8220;80&#8243;][\/vc_column][\/vc_row][vc_row][vc_column width=&#8220;1\/6&#8243;][\/vc_column][vc_column width=&#8220;2\/3&#8243;][mk_fancy_title tag_name=&#8220;h3&#8243; color=&#8220;#bdd894&#8243; size=&#8220;56&#8243; force_font_size=&#8220;true&#8220; size_tablet=&#8220;40&#8243; size_phone=&#8220;40&#8243; font_weight=&#8220;600&#8243; txt_transform=&#8220;none&#8220; margin_bottom=&#8220;10&#8243; font_family=&#8220;Poppins&#8220; font_type=&#8220;google&#8220; align=&#8220;center&#8220; animation=&#8220;top-to-bottom&#8220;]Professionelle Reiniger.[\/mk_fancy_title][mk_fancy_title tag_name=&#8220;h3&#8243; color=&#8220;#8e8e8e&#8220; size=&#8220;15&#8243; force_font_size=&#8220;true&#8220; size_tablet=&#8220;16&#8243; size_phone=&#8220;16&#8243; line_height=&#8220;180&#8243; font_weight=&#8220;400&#8243; txt_transform=&#8220;none&#8220; margin_bottom=&#8220;0&#8243; font_family=&#8220;Poppins&#8220; font_type=&#8220;google&#8220; align=&#8220;center&#8220; animation=&#8220;top-to-bottom&#8220;]Nachhaltige und umweltvertr\u00e4gliche \u00d6ko-Bio-Produkte: Alle unsere Produkte enthalten nur pflanzliche Rohstoffe, die biologisch oder anderweitig nicht sch\u00e4dlich f\u00fcr das \u00d6kosystem sind und im Einklang mit den Grunds\u00e4tzen der Kreislaufwirtschaft stehen.[\/mk_fancy_title][mk_padding_divider size=&#8220;80&#8243;][\/vc_column][vc_column width=&#8220;1\/6&#8243;][\/vc_column][\/vc_row][vc_row][vc_column]<div class=\"woocommerce columns-4 \"><\/div>[mk_padding_divider size=&#8220;50&#8243;][\/vc_column][\/vc_row]\n<\/div>","protected":false},"excerpt":{"rendered":"<p>[vc_row][vc_column][mk_padding_divider size=&#8220;80&#8243;][\/vc_column][\/vc_row][vc_row][vc_column width=&#8220;1\/6&#8243;][\/vc_column][vc_column width=&#8220;2\/3&#8243;][mk_fancy_title tag_name=&#8220;h3&#8243; color=&#8220;#bdd894&#8243; size=&#8220;56&#8243; force_font_size=&#8220;true&#8220; size_tablet=&#8220;40&#8243; size_phone=&#8220;40&#8243; font_weight=&#8220;600&#8243; txt_transform=&#8220;none&#8220; margin_bottom=&#8220;10&#8243; font_family=&#8220;Poppins&#8220; font_type=&#8220;google&#8220; align=&#8220;center&#8220; animation=&#8220;top-to-bottom&#8220;]Professionelle Reiniger.[\/mk_fancy_title][mk_fancy_title tag_name=&#8220;h3&#8243; color=&#8220;#8e8e8e&#8220; size=&#8220;15&#8243; force_font_size=&#8220;true&#8220; size_tablet=&#8220;16&#8243; size_phone=&#8220;16&#8243; line_height=&#8220;180&#8243; font_weight=&#8220;400&#8243; txt_transform=&#8220;none&#8220; margin_bottom=&#8220;0&#8243; font_family=&#8220;Poppins&#8220; font_type=&#8220;google&#8220; align=&#8220;center&#8220; animation=&#8220;top-to-bottom&#8220;]Nachhaltige und umweltvertr\u00e4gliche \u00d6ko-Bio-Produkte: Alle unsere Produkte enthalten nur pflanzliche Rohstoffe, die biologisch oder anderweitig nicht sch\u00e4dlich f\u00fcr das \u00d6kosystem sind und im Einklang [&hellip;]<\/p>\n","protected":false},"author":1,"featured_media":0,"parent":0,"menu_order":0,"comment_status":"closed","ping_status":"closed","template":"","meta":{"footnotes":""},"class_list":["post-6398","page","type-page","status-publish","hentry"],"yoast_head":"<!-- This site is optimized with the Yoast SEO plugin v24.8 - https:\/\/yoast.com\/wordpress\/plugins\/seo\/ -->\r\n<title>Professionelle Reiniger - Lavanderina<\/title>\r\n<meta name=\"robots\" content=\"index, follow, max-snippet:-1, max-image-preview:large, max-video-preview:-1\" \/>\r\n<link rel=\"canonical\" href=\"https:\/\/lavanderina.it\/de\/professionelle-reiniger\/\" \/>\r\n<meta property=\"og:locale\" content=\"de_DE\" \/>\r\n<meta property=\"og:type\" content=\"article\" \/>\r\n<meta property=\"og:title\" content=\"Professionelle Reiniger - Lavanderina\" \/>\r\n<meta property=\"og:description\" content=\"[vc_row][vc_column][mk_padding_divider size=&#8220;80&#8243;][\/vc_column][\/vc_row][vc_row][vc_column width=&#8220;1\/6&#8243;][\/vc_column][vc_column width=&#8220;2\/3&#8243;][mk_fancy_title tag_name=&#8220;h3&#8243; color=&#8220;#bdd894&#8243; size=&#8220;56&#8243; force_font_size=&#8220;true&#8220; size_tablet=&#8220;40&#8243; size_phone=&#8220;40&#8243; font_weight=&#8220;600&#8243; txt_transform=&#8220;none&#8220; margin_bottom=&#8220;10&#8243; font_family=&#8220;Poppins&#8220; font_type=&#8220;google&#8220; align=&#8220;center&#8220; animation=&#8220;top-to-bottom&#8220;]Professionelle Reiniger.[\/mk_fancy_title][mk_fancy_title tag_name=&#8220;h3&#8243; color=&#8220;#8e8e8e&#8220; size=&#8220;15&#8243; force_font_size=&#8220;true&#8220; size_tablet=&#8220;16&#8243; size_phone=&#8220;16&#8243; line_height=&#8220;180&#8243; font_weight=&#8220;400&#8243; txt_transform=&#8220;none&#8220; margin_bottom=&#8220;0&#8243; font_family=&#8220;Poppins&#8220; font_type=&#8220;google&#8220; align=&#8220;center&#8220; animation=&#8220;top-to-bottom&#8220;]Nachhaltige und umweltvertr\u00e4gliche \u00d6ko-Bio-Produkte: Alle unsere Produkte enthalten nur pflanzliche Rohstoffe, die biologisch oder anderweitig nicht sch\u00e4dlich f\u00fcr das \u00d6kosystem sind und im Einklang [&hellip;]\" \/>\r\n<meta property=\"og:url\" content=\"https:\/\/lavanderina.it\/de\/professionelle-reiniger\/\" \/>\r\n<meta property=\"og:site_name\" content=\"Lavanderina\" \/>\r\n<meta property=\"article:modified_time\" content=\"2021-09-22T08:44:42+00:00\" \/>\r\n<meta name=\"twitter:card\" content=\"summary_large_image\" \/>\r\n<meta name=\"twitter:label1\" content=\"Gesch\u00e4tzte Lesezeit\" \/>\n\t<meta name=\"twitter:data1\" content=\"1\u00a0Minute\" \/>\r\n<script type=\"application\/ld+json\" class=\"yoast-schema-graph\">{\"@context\":\"https:\/\/schema.org\",\"@graph\":[{\"@type\":\"WebPage\",\"@id\":\"https:\/\/lavanderina.it\/de\/professionelle-reiniger\/\",\"url\":\"https:\/\/lavanderina.it\/de\/professionelle-reiniger\/\",\"name\":\"Professionelle Reiniger - Lavanderina\",\"isPartOf\":{\"@id\":\"https:\/\/lavanderina.it\/de\/#website\"},\"datePublished\":\"2021-09-22T08:44:40+00:00\",\"dateModified\":\"2021-09-22T08:44:42+00:00\",\"breadcrumb\":{\"@id\":\"https:\/\/lavanderina.it\/de\/professionelle-reiniger\/#breadcrumb\"},\"inLanguage\":\"de\",\"potentialAction\":[{\"@type\":\"ReadAction\",\"target\":[\"https:\/\/lavanderina.it\/de\/professionelle-reiniger\/\"]}]},{\"@type\":\"BreadcrumbList\",\"@id\":\"https:\/\/lavanderina.it\/de\/professionelle-reiniger\/#breadcrumb\",\"itemListElement\":[{\"@type\":\"ListItem\",\"position\":1,\"name\":\"Home\",\"item\":\"https:\/\/lavanderina.it\/de\/\"},{\"@type\":\"ListItem\",\"position\":2,\"name\":\"Professionelle Reiniger\"}]},{\"@type\":\"WebSite\",\"@id\":\"https:\/\/lavanderina.it\/de\/#website\",\"url\":\"https:\/\/lavanderina.it\/de\/\",\"name\":\"Lavanderina\",\"description\":\"Detersivi ecologici, biologici, sostenibili e vegani\",\"potentialAction\":[{\"@type\":\"SearchAction\",\"target\":{\"@type\":\"EntryPoint\",\"urlTemplate\":\"https:\/\/lavanderina.it\/de\/?s={search_term_string}\"},\"query-input\":{\"@type\":\"PropertyValueSpecification\",\"valueRequired\":true,\"valueName\":\"search_term_string\"}}],\"inLanguage\":\"de\"}]}<\/script>\r\n<!-- \/ Yoast SEO plugin. -->","yoast_head_json":{"title":"Professionelle Reiniger - Lavanderina","robots":{"index":"index","follow":"follow","max-snippet":"max-snippet:-1","max-image-preview":"max-image-preview:large","max-video-preview":"max-video-preview:-1"},"canonical":"https:\/\/lavanderina.it\/de\/professionelle-reiniger\/","og_locale":"de_DE","og_type":"article","og_title":"Professionelle Reiniger - Lavanderina","og_description":"[vc_row][vc_column][mk_padding_divider size=&#8220;80&#8243;][\/vc_column][\/vc_row][vc_row][vc_column width=&#8220;1\/6&#8243;][\/vc_column][vc_column width=&#8220;2\/3&#8243;][mk_fancy_title tag_name=&#8220;h3&#8243; color=&#8220;#bdd894&#8243; size=&#8220;56&#8243; force_font_size=&#8220;true&#8220; size_tablet=&#8220;40&#8243; size_phone=&#8220;40&#8243; font_weight=&#8220;600&#8243; txt_transform=&#8220;none&#8220; margin_bottom=&#8220;10&#8243; font_family=&#8220;Poppins&#8220; font_type=&#8220;google&#8220; align=&#8220;center&#8220; animation=&#8220;top-to-bottom&#8220;]Professionelle Reiniger.[\/mk_fancy_title][mk_fancy_title tag_name=&#8220;h3&#8243; color=&#8220;#8e8e8e&#8220; size=&#8220;15&#8243; force_font_size=&#8220;true&#8220; size_tablet=&#8220;16&#8243; size_phone=&#8220;16&#8243; line_height=&#8220;180&#8243; font_weight=&#8220;400&#8243; txt_transform=&#8220;none&#8220; margin_bottom=&#8220;0&#8243; font_family=&#8220;Poppins&#8220; font_type=&#8220;google&#8220; align=&#8220;center&#8220; animation=&#8220;top-to-bottom&#8220;]Nachhaltige und umweltvertr\u00e4gliche \u00d6ko-Bio-Produkte: Alle unsere Produkte enthalten nur pflanzliche Rohstoffe, die biologisch oder anderweitig nicht sch\u00e4dlich f\u00fcr das \u00d6kosystem sind und im Einklang [&hellip;]","og_url":"https:\/\/lavanderina.it\/de\/professionelle-reiniger\/","og_site_name":"Lavanderina","article_modified_time":"2021-09-22T08:44:42+00:00","twitter_card":"summary_large_image","twitter_misc":{"Gesch\u00e4tzte Lesezeit":"1\u00a0Minute"},"schema":{"@context":"https:\/\/schema.org","@graph":[{"@type":"WebPage","@id":"https:\/\/lavanderina.it\/de\/professionelle-reiniger\/","url":"https:\/\/lavanderina.it\/de\/professionelle-reiniger\/","name":"Professionelle Reiniger - Lavanderina","isPartOf":{"@id":"https:\/\/lavanderina.it\/de\/#website"},"datePublished":"2021-09-22T08:44:40+00:00","dateModified":"2021-09-22T08:44:42+00:00","breadcrumb":{"@id":"https:\/\/lavanderina.it\/de\/professionelle-reiniger\/#breadcrumb"},"inLanguage":"de","potentialAction":[{"@type":"ReadAction","target":["https:\/\/lavanderina.it\/de\/professionelle-reiniger\/"]}]},{"@type":"BreadcrumbList","@id":"https:\/\/lavanderina.it\/de\/professionelle-reiniger\/#breadcrumb","itemListElement":[{"@type":"ListItem","position":1,"name":"Home","item":"https:\/\/lavanderina.it\/de\/"},{"@type":"ListItem","position":2,"name":"Professionelle Reiniger"}]},{"@type":"WebSite","@id":"https:\/\/lavanderina.it\/de\/#website","url":"https:\/\/lavanderina.it\/de\/","name":"Lavanderina","description":"Detersivi ecologici, biologici, sostenibili e vegani","potentialAction":[{"@type":"SearchAction","target":{"@type":"EntryPoint","urlTemplate":"https:\/\/lavanderina.it\/de\/?s={search_term_string}"},"query-input":{"@type":"PropertyValueSpecification","valueRequired":true,"valueName":"search_term_string"}}],"inLanguage":"de"}]}},"jetpack_sharing_enabled":true,"_links":{"self":[{"href":"https:\/\/lavanderina.it\/de\/wp-json\/wp\/v2\/pages\/6398","targetHints":{"allow":["GET"]}}],"collection":[{"href":"https:\/\/lavanderina.it\/de\/wp-json\/wp\/v2\/pages"}],"about":[{"href":"https:\/\/lavanderina.it\/de\/wp-json\/wp\/v2\/types\/page"}],"author":[{"embeddable":true,"href":"https:\/\/lavanderina.it\/de\/wp-json\/wp\/v2\/users\/1"}],"replies":[{"embeddable":true,"href":"https:\/\/lavanderina.it\/de\/wp-json\/wp\/v2\/comments?post=6398"}],"version-history":[{"count":1,"href":"https:\/\/lavanderina.it\/de\/wp-json\/wp\/v2\/pages\/6398\/revisions"}],"predecessor-version":[{"id":6399,"href":"https:\/\/lavanderina.it\/de\/wp-json\/wp\/v2\/pages\/6398\/revisions\/6399"}],"wp:attachment":[{"href":"https:\/\/lavanderina.it\/de\/wp-json\/wp\/v2\/media?parent=6398"}],"curies":[{"name":"wp","href":"https:\/\/api.w.org\/{rel}","templated":true}]}}