{"id":6728,"date":"2021-10-12T13:45:43","date_gmt":"2021-10-12T13:45:43","guid":{"rendered":"https:\/\/www.lavanderina.it\/liste-der-zutaten\/"},"modified":"2021-10-12T13:45:44","modified_gmt":"2021-10-12T13:45:44","slug":"liste-der-zutaten","status":"publish","type":"page","link":"https:\/\/lavanderina.it\/de\/liste-der-zutaten\/","title":{"rendered":"Liste der Zutaten"},"content":{"rendered":"<div class=\"wpb-content-wrapper\">[vc_row][vc_column][mk_padding_divider size=&#8220;80&#8243;][\/vc_column][\/vc_row][vc_row][vc_column width=&#8220;1\/6&#8243;][\/vc_column][vc_column width=&#8220;2\/3&#8243;][mk_fancy_title tag_name=&#8220;h3&#8243; color=&#8220;#bdd894&#8243; size=&#8220;56&#8243; force_font_size=&#8220;true&#8220; size_tablet=&#8220;40&#8243; size_phone=&#8220;40&#8243; font_weight=&#8220;600&#8243; txt_transform=&#8220;none&#8220; margin_bottom=&#8220;10&#8243; font_family=&#8220;Poppins&#8220; font_type=&#8220;google&#8220; align=&#8220;center&#8220; animation=&#8220;top-to-bottom&#8220;]Liste der Zutaten[\/mk_fancy_title][\/vc_column][vc_column width=&#8220;1\/6&#8243;][\/vc_column][\/vc_row][vc_row][vc_column][mk_padding_divider size=&#8220;60&#8243;][\/vc_column][\/vc_row][vc_row attached=&#8220;true&#8220; column_padding=&#8220;1&#8243;][vc_column width=&#8220;5\/6&#8243;][vc_accordions style=&#8220;simple-style&#8220; container_bg_color=&#8220;rgba(239,234,227,0.44)&#8220;][vc_accordion_tab title=&#8220;Weichsp\u00fcler Konzentrat Blumenduft &#8222;][mk_button dimension=&#8220;flat&#8220; corner_style=&#8220;full_rounded&#8220; url=&#8220;https:\/\/drive.google.com\/file\/d\/1ZpqOTK3QD1PljiE-oxJDwSLiwExxibWN\/view?usp=sharing&#8220; margin_top=&#8220;10&#8243; margin_bottom=&#8220;10&#8243; animation=&#8220;fade-in&#8220; el_class=&#8220;bottone&#8220; bg_color=&#8220;#b3cc8c&#8220; btn_hover_bg=&#8220;#b0cc8c&#8220;]PDF-DATEI HERUNTERLADEN[\/mk_button][\/vc_accordion_tab][vc_accordion_tab title=&#8220;Kalkentferner Multi-Oberfl\u00e4chen&#8220;][mk_button dimension=&#8220;flat&#8220; corner_style=&#8220;full_rounded&#8220; url=&#8220;https:\/\/drive.google.com\/file\/d\/1TpVy0KwcYeD-IUUt6nG2Y_zf6aRzR_P0\/view?usp=sharing&#8220; margin_top=&#8220;10&#8243; margin_bottom=&#8220;10&#8243; animation=&#8220;fade-in&#8220; el_class=&#8220;bottone&#8220; bg_color=&#8220;#b3cc8c&#8220; btn_hover_bg=&#8220;#b0cc8c&#8220;]PDF-DATEI HERUNTERLADEN[\/mk_button][\/vc_accordion_tab][vc_accordion_tab title=&#8220;Badreiniger multi-oberfl\u00e4chen&#8220;][mk_button dimension=&#8220;flat&#8220; corner_style=&#8220;full_rounded&#8220; url=&#8220;https:\/\/drive.google.com\/file\/d\/1ELhFFMweR1KqWw_1qMPArhqYbADeuEVe\/view?usp=sharing&#8220; margin_top=&#8220;10&#8243; margin_bottom=&#8220;10&#8243; animation=&#8220;fade-in&#8220; el_class=&#8220;bottone&#8220; bg_color=&#8220;#b3cc8c&#8220; btn_hover_bg=&#8220;#b0cc8c&#8220;]PDF-DATEI HERUNTERLADEN[\/mk_button][\/vc_accordion_tab][vc_accordion_tab title=&#8220;Bodenreinigungs Konzentrat Blumenduft &#8222;][mk_button dimension=&#8220;flat&#8220; corner_style=&#8220;full_rounded&#8220; url=&#8220;https:\/\/drive.google.com\/file\/d\/1lLn5_hC0Ga3G0-LsFUy5UDEc8h9KaYVD\/view?usp=sharing&#8220; margin_top=&#8220;10&#8243; margin_bottom=&#8220;10&#8243; animation=&#8220;fade-in&#8220; el_class=&#8220;bottone&#8220; bg_color=&#8220;#b3cc8c&#8220; btn_hover_bg=&#8220;#b0cc8c&#8220;]PDF-DATEI HERUNTERLADEN[\/mk_button][\/vc_accordion_tab][vc_accordion_tab title=&#8220;Bodenreinigungs Konzentrat Frischer gr\u00fcn&#8220;][mk_button dimension=&#8220;flat&#8220; corner_style=&#8220;full_rounded&#8220; url=&#8220;https:\/\/drive.google.com\/file\/d\/1c3rbXtFwDlD_uHtSdWJBSFedDqm7raf6\/view?usp=sharing&#8220; margin_top=&#8220;10&#8243; margin_bottom=&#8220;10&#8243; animation=&#8220;fade-in&#8220; el_class=&#8220;bottone&#8220; bg_color=&#8220;#b3cc8c&#8220; btn_hover_bg=&#8220;#b0cc8c&#8220;]PDF-DATEI HERUNTERLADEN[\/mk_button][\/vc_accordion_tab][vc_accordion_tab title=&#8220;Geschirrsp\u00fcler-Gel Zitrone&#8220;][mk_button dimension=&#8220;flat&#8220; corner_style=&#8220;full_rounded&#8220; url=&#8220;https:\/\/drive.google.com\/file\/d\/1aQneb1mzSuWiYDh9yg14n83X6P2SimMn\/view?usp=sharing&#8220; margin_top=&#8220;10&#8243; margin_bottom=&#8220;10&#8243; animation=&#8220;fade-in&#8220; el_class=&#8220;bottone&#8220; bg_color=&#8220;#b3cc8c&#8220; btn_hover_bg=&#8220;#b0cc8c&#8220;]PDF-DATEI HERUNTERLADEN[\/mk_button][\/vc_accordion_tab][vc_accordion_tab title=&#8220;Maschinen- und Handw\u00e4sche f\u00fcr Baby- und Feinw\u00e4sche&#8220;][mk_button dimension=&#8220;flat&#8220; corner_style=&#8220;full_rounded&#8220; url=&#8220;https:\/\/drive.google.com\/file\/d\/1SF5fj4mtee3sbmEpabiblSEJYN43QbJc\/view?usp=sharing&#8220; margin_top=&#8220;10&#8243; margin_bottom=&#8220;10&#8243; animation=&#8220;fade-in&#8220; el_class=&#8220;bottone&#8220; bg_color=&#8220;#b3cc8c&#8220; btn_hover_bg=&#8220;#b0cc8c&#8220;]PDF-DATEI HERUNTERLADEN[\/mk_button][\/vc_accordion_tab][vc_accordion_tab title=&#8220;Waschmittelkonzentrat Blumenduft &#8222;][mk_button dimension=&#8220;flat&#8220; corner_style=&#8220;full_rounded&#8220; url=&#8220;https:\/\/drive.google.com\/file\/d\/1iomK5qej3nkSIhoUwvWoPk4i_JafPpBT\/view?usp=sharing&#8220; margin_top=&#8220;10&#8243; margin_bottom=&#8220;10&#8243; animation=&#8220;fade-in&#8220; el_class=&#8220;bottone&#8220; bg_color=&#8220;#b3cc8c&#8220; btn_hover_bg=&#8220;#b0cc8c&#8220;]PDF-DATEI HERUNTERLADEN[\/mk_button][\/vc_accordion_tab][vc_accordion_tab title=&#8220;Universalentfetter Multi-oberfl\u00e4chen&#8220;][mk_button dimension=&#8220;flat&#8220; corner_style=&#8220;full_rounded&#8220; url=&#8220;https:\/\/drive.google.com\/file\/d\/1cuW9sBYPCr6fXbfpCvSKA6wSL4trGngI\/view?usp=sharing&#8220; margin_top=&#8220;10&#8243; margin_bottom=&#8220;10&#8243; animation=&#8220;fade-in&#8220; el_class=&#8220;bottone&#8220; bg_color=&#8220;#b3cc8c&#8220; btn_hover_bg=&#8220;#b0cc8c&#8220;]PDF-DATEI HERUNTERLADEN[\/mk_button][\/vc_accordion_tab][vc_accordion_tab title=&#8220;Sp\u00fclmittel konzentrat&#8220;][mk_button dimension=&#8220;flat&#8220; corner_style=&#8220;full_rounded&#8220; url=&#8220;https:\/\/drive.google.com\/file\/d\/1SeD3JV58yGZvyI5ZxeBgtUZeN0NzVW5V\/view?usp=sharing&#8220; margin_top=&#8220;10&#8243; margin_bottom=&#8220;10&#8243; animation=&#8220;fade-in&#8220; el_class=&#8220;bottone&#8220; bg_color=&#8220;#b3cc8c&#8220; btn_hover_bg=&#8220;#b0cc8c&#8220;]PDF-DATEI HERUNTERLADEN[\/mk_button][\/vc_accordion_tab][vc_accordion_tab title=&#8220;Gl\u00e4ser Und Spiegel Multi-oberfl\u00e4chen&#8220;][mk_button dimension=&#8220;flat&#8220; corner_style=&#8220;full_rounded&#8220; url=&#8220;https:\/\/drive.google.com\/file\/d\/16RtYuiPKjmQ_OI3OIFSYY3mrowh2IxjP\/view?usp=sharing&#8220; margin_top=&#8220;10&#8243; margin_bottom=&#8220;10&#8243; animation=&#8220;fade-in&#8220; el_class=&#8220;bottone&#8220; bg_color=&#8220;#b3cc8c&#8220; btn_hover_bg=&#8220;#b0cc8c&#8220;]PDF-DATEI HERUNTERLADEN[\/mk_button][\/vc_accordion_tab][\/vc_accordions][mk_padding_divider][\/vc_column][vc_column width=&#8220;1\/6&#8243;][\/vc_column][\/vc_row][vc_row][vc_column][mk_padding_divider size=&#8220;20&#8243;][\/vc_column][\/vc_row]\n<\/div>","protected":false},"excerpt":{"rendered":"<p>[vc_row][vc_column][mk_padding_divider size=&#8220;80&#8243;][\/vc_column][\/vc_row][vc_row][vc_column width=&#8220;1\/6&#8243;][\/vc_column][vc_column width=&#8220;2\/3&#8243;][mk_fancy_title tag_name=&#8220;h3&#8243; color=&#8220;#bdd894&#8243; size=&#8220;56&#8243; force_font_size=&#8220;true&#8220; size_tablet=&#8220;40&#8243; size_phone=&#8220;40&#8243; font_weight=&#8220;600&#8243; txt_transform=&#8220;none&#8220; margin_bottom=&#8220;10&#8243; font_family=&#8220;Poppins&#8220; font_type=&#8220;google&#8220; align=&#8220;center&#8220; animation=&#8220;top-to-bottom&#8220;]Liste der Zutaten[\/mk_fancy_title][\/vc_column][vc_column width=&#8220;1\/6&#8243;][\/vc_column][\/vc_row][vc_row][vc_column][mk_padding_divider size=&#8220;60&#8243;][\/vc_column][\/vc_row][vc_row attached=&#8220;true&#8220; column_padding=&#8220;1&#8243;][vc_column width=&#8220;5\/6&#8243;][vc_accordions style=&#8220;simple-style&#8220; container_bg_color=&#8220;rgba(239,234,227,0.44)&#8220;][vc_accordion_tab title=&#8220;Weichsp\u00fcler Konzentrat Blumenduft &#8222;][mk_button dimension=&#8220;flat&#8220; corner_style=&#8220;full_rounded&#8220; url=&#8220;https:\/\/drive.google.com\/file\/d\/1ZpqOTK3QD1PljiE-oxJDwSLiwExxibWN\/view?usp=sharing&#8220; margin_top=&#8220;10&#8243; margin_bottom=&#8220;10&#8243; animation=&#8220;fade-in&#8220; el_class=&#8220;bottone&#8220; bg_color=&#8220;#b3cc8c&#8220; btn_hover_bg=&#8220;#b0cc8c&#8220;]PDF-DATEI HERUNTERLADEN[\/mk_button][\/vc_accordion_tab][vc_accordion_tab title=&#8220;Kalkentferner Multi-Oberfl\u00e4chen&#8220;][mk_button dimension=&#8220;flat&#8220; corner_style=&#8220;full_rounded&#8220; url=&#8220;https:\/\/drive.google.com\/file\/d\/1TpVy0KwcYeD-IUUt6nG2Y_zf6aRzR_P0\/view?usp=sharing&#8220; margin_top=&#8220;10&#8243; margin_bottom=&#8220;10&#8243; animation=&#8220;fade-in&#8220; el_class=&#8220;bottone&#8220; bg_color=&#8220;#b3cc8c&#8220; btn_hover_bg=&#8220;#b0cc8c&#8220;]PDF-DATEI HERUNTERLADEN[\/mk_button][\/vc_accordion_tab][vc_accordion_tab title=&#8220;Badreiniger multi-oberfl\u00e4chen&#8220;][mk_button dimension=&#8220;flat&#8220; [&hellip;]<\/p>\n","protected":false},"author":1,"featured_media":0,"parent":0,"menu_order":0,"comment_status":"closed","ping_status":"closed","template":"","meta":{"footnotes":""},"class_list":["post-6728","page","type-page","status-publish","hentry"],"yoast_head":"<!-- This site is optimized with the Yoast SEO plugin v24.8 - https:\/\/yoast.com\/wordpress\/plugins\/seo\/ -->\r\n<title>Liste der Zutaten - Lavanderina<\/title>\r\n<meta name=\"robots\" content=\"index, follow, max-snippet:-1, max-image-preview:large, max-video-preview:-1\" \/>\r\n<link rel=\"canonical\" href=\"https:\/\/lavanderina.it\/de\/liste-der-zutaten\/\" \/>\r\n<meta property=\"og:locale\" content=\"de_DE\" \/>\r\n<meta property=\"og:type\" content=\"article\" \/>\r\n<meta property=\"og:title\" content=\"Liste der Zutaten - Lavanderina\" \/>\r\n<meta property=\"og:description\" content=\"[vc_row][vc_column][mk_padding_divider size=&#8220;80&#8243;][\/vc_column][\/vc_row][vc_row][vc_column width=&#8220;1\/6&#8243;][\/vc_column][vc_column width=&#8220;2\/3&#8243;][mk_fancy_title tag_name=&#8220;h3&#8243; color=&#8220;#bdd894&#8243; size=&#8220;56&#8243; force_font_size=&#8220;true&#8220; size_tablet=&#8220;40&#8243; size_phone=&#8220;40&#8243; font_weight=&#8220;600&#8243; txt_transform=&#8220;none&#8220; margin_bottom=&#8220;10&#8243; font_family=&#8220;Poppins&#8220; font_type=&#8220;google&#8220; align=&#8220;center&#8220; animation=&#8220;top-to-bottom&#8220;]Liste der Zutaten[\/mk_fancy_title][\/vc_column][vc_column width=&#8220;1\/6&#8243;][\/vc_column][\/vc_row][vc_row][vc_column][mk_padding_divider size=&#8220;60&#8243;][\/vc_column][\/vc_row][vc_row attached=&#8220;true&#8220; column_padding=&#8220;1&#8243;][vc_column width=&#8220;5\/6&#8243;][vc_accordions style=&#8220;simple-style&#8220; container_bg_color=&#8220;rgba(239,234,227,0.44)&#8220;][vc_accordion_tab title=&#8220;Weichsp\u00fcler Konzentrat Blumenduft &#8222;][mk_button dimension=&#8220;flat&#8220; corner_style=&#8220;full_rounded&#8220; url=&#8220;https:\/\/drive.google.com\/file\/d\/1ZpqOTK3QD1PljiE-oxJDwSLiwExxibWN\/view?usp=sharing&#8220; margin_top=&#8220;10&#8243; margin_bottom=&#8220;10&#8243; animation=&#8220;fade-in&#8220; el_class=&#8220;bottone&#8220; bg_color=&#8220;#b3cc8c&#8220; btn_hover_bg=&#8220;#b0cc8c&#8220;]PDF-DATEI HERUNTERLADEN[\/mk_button][\/vc_accordion_tab][vc_accordion_tab title=&#8220;Kalkentferner Multi-Oberfl\u00e4chen&#8220;][mk_button dimension=&#8220;flat&#8220; corner_style=&#8220;full_rounded&#8220; url=&#8220;https:\/\/drive.google.com\/file\/d\/1TpVy0KwcYeD-IUUt6nG2Y_zf6aRzR_P0\/view?usp=sharing&#8220; margin_top=&#8220;10&#8243; margin_bottom=&#8220;10&#8243; animation=&#8220;fade-in&#8220; el_class=&#8220;bottone&#8220; bg_color=&#8220;#b3cc8c&#8220; btn_hover_bg=&#8220;#b0cc8c&#8220;]PDF-DATEI HERUNTERLADEN[\/mk_button][\/vc_accordion_tab][vc_accordion_tab title=&#8220;Badreiniger multi-oberfl\u00e4chen&#8220;][mk_button dimension=&#8220;flat&#8220; [&hellip;]\" \/>\r\n<meta property=\"og:url\" content=\"https:\/\/lavanderina.it\/de\/liste-der-zutaten\/\" \/>\r\n<meta property=\"og:site_name\" content=\"Lavanderina\" \/>\r\n<meta property=\"article:modified_time\" content=\"2021-10-12T13:45:44+00:00\" \/>\r\n<meta name=\"twitter:card\" content=\"summary_large_image\" \/>\r\n<meta name=\"twitter:label1\" content=\"Gesch\u00e4tzte Lesezeit\" \/>\n\t<meta name=\"twitter:data1\" content=\"4\u00a0Minuten\" \/>\r\n<script type=\"application\/ld+json\" class=\"yoast-schema-graph\">{\"@context\":\"https:\/\/schema.org\",\"@graph\":[{\"@type\":\"WebPage\",\"@id\":\"https:\/\/lavanderina.it\/de\/liste-der-zutaten\/\",\"url\":\"https:\/\/lavanderina.it\/de\/liste-der-zutaten\/\",\"name\":\"Liste der Zutaten - Lavanderina\",\"isPartOf\":{\"@id\":\"https:\/\/lavanderina.it\/de\/#website\"},\"datePublished\":\"2021-10-12T13:45:43+00:00\",\"dateModified\":\"2021-10-12T13:45:44+00:00\",\"breadcrumb\":{\"@id\":\"https:\/\/lavanderina.it\/de\/liste-der-zutaten\/#breadcrumb\"},\"inLanguage\":\"de\",\"potentialAction\":[{\"@type\":\"ReadAction\",\"target\":[\"https:\/\/lavanderina.it\/de\/liste-der-zutaten\/\"]}]},{\"@type\":\"BreadcrumbList\",\"@id\":\"https:\/\/lavanderina.it\/de\/liste-der-zutaten\/#breadcrumb\",\"itemListElement\":[{\"@type\":\"ListItem\",\"position\":1,\"name\":\"Home\",\"item\":\"https:\/\/lavanderina.it\/de\/\"},{\"@type\":\"ListItem\",\"position\":2,\"name\":\"Liste der Zutaten\"}]},{\"@type\":\"WebSite\",\"@id\":\"https:\/\/lavanderina.it\/de\/#website\",\"url\":\"https:\/\/lavanderina.it\/de\/\",\"name\":\"Lavanderina\",\"description\":\"Detersivi ecologici, biologici, sostenibili e vegani\",\"potentialAction\":[{\"@type\":\"SearchAction\",\"target\":{\"@type\":\"EntryPoint\",\"urlTemplate\":\"https:\/\/lavanderina.it\/de\/?s={search_term_string}\"},\"query-input\":{\"@type\":\"PropertyValueSpecification\",\"valueRequired\":true,\"valueName\":\"search_term_string\"}}],\"inLanguage\":\"de\"}]}<\/script>\r\n<!-- \/ Yoast SEO plugin. -->","yoast_head_json":{"title":"Liste der Zutaten - Lavanderina","robots":{"index":"index","follow":"follow","max-snippet":"max-snippet:-1","max-image-preview":"max-image-preview:large","max-video-preview":"max-video-preview:-1"},"canonical":"https:\/\/lavanderina.it\/de\/liste-der-zutaten\/","og_locale":"de_DE","og_type":"article","og_title":"Liste der Zutaten - Lavanderina","og_description":"[vc_row][vc_column][mk_padding_divider size=&#8220;80&#8243;][\/vc_column][\/vc_row][vc_row][vc_column width=&#8220;1\/6&#8243;][\/vc_column][vc_column width=&#8220;2\/3&#8243;][mk_fancy_title tag_name=&#8220;h3&#8243; color=&#8220;#bdd894&#8243; size=&#8220;56&#8243; force_font_size=&#8220;true&#8220; size_tablet=&#8220;40&#8243; size_phone=&#8220;40&#8243; font_weight=&#8220;600&#8243; txt_transform=&#8220;none&#8220; margin_bottom=&#8220;10&#8243; font_family=&#8220;Poppins&#8220; font_type=&#8220;google&#8220; align=&#8220;center&#8220; animation=&#8220;top-to-bottom&#8220;]Liste der Zutaten[\/mk_fancy_title][\/vc_column][vc_column width=&#8220;1\/6&#8243;][\/vc_column][\/vc_row][vc_row][vc_column][mk_padding_divider size=&#8220;60&#8243;][\/vc_column][\/vc_row][vc_row attached=&#8220;true&#8220; column_padding=&#8220;1&#8243;][vc_column width=&#8220;5\/6&#8243;][vc_accordions style=&#8220;simple-style&#8220; container_bg_color=&#8220;rgba(239,234,227,0.44)&#8220;][vc_accordion_tab title=&#8220;Weichsp\u00fcler Konzentrat Blumenduft &#8222;][mk_button dimension=&#8220;flat&#8220; corner_style=&#8220;full_rounded&#8220; url=&#8220;https:\/\/drive.google.com\/file\/d\/1ZpqOTK3QD1PljiE-oxJDwSLiwExxibWN\/view?usp=sharing&#8220; margin_top=&#8220;10&#8243; margin_bottom=&#8220;10&#8243; animation=&#8220;fade-in&#8220; el_class=&#8220;bottone&#8220; bg_color=&#8220;#b3cc8c&#8220; btn_hover_bg=&#8220;#b0cc8c&#8220;]PDF-DATEI HERUNTERLADEN[\/mk_button][\/vc_accordion_tab][vc_accordion_tab title=&#8220;Kalkentferner Multi-Oberfl\u00e4chen&#8220;][mk_button dimension=&#8220;flat&#8220; corner_style=&#8220;full_rounded&#8220; url=&#8220;https:\/\/drive.google.com\/file\/d\/1TpVy0KwcYeD-IUUt6nG2Y_zf6aRzR_P0\/view?usp=sharing&#8220; margin_top=&#8220;10&#8243; margin_bottom=&#8220;10&#8243; animation=&#8220;fade-in&#8220; el_class=&#8220;bottone&#8220; bg_color=&#8220;#b3cc8c&#8220; btn_hover_bg=&#8220;#b0cc8c&#8220;]PDF-DATEI HERUNTERLADEN[\/mk_button][\/vc_accordion_tab][vc_accordion_tab title=&#8220;Badreiniger multi-oberfl\u00e4chen&#8220;][mk_button dimension=&#8220;flat&#8220; [&hellip;]","og_url":"https:\/\/lavanderina.it\/de\/liste-der-zutaten\/","og_site_name":"Lavanderina","article_modified_time":"2021-10-12T13:45:44+00:00","twitter_card":"summary_large_image","twitter_misc":{"Gesch\u00e4tzte Lesezeit":"4\u00a0Minuten"},"schema":{"@context":"https:\/\/schema.org","@graph":[{"@type":"WebPage","@id":"https:\/\/lavanderina.it\/de\/liste-der-zutaten\/","url":"https:\/\/lavanderina.it\/de\/liste-der-zutaten\/","name":"Liste der Zutaten - Lavanderina","isPartOf":{"@id":"https:\/\/lavanderina.it\/de\/#website"},"datePublished":"2021-10-12T13:45:43+00:00","dateModified":"2021-10-12T13:45:44+00:00","breadcrumb":{"@id":"https:\/\/lavanderina.it\/de\/liste-der-zutaten\/#breadcrumb"},"inLanguage":"de","potentialAction":[{"@type":"ReadAction","target":["https:\/\/lavanderina.it\/de\/liste-der-zutaten\/"]}]},{"@type":"BreadcrumbList","@id":"https:\/\/lavanderina.it\/de\/liste-der-zutaten\/#breadcrumb","itemListElement":[{"@type":"ListItem","position":1,"name":"Home","item":"https:\/\/lavanderina.it\/de\/"},{"@type":"ListItem","position":2,"name":"Liste der Zutaten"}]},{"@type":"WebSite","@id":"https:\/\/lavanderina.it\/de\/#website","url":"https:\/\/lavanderina.it\/de\/","name":"Lavanderina","description":"Detersivi ecologici, biologici, sostenibili e vegani","potentialAction":[{"@type":"SearchAction","target":{"@type":"EntryPoint","urlTemplate":"https:\/\/lavanderina.it\/de\/?s={search_term_string}"},"query-input":{"@type":"PropertyValueSpecification","valueRequired":true,"valueName":"search_term_string"}}],"inLanguage":"de"}]}},"jetpack_sharing_enabled":true,"_links":{"self":[{"href":"https:\/\/lavanderina.it\/de\/wp-json\/wp\/v2\/pages\/6728","targetHints":{"allow":["GET"]}}],"collection":[{"href":"https:\/\/lavanderina.it\/de\/wp-json\/wp\/v2\/pages"}],"about":[{"href":"https:\/\/lavanderina.it\/de\/wp-json\/wp\/v2\/types\/page"}],"author":[{"embeddable":true,"href":"https:\/\/lavanderina.it\/de\/wp-json\/wp\/v2\/users\/1"}],"replies":[{"embeddable":true,"href":"https:\/\/lavanderina.it\/de\/wp-json\/wp\/v2\/comments?post=6728"}],"version-history":[{"count":1,"href":"https:\/\/lavanderina.it\/de\/wp-json\/wp\/v2\/pages\/6728\/revisions"}],"predecessor-version":[{"id":6729,"href":"https:\/\/lavanderina.it\/de\/wp-json\/wp\/v2\/pages\/6728\/revisions\/6729"}],"wp:attachment":[{"href":"https:\/\/lavanderina.it\/de\/wp-json\/wp\/v2\/media?parent=6728"}],"curies":[{"name":"wp","href":"https:\/\/api.w.org\/{rel}","templated":true}]}}