{"id":7460,"date":"2021-10-18T07:56:29","date_gmt":"2021-10-18T07:56:29","guid":{"rendered":"https:\/\/www.lavanderina.it\/unsere-zertifizierungen\/"},"modified":"2021-10-18T07:56:41","modified_gmt":"2021-10-18T07:56:41","slug":"unsere-zertifizierungen","status":"publish","type":"page","link":"https:\/\/lavanderina.it\/de\/unsere-zertifizierungen\/","title":{"rendered":"Unsere Zertifizierungen"},"content":{"rendered":"<div class=\"wpb-content-wrapper\">[mk_page_section bg_image=&#8220;https:\/\/www.lavanderina.it\/wp-content\/uploads\/2021\/08\/certificazioni_pagina-scaled.jpg&#8220; bg_image_portrait=&#8220;https:\/\/www.lavanderina.it\/wp-content\/uploads\/2021\/07\/foto-onda_certificazioni_mobile.png&#8220; blend_mode=&#8220;multiply&#8220; bg_position=&#8220;center bottom&#8220; bg_repeat=&#8220;no-repeat&#8220; bg_stretch=&#8220;true&#8220; video_opacity=&#8220;0.2&#8243; adaptive_height=&#8220;true&#8220; min_height=&#8220;500&#8243; padding_top=&#8220;0&#8243; padding_bottom=&#8220;140&#8243; sidebar=&#8220;sidebar-1&#8243;][vc_column][mk_padding_divider size=&#8220;160&#8243; visibility=&#8220;hidden-sm&#8220;][mk_padding_divider size=&#8220;110&#8243;][mk_padding_divider size=&#8220;110&#8243; visibility=&#8220;visible-sm&#8220;][mk_fancy_title tag_name=&#8220;h5&#8243; color=&#8220;#ffffff&#8220; size=&#8220;18&#8243; force_font_size=&#8220;true&#8220; size_phone=&#8220;16&#8243; line_height=&#8220;90&#8243; font_weight=&#8220;600&#8243; txt_transform=&#8220;uppercase&#8220; letter_spacing=&#8220;1&#8243; margin_bottom=&#8220;0&#8243; font_family=&#8220;Poppins&#8220; font_type=&#8220;google&#8220;]lavanderina[\/mk_fancy_title][mk_fancy_title tag_name=&#8220;h1&#8243; color=&#8220;#ffffff&#8220; size=&#8220;56&#8243; force_font_size=&#8220;true&#8220; size_tablet=&#8220;45&#8243; size_phone=&#8220;40&#8243; line_height=&#8220;95&#8243; font_weight=&#8220;600&#8243; txt_transform=&#8220;none&#8220; margin_bottom=&#8220;0&#8243; font_family=&#8220;Poppins&#8220; font_type=&#8220;google&#8220;]Die Zertifizierungen[\/mk_fancy_title][\/vc_column][\/mk_page_section][vc_row][vc_column width=&#8220;1\/6&#8243;][\/vc_column][vc_column width=&#8220;2\/3&#8243;][mk_padding_divider][mk_fancy_title tag_name=&#8220;h3&#8243; color=&#8220;#bdd894&#8243; size=&#8220;40&#8243; force_font_size=&#8220;true&#8220; size_tablet=&#8220;40&#8243; size_phone=&#8220;40&#8243; font_weight=&#8220;bold&#8220; txt_transform=&#8220;none&#8220; margin_bottom=&#8220;10&#8243; font_family=&#8220;Poppins&#8220; font_type=&#8220;google&#8220; align=&#8220;center&#8220; animation=&#8220;top-to-bottom&#8220;]Unsere Zertifizierungen[\/mk_fancy_title][mk_fancy_title tag_name=&#8220;h3&#8243; color=&#8220;#8e8e8e&#8220; size=&#8220;15&#8243; force_font_size=&#8220;true&#8220; size_tablet=&#8220;16&#8243; size_phone=&#8220;16&#8243; line_height=&#8220;180&#8243; font_weight=&#8220;400&#8243; txt_transform=&#8220;none&#8220; margin_bottom=&#8220;0&#8243; font_family=&#8220;Poppins&#8220; font_type=&#8220;google&#8220; align=&#8220;center&#8220; animation=&#8220;top-to-bottom&#8220;]Ein Unternehmen, das an eine umweltfreundliche Philosophie glaubt und sie in die Praxis umsetzt, hat es heute in der Welt der Zertifizierung viel leichter, da es mit gro\u00dfer Wahrscheinlichkeit bereits die von den verschiedenen Zertifizierungsstellen festgelegten Standards erf\u00fcllt.<\/p>\n<p style=\"text-align: center;\">Da dies auch unserer Wahrnehmung entspricht, haben wir uns f\u00fcr verschiedene Zertifizierungen entschieden. Wir denken aber bereits \u00fcber die Einf\u00fchrung weiterer Zertifizierungen nach, um unser aufrichtiges Engagement zu best\u00e4tigen.<\/p>\n[\/mk_fancy_title][\/vc_column][vc_column width=&#8220;1\/6&#8243;][\/vc_column][\/vc_row][vc_row][vc_column][mk_padding_divider size=&#8220;30&#8243;][\/vc_column][\/vc_row][mk_page_section bg_image=&#8220;https:\/\/www.lavanderina.it\/wp-content\/uploads\/2021\/06\/katherine-hanlon-mod2s3-qfoc-unsplash-2-scaled.jpg&#8220; bg_color=&#8220;#f6f9fc&#8220; bg_position=&#8220;center center&#8220; bg_repeat=&#8220;no-repeat&#8220; bg_stretch=&#8220;true&#8220; video_color_mask=&#8220;#000000&#8243; video_opacity=&#8220;0.2&#8243; min_height=&#8220;422&#8243; padding_top=&#8220;100&#8243; padding_bottom=&#8220;60&#8243; sidebar=&#8220;sidebar-1&#8243;][vc_column width=&#8220;2\/3&#8243;][mk_padding_divider size=&#8220;20&#8243;][mk_fancy_title tag_name=&#8220;h3&#8243; color=&#8220;#ffffff&#8220; size=&#8220;40&#8243; force_font_size=&#8220;true&#8220; size_tablet=&#8220;40&#8243; size_phone=&#8220;40&#8243; font_weight=&#8220;bold&#8220; txt_transform=&#8220;none&#8220; margin_bottom=&#8220;10&#8243; font_family=&#8220;Poppins&#8220; font_type=&#8220;google&#8220; responsive_align=&#8220;left&#8220; animation=&#8220;top-to-bottom&#8220;]Zertifikate in Italien<br \/>\n<span style=\"color: #bdd894;\">in jeder Hinsicht<\/span>[\/mk_fancy_title][mk_fancy_title tag_name=&#8220;h3&#8243; color=&#8220;#ffffff&#8220; size=&#8220;15&#8243; force_font_size=&#8220;true&#8220; size_tablet=&#8220;16&#8243; size_phone=&#8220;16&#8243; line_height=&#8220;150&#8243; font_weight=&#8220;400&#8243; txt_transform=&#8220;none&#8220; margin_bottom=&#8220;0&#8243; font_family=&#8220;Poppins&#8220; font_type=&#8220;google&#8220; responsive_align=&#8220;left&#8220; animation=&#8220;top-to-bottom&#8220;]Wir verf\u00fcgen \u00fcber eine Zertifizierung in allen grundlegenden Aspekten unseres Projekts, sodass wir nur die besten Rohstoffe verwenden und diese auf die bestm\u00f6gliche Weise verarbeiten.[\/mk_fancy_title][mk_padding_divider size=&#8220;30&#8243; visibility=&#8220;hidden-sm&#8220;][\/vc_column][vc_column width=&#8220;1\/3&#8243;][\/vc_column][\/mk_page_section][vc_row fullwidth=&#8220;true&#8220; fullwidth_content=&#8220;false&#8220; css=&#8220;.vc_custom_1624442112588{background-color: rgba(239,234,227,0.44) !important;*background-color: rgb(239,234,227) !important;}&#8220;][vc_column width=&#8220;1\/2&#8243;][mk_padding_divider visibility=&#8220;hidden-sm&#8220;][mk_padding_divider visibility=&#8220;hidden-sm&#8220;][mk_icon_box2 icon_type=&#8220;image&#8220; icon_size=&#8220;128&#8243; icon_image=&#8220;https:\/\/www.lavanderina.it\/wp-content\/uploads\/2021\/06\/icona-cert.2.png&#8220; title=&#8220;DETERGENZA PULITA AIAB&#8220; title_size=&#8220;15&#8243; title_weight=&#8220;bold&#8220; title_color=&#8220;#144733&#8243; title_top_padding=&#8220;20&#8243; description_color=&#8220;#8e8e8e&#8220; el_class=&#8220;icona_aiab&#8220;]Detergenza Pulita AIAB ist das Zeichen des italienischen Verbandes f\u00fcr biologische Landwirtschaft, das die geringe Umweltbelastung und die Verwendung von biologischen Inhaltsstoffen bescheinigt.[\/mk_icon_box2][mk_padding_divider visibility=&#8220;hidden-sm&#8220;][\/vc_column][vc_column width=&#8220;1\/2&#8243;][mk_padding_divider visibility=&#8220;hidden-sm&#8220;][mk_padding_divider visibility=&#8220;hidden-sm&#8220;][mk_icon_box2 icon_type=&#8220;image&#8220; icon_size=&#8220;128&#8243; icon_image=&#8220;https:\/\/www.lavanderina.it\/wp-content\/uploads\/2021\/07\/eco-bio-veg.png&#8220; title=&#8220;ECO-BIO-VEGAN&#8220; title_size=&#8220;15&#8243; title_weight=&#8220;bold&#8220; title_color=&#8220;#144733&#8243; title_top_padding=&#8220;20&#8243; description_color=&#8220;#8e8e8e&#8220; el_class=&#8220;veganok&#8220;]Das ECO-BIO-VEGAN-Label ist eine ethische Zertifizierung, die bescheinigt, dass keine Inhaltsstoffe tierischen Ursprungs enthalten sind, und die den Kauf eines Produkts auf pflanzlicher Basis garantiert.[\/mk_icon_box2][mk_padding_divider][\/vc_column][\/vc_row][vc_row fullwidth=&#8220;true&#8220; fullwidth_content=&#8220;false&#8220; css=&#8220;.vc_custom_1624442112588{background-color: rgba(239,234,227,0.44) !important;*background-color: rgb(239,234,227) !important;}&#8220;][vc_column width=&#8220;1\/2&#8243;][mk_icon_box2 icon_type=&#8220;image&#8220; icon_size=&#8220;128&#8243; icon_image=&#8220;https:\/\/www.lavanderina.it\/wp-content\/uploads\/2021\/06\/icona-cert.1.png&#8220; title=&#8220;DERMATOLOGISCH GETESTET&#8220; title_size=&#8220;15&#8243; title_weight=&#8220;bold&#8220; title_color=&#8220;#144733&#8243; title_top_padding=&#8220;20&#8243; description_color=&#8220;#8e8e8e&#8220;]Wir unterziehen die Produkte, die am meisten mit der Haut in Ber\u00fchrung kommen, Hautvertr\u00e4glichkeitstests, um die Haut der Verbraucher zu sch\u00fctzen.[\/mk_icon_box2][mk_padding_divider size=&#8220;20&#8243;][\/vc_column][vc_column width=&#8220;1\/2&#8243;][mk_icon_box2 icon_type=&#8220;image&#8220; icon_size=&#8220;128&#8243; icon_image=&#8220;https:\/\/www.lavanderina.it\/wp-content\/uploads\/2021\/07\/eco-bio-control.png&#8220; title=&#8220;ECO-BIO-CONTROL&#8220; title_size=&#8220;15&#8243; title_weight=&#8220;bold&#8220; title_color=&#8220;#144733&#8243; title_top_padding=&#8220;20&#8243; description_color=&#8220;#8e8e8e&#8220;]ECO-BIO-CONTROL ist die Marke von Dr. Zago, einer Koryph\u00e4e in der Welt der umweltfreundlichen, nat\u00fcrlichen, veganen und nachhaltigen Reinigungsmittel und Kosmetika.[\/mk_icon_box2][mk_padding_divider][\/vc_column][\/vc_row][vc_row fullwidth=&#8220;true&#8220; fullwidth_content=&#8220;false&#8220; css=&#8220;.vc_custom_1624442112588{background-color: rgba(239,234,227,0.44) !important;*background-color: rgb(239,234,227) !important;}&#8220;][vc_column][mk_padding_divider size=&#8220;20&#8243;][mk_icon_box2 icon_type=&#8220;image&#8220; icon_size=&#8220;128&#8243; icon_image=&#8220;https:\/\/www.lavanderina.it\/wp-content\/uploads\/2021\/07\/cqy.png&#8220; title=&#8220;GMP BESCHEINIGUNGEN&#8220; title_size=&#8220;15&#8243; title_weight=&#8220;bold&#8220; title_color=&#8220;#144733&#8243; title_top_padding=&#8220;20&#8243; description_color=&#8220;#8e8e8e&#8220;]Das Regelwerk der Guten Herstellungspraxis (Good Manufacturing Practices, GMP) stellt sicher, dass die Produktion, in der Regel von Kosmetika und Lebensmitteln, nach den h\u00f6chsten Standards in Bezug auf Sauberkeit, Sicherheit, Organisation usw. erfolgt, um dem Verbraucher qualitativ hochwertige und sichere Produkte zu garantieren. Wir wenden sie im Bereich der Reinigungsmittel an und sind daf\u00fcr zertifiziert, was unser weitreichendes Engagement unterstreicht.[\/mk_icon_box2][mk_padding_divider][\/vc_column][\/vc_row][mk_page_section bg_color=&#8220;#bdd894&#8243; padding_top=&#8220;40&#8243; padding_bottom=&#8220;40&#8243; sidebar=&#8220;sidebar-1&#8243;][vc_column width=&#8220;1\/6&#8243;][\/vc_column][vc_column width=&#8220;2\/3&#8243;][mk_padding_divider size=&#8220;5&#8243;][mk_fancy_title tag_name=&#8220;h3&#8243; color=&#8220;#ffffff&#8220; size=&#8220;40&#8243; force_font_size=&#8220;true&#8220; size_tablet=&#8220;40&#8243; size_phone=&#8220;40&#8243; font_weight=&#8220;bold&#8220; txt_transform=&#8220;none&#8220; margin_bottom=&#8220;10&#8243; font_family=&#8220;Poppins&#8220; font_type=&#8220;google&#8220; align=&#8220;center&#8220; animation=&#8220;top-to-bottom&#8220;]Besuchen Sie den Online-Shop[\/mk_fancy_title][mk_fancy_title tag_name=&#8220;h3&#8243; color=&#8220;#ffffff&#8220; size=&#8220;15&#8243; force_font_size=&#8220;true&#8220; size_tablet=&#8220;16&#8243; size_phone=&#8220;16&#8243; line_height=&#8220;180&#8243; font_weight=&#8220;400&#8243; txt_transform=&#8220;none&#8220; margin_bottom=&#8220;0&#8243; font_family=&#8220;Poppins&#8220; font_type=&#8220;google&#8220; align=&#8220;center&#8220; animation=&#8220;top-to-bottom&#8220;]Alle unsere Produkte enthalten nur pflanzliche oder anderweitig Zutaten nicht sch\u00e4dlich f\u00fcr das \u00d6kosystem.[\/mk_fancy_title][mk_padding_divider size=&#8220;10&#8243; visibility=&#8220;visible-sm&#8220;][mk_button dimension=&#8220;flat&#8220; corner_style=&#8220;full_rounded&#8220; size=&#8220;medium&#8220; align=&#8220;center&#8220; margin_top=&#8220;15&#8243; animation=&#8220;fade-in&#8220; el_class=&#8220;bottone_cta&#8220; bg_color=&#8220;#ffffff&#8220; btn_hover_bg=&#8220;#ffffff&#8220; text_color=&#8220;dark&#8220;]BESUCHEN SIE DEN SHOP[\/mk_button][\/vc_column][vc_column width=&#8220;1\/6&#8243;][\/vc_column][\/mk_page_section]\n<\/div>","protected":false},"excerpt":{"rendered":"<p>[mk_page_section bg_image=&#8220;https:\/\/www.lavanderina.it\/wp-content\/uploads\/2021\/08\/certificazioni_pagina-scaled.jpg&#8220; bg_image_portrait=&#8220;https:\/\/www.lavanderina.it\/wp-content\/uploads\/2021\/07\/foto-onda_certificazioni_mobile.png&#8220; blend_mode=&#8220;multiply&#8220; bg_position=&#8220;center bottom&#8220; bg_repeat=&#8220;no-repeat&#8220; bg_stretch=&#8220;true&#8220; video_opacity=&#8220;0.2&#8243; adaptive_height=&#8220;true&#8220; min_height=&#8220;500&#8243; padding_top=&#8220;0&#8243; padding_bottom=&#8220;140&#8243; sidebar=&#8220;sidebar-1&#8243;][vc_column][mk_padding_divider size=&#8220;160&#8243; visibility=&#8220;hidden-sm&#8220;][mk_padding_divider size=&#8220;110&#8243;][mk_padding_divider size=&#8220;110&#8243; visibility=&#8220;visible-sm&#8220;][mk_fancy_title tag_name=&#8220;h5&#8243; color=&#8220;#ffffff&#8220; size=&#8220;18&#8243; force_font_size=&#8220;true&#8220; size_phone=&#8220;16&#8243; line_height=&#8220;90&#8243; font_weight=&#8220;600&#8243; txt_transform=&#8220;uppercase&#8220; letter_spacing=&#8220;1&#8243; margin_bottom=&#8220;0&#8243; font_family=&#8220;Poppins&#8220; font_type=&#8220;google&#8220;]lavanderina[\/mk_fancy_title][mk_fancy_title tag_name=&#8220;h1&#8243; color=&#8220;#ffffff&#8220; size=&#8220;56&#8243; force_font_size=&#8220;true&#8220; size_tablet=&#8220;45&#8243; size_phone=&#8220;40&#8243; line_height=&#8220;95&#8243; font_weight=&#8220;600&#8243; txt_transform=&#8220;none&#8220; margin_bottom=&#8220;0&#8243; font_family=&#8220;Poppins&#8220; font_type=&#8220;google&#8220;]Die Zertifizierungen[\/mk_fancy_title][\/vc_column][\/mk_page_section][vc_row][vc_column width=&#8220;1\/6&#8243;][\/vc_column][vc_column width=&#8220;2\/3&#8243;][mk_padding_divider][mk_fancy_title tag_name=&#8220;h3&#8243; color=&#8220;#bdd894&#8243; size=&#8220;40&#8243; force_font_size=&#8220;true&#8220; size_tablet=&#8220;40&#8243; size_phone=&#8220;40&#8243; font_weight=&#8220;bold&#8220; txt_transform=&#8220;none&#8220; margin_bottom=&#8220;10&#8243; [&hellip;]<\/p>\n","protected":false},"author":2,"featured_media":0,"parent":0,"menu_order":0,"comment_status":"closed","ping_status":"closed","template":"","meta":{"footnotes":""},"class_list":["post-7460","page","type-page","status-publish","hentry"],"yoast_head":"<!-- This site is optimized with the Yoast SEO plugin v24.8 - https:\/\/yoast.com\/wordpress\/plugins\/seo\/ -->\r\n<title>Unsere Zertifizierungen - Lavanderina<\/title>\r\n<meta name=\"robots\" content=\"index, follow, max-snippet:-1, max-image-preview:large, max-video-preview:-1\" \/>\r\n<link rel=\"canonical\" href=\"https:\/\/lavanderina.it\/de\/unsere-zertifizierungen\/\" \/>\r\n<meta property=\"og:locale\" content=\"de_DE\" \/>\r\n<meta property=\"og:type\" content=\"article\" \/>\r\n<meta property=\"og:title\" content=\"Unsere Zertifizierungen - Lavanderina\" \/>\r\n<meta property=\"og:description\" content=\"[mk_page_section bg_image=&#8220;https:\/\/www.lavanderina.it\/wp-content\/uploads\/2021\/08\/certificazioni_pagina-scaled.jpg&#8220; bg_image_portrait=&#8220;https:\/\/www.lavanderina.it\/wp-content\/uploads\/2021\/07\/foto-onda_certificazioni_mobile.png&#8220; blend_mode=&#8220;multiply&#8220; bg_position=&#8220;center bottom&#8220; bg_repeat=&#8220;no-repeat&#8220; bg_stretch=&#8220;true&#8220; video_opacity=&#8220;0.2&#8243; adaptive_height=&#8220;true&#8220; min_height=&#8220;500&#8243; padding_top=&#8220;0&#8243; padding_bottom=&#8220;140&#8243; sidebar=&#8220;sidebar-1&#8243;][vc_column][mk_padding_divider size=&#8220;160&#8243; visibility=&#8220;hidden-sm&#8220;][mk_padding_divider size=&#8220;110&#8243;][mk_padding_divider size=&#8220;110&#8243; visibility=&#8220;visible-sm&#8220;][mk_fancy_title tag_name=&#8220;h5&#8243; color=&#8220;#ffffff&#8220; size=&#8220;18&#8243; force_font_size=&#8220;true&#8220; size_phone=&#8220;16&#8243; line_height=&#8220;90&#8243; font_weight=&#8220;600&#8243; txt_transform=&#8220;uppercase&#8220; letter_spacing=&#8220;1&#8243; margin_bottom=&#8220;0&#8243; font_family=&#8220;Poppins&#8220; font_type=&#8220;google&#8220;]lavanderina[\/mk_fancy_title][mk_fancy_title tag_name=&#8220;h1&#8243; color=&#8220;#ffffff&#8220; size=&#8220;56&#8243; force_font_size=&#8220;true&#8220; size_tablet=&#8220;45&#8243; size_phone=&#8220;40&#8243; line_height=&#8220;95&#8243; font_weight=&#8220;600&#8243; txt_transform=&#8220;none&#8220; margin_bottom=&#8220;0&#8243; font_family=&#8220;Poppins&#8220; font_type=&#8220;google&#8220;]Die Zertifizierungen[\/mk_fancy_title][\/vc_column][\/mk_page_section][vc_row][vc_column width=&#8220;1\/6&#8243;][\/vc_column][vc_column width=&#8220;2\/3&#8243;][mk_padding_divider][mk_fancy_title tag_name=&#8220;h3&#8243; color=&#8220;#bdd894&#8243; size=&#8220;40&#8243; force_font_size=&#8220;true&#8220; size_tablet=&#8220;40&#8243; size_phone=&#8220;40&#8243; font_weight=&#8220;bold&#8220; txt_transform=&#8220;none&#8220; margin_bottom=&#8220;10&#8243; [&hellip;]\" \/>\r\n<meta property=\"og:url\" content=\"https:\/\/lavanderina.it\/de\/unsere-zertifizierungen\/\" \/>\r\n<meta property=\"og:site_name\" content=\"Lavanderina\" \/>\r\n<meta property=\"article:modified_time\" content=\"2021-10-18T07:56:41+00:00\" \/>\r\n<meta name=\"twitter:card\" content=\"summary_large_image\" \/>\r\n<meta name=\"twitter:label1\" content=\"Gesch\u00e4tzte Lesezeit\" \/>\n\t<meta name=\"twitter:data1\" content=\"6\u00a0Minuten\" \/>\r\n<script type=\"application\/ld+json\" class=\"yoast-schema-graph\">{\"@context\":\"https:\/\/schema.org\",\"@graph\":[{\"@type\":\"WebPage\",\"@id\":\"https:\/\/lavanderina.it\/de\/unsere-zertifizierungen\/\",\"url\":\"https:\/\/lavanderina.it\/de\/unsere-zertifizierungen\/\",\"name\":\"Unsere Zertifizierungen - Lavanderina\",\"isPartOf\":{\"@id\":\"https:\/\/lavanderina.it\/de\/#website\"},\"datePublished\":\"2021-10-18T07:56:29+00:00\",\"dateModified\":\"2021-10-18T07:56:41+00:00\",\"breadcrumb\":{\"@id\":\"https:\/\/lavanderina.it\/de\/unsere-zertifizierungen\/#breadcrumb\"},\"inLanguage\":\"de\",\"potentialAction\":[{\"@type\":\"ReadAction\",\"target\":[\"https:\/\/lavanderina.it\/de\/unsere-zertifizierungen\/\"]}]},{\"@type\":\"BreadcrumbList\",\"@id\":\"https:\/\/lavanderina.it\/de\/unsere-zertifizierungen\/#breadcrumb\",\"itemListElement\":[{\"@type\":\"ListItem\",\"position\":1,\"name\":\"Home\",\"item\":\"https:\/\/lavanderina.it\/de\/\"},{\"@type\":\"ListItem\",\"position\":2,\"name\":\"Unsere Zertifizierungen\"}]},{\"@type\":\"WebSite\",\"@id\":\"https:\/\/lavanderina.it\/de\/#website\",\"url\":\"https:\/\/lavanderina.it\/de\/\",\"name\":\"Lavanderina\",\"description\":\"Detersivi ecologici, biologici, sostenibili e vegani\",\"potentialAction\":[{\"@type\":\"SearchAction\",\"target\":{\"@type\":\"EntryPoint\",\"urlTemplate\":\"https:\/\/lavanderina.it\/de\/?s={search_term_string}\"},\"query-input\":{\"@type\":\"PropertyValueSpecification\",\"valueRequired\":true,\"valueName\":\"search_term_string\"}}],\"inLanguage\":\"de\"}]}<\/script>\r\n<!-- \/ Yoast SEO plugin. -->","yoast_head_json":{"title":"Unsere Zertifizierungen - Lavanderina","robots":{"index":"index","follow":"follow","max-snippet":"max-snippet:-1","max-image-preview":"max-image-preview:large","max-video-preview":"max-video-preview:-1"},"canonical":"https:\/\/lavanderina.it\/de\/unsere-zertifizierungen\/","og_locale":"de_DE","og_type":"article","og_title":"Unsere Zertifizierungen - Lavanderina","og_description":"[mk_page_section bg_image=&#8220;https:\/\/www.lavanderina.it\/wp-content\/uploads\/2021\/08\/certificazioni_pagina-scaled.jpg&#8220; bg_image_portrait=&#8220;https:\/\/www.lavanderina.it\/wp-content\/uploads\/2021\/07\/foto-onda_certificazioni_mobile.png&#8220; blend_mode=&#8220;multiply&#8220; bg_position=&#8220;center bottom&#8220; bg_repeat=&#8220;no-repeat&#8220; bg_stretch=&#8220;true&#8220; video_opacity=&#8220;0.2&#8243; adaptive_height=&#8220;true&#8220; min_height=&#8220;500&#8243; padding_top=&#8220;0&#8243; padding_bottom=&#8220;140&#8243; sidebar=&#8220;sidebar-1&#8243;][vc_column][mk_padding_divider size=&#8220;160&#8243; visibility=&#8220;hidden-sm&#8220;][mk_padding_divider size=&#8220;110&#8243;][mk_padding_divider size=&#8220;110&#8243; visibility=&#8220;visible-sm&#8220;][mk_fancy_title tag_name=&#8220;h5&#8243; color=&#8220;#ffffff&#8220; size=&#8220;18&#8243; force_font_size=&#8220;true&#8220; size_phone=&#8220;16&#8243; line_height=&#8220;90&#8243; font_weight=&#8220;600&#8243; txt_transform=&#8220;uppercase&#8220; letter_spacing=&#8220;1&#8243; margin_bottom=&#8220;0&#8243; font_family=&#8220;Poppins&#8220; font_type=&#8220;google&#8220;]lavanderina[\/mk_fancy_title][mk_fancy_title tag_name=&#8220;h1&#8243; color=&#8220;#ffffff&#8220; size=&#8220;56&#8243; force_font_size=&#8220;true&#8220; size_tablet=&#8220;45&#8243; size_phone=&#8220;40&#8243; line_height=&#8220;95&#8243; font_weight=&#8220;600&#8243; txt_transform=&#8220;none&#8220; margin_bottom=&#8220;0&#8243; font_family=&#8220;Poppins&#8220; font_type=&#8220;google&#8220;]Die Zertifizierungen[\/mk_fancy_title][\/vc_column][\/mk_page_section][vc_row][vc_column width=&#8220;1\/6&#8243;][\/vc_column][vc_column width=&#8220;2\/3&#8243;][mk_padding_divider][mk_fancy_title tag_name=&#8220;h3&#8243; color=&#8220;#bdd894&#8243; size=&#8220;40&#8243; force_font_size=&#8220;true&#8220; size_tablet=&#8220;40&#8243; size_phone=&#8220;40&#8243; font_weight=&#8220;bold&#8220; txt_transform=&#8220;none&#8220; margin_bottom=&#8220;10&#8243; [&hellip;]","og_url":"https:\/\/lavanderina.it\/de\/unsere-zertifizierungen\/","og_site_name":"Lavanderina","article_modified_time":"2021-10-18T07:56:41+00:00","twitter_card":"summary_large_image","twitter_misc":{"Gesch\u00e4tzte Lesezeit":"6\u00a0Minuten"},"schema":{"@context":"https:\/\/schema.org","@graph":[{"@type":"WebPage","@id":"https:\/\/lavanderina.it\/de\/unsere-zertifizierungen\/","url":"https:\/\/lavanderina.it\/de\/unsere-zertifizierungen\/","name":"Unsere Zertifizierungen - Lavanderina","isPartOf":{"@id":"https:\/\/lavanderina.it\/de\/#website"},"datePublished":"2021-10-18T07:56:29+00:00","dateModified":"2021-10-18T07:56:41+00:00","breadcrumb":{"@id":"https:\/\/lavanderina.it\/de\/unsere-zertifizierungen\/#breadcrumb"},"inLanguage":"de","potentialAction":[{"@type":"ReadAction","target":["https:\/\/lavanderina.it\/de\/unsere-zertifizierungen\/"]}]},{"@type":"BreadcrumbList","@id":"https:\/\/lavanderina.it\/de\/unsere-zertifizierungen\/#breadcrumb","itemListElement":[{"@type":"ListItem","position":1,"name":"Home","item":"https:\/\/lavanderina.it\/de\/"},{"@type":"ListItem","position":2,"name":"Unsere Zertifizierungen"}]},{"@type":"WebSite","@id":"https:\/\/lavanderina.it\/de\/#website","url":"https:\/\/lavanderina.it\/de\/","name":"Lavanderina","description":"Detersivi ecologici, biologici, sostenibili e vegani","potentialAction":[{"@type":"SearchAction","target":{"@type":"EntryPoint","urlTemplate":"https:\/\/lavanderina.it\/de\/?s={search_term_string}"},"query-input":{"@type":"PropertyValueSpecification","valueRequired":true,"valueName":"search_term_string"}}],"inLanguage":"de"}]}},"jetpack_sharing_enabled":true,"_links":{"self":[{"href":"https:\/\/lavanderina.it\/de\/wp-json\/wp\/v2\/pages\/7460","targetHints":{"allow":["GET"]}}],"collection":[{"href":"https:\/\/lavanderina.it\/de\/wp-json\/wp\/v2\/pages"}],"about":[{"href":"https:\/\/lavanderina.it\/de\/wp-json\/wp\/v2\/types\/page"}],"author":[{"embeddable":true,"href":"https:\/\/lavanderina.it\/de\/wp-json\/wp\/v2\/users\/2"}],"replies":[{"embeddable":true,"href":"https:\/\/lavanderina.it\/de\/wp-json\/wp\/v2\/comments?post=7460"}],"version-history":[{"count":2,"href":"https:\/\/lavanderina.it\/de\/wp-json\/wp\/v2\/pages\/7460\/revisions"}],"predecessor-version":[{"id":7462,"href":"https:\/\/lavanderina.it\/de\/wp-json\/wp\/v2\/pages\/7460\/revisions\/7462"}],"wp:attachment":[{"href":"https:\/\/lavanderina.it\/de\/wp-json\/wp\/v2\/media?parent=7460"}],"curies":[{"name":"wp","href":"https:\/\/api.w.org\/{rel}","templated":true}]}}