{"id":6482,"date":"2021-07-09T10:30:47","date_gmt":"2021-07-09T10:30:47","guid":{"rendered":"https:\/\/www.lavanderina.it\/prodotto\/6482\/"},"modified":"2025-03-18T13:11:23","modified_gmt":"2025-03-18T13:11:23","slug":"kalkentferner-multi-oberflachen-650ml","status":"publish","type":"product","link":"https:\/\/lavanderina.it\/de\/prodotto\/kalkentferner-multi-oberflachen-650ml\/","title":{"rendered":"Kalkentferner Multi-Oberfl\u00e4chen 650mL"},"content":{"rendered":"<p><strong>SICHER F\u00dcR DIE UMWELT:<\/strong> die Inhaltsstoffe sind leicht biologisch abbaubar und die Verpackung aus recyceltem Material ist unendlich oft recycelbar.<\/p>\n<p><strong>SICHER F\u00dcR DIE HAUT:<\/strong> die Formulierung setzt auf umweltfreundliche und \u00f6kologische Inhaltsstoffe. Das Produkt enth\u00e4lt keine Allergene.<\/p>\n<p><strong>SICHER F\u00dcR TIERE:<\/strong> es handelt sich um ein veganes Produkt, das keine Inhaltsstoffe tierischen Ursprungs enth\u00e4lt und f\u00fcr unsere Haustiere unsch\u00e4dlich und nicht beeintr\u00e4chtigend ist.<\/p>\n<p>&nbsp;<\/p>\n<p><strong>ANWENDUNG: <\/strong>direkt auf die zu reinigenden Oberfl\u00e4chen aufspr\u00fchen, einige Minuten einwirken lassen (1 &#8211; 2 Minuten) und dann absp\u00fclen. Bei hartn\u00e4ckiger Verkalkung den Vorgang wiederholen.<\/p>\n<p><strong>INCI\u00a0(INGREDIENTS): <\/strong>Aqua (Water), Citric Acid, Parfum (Fragrance), Sodium Coco-Sulfate, Capryloyl\/Caproyl Methyl Glucamide, Mentha Piperita (Peppermint) Leaf Extract (BIO), Thymus Vulgaris (Thyme) Extract (BIO).<\/p>\n    <div class=\"xs-review-box view-review-list\" id=\"xs-user-review-box\">\n\n        <h3 class=\"total-reivew-headding\">\n\t\t\t0 Reviews        <\/h3>\n        <div class=\"xs-review-box-item\">\n\n            <div\n                    class=\"xs-review-media review-full\">\n\n\t\t\t\t\n            <\/div>\n\n\t\t\t\n        <\/div>\n\n    <\/div>\n\n\t\n    <form action=\"https:\/\/lavanderina.it\/de\/prodotto\/kalkentferner-multi-oberflachen-650ml\/\"\n          name=\"xs_review_form_public_data\"\n          method=\"post\"\n          id=\"xs_review_form_public_data\">\n\n        <div class=\"xs-review-box public-xs-review-box\" id=\"xs-review-box\">\n            <h3 class=\"write-reivew-headding\">\n\t\t\t\tWrite a Review             <\/h3>\n\n\t\t\t\n            <div class=\"wur-review-fields\"> \t\t\t\t            <div class=\"xs-review xs-select\"\n\t\t\t\t                 style=\"display:block;\">\n\n\t\t\t\t\t            \t\t\t\t\t\t            <div class=\"xs-review-rating-stars text-center\">\n\t\t\t\t\t\t\t            <ul id=\"xs_review_stars\">\n\t\t\t\t\t\t\t\t            \t\t\t\t\t\t\t\t\t            <li class=\"star-li star  selected\" data-value=\"1\">\n\t\t\t\t\t\t\t\t\t\t            \t\t\t\t\t\t\t\t\t\t\t            <i class=\"xs-star dashicons-before dashicons-star-filled\"><\/i>\n\t\t\t\t\t\t\t\t\t\t            \t\t\t\t\t\t\t\t\t            <\/li>\n\t\t\t\t\t\t\t\t            \t\t\t\t\t\t\t\t\t            <li class=\"star-li star  \" data-value=\"2\">\n\t\t\t\t\t\t\t\t\t\t            \t\t\t\t\t\t\t\t\t\t\t            <i class=\"xs-star dashicons-before dashicons-star-filled\"><\/i>\n\t\t\t\t\t\t\t\t\t\t            \t\t\t\t\t\t\t\t\t            <\/li>\n\t\t\t\t\t\t\t\t            \t\t\t\t\t\t\t\t\t            <li class=\"star-li star  \" data-value=\"3\">\n\t\t\t\t\t\t\t\t\t\t            \t\t\t\t\t\t\t\t\t\t\t            <i class=\"xs-star dashicons-before dashicons-star-filled\"><\/i>\n\t\t\t\t\t\t\t\t\t\t            \t\t\t\t\t\t\t\t\t            <\/li>\n\t\t\t\t\t\t\t\t            \t\t\t\t\t\t\t\t\t            <li class=\"star-li star  \" data-value=\"4\">\n\t\t\t\t\t\t\t\t\t\t            \t\t\t\t\t\t\t\t\t\t\t            <i class=\"xs-star dashicons-before dashicons-star-filled\"><\/i>\n\t\t\t\t\t\t\t\t\t\t            \t\t\t\t\t\t\t\t\t            <\/li>\n\t\t\t\t\t\t\t\t            \t\t\t\t\t\t\t\t\t            <li class=\"star-li star  \" data-value=\"5\">\n\t\t\t\t\t\t\t\t\t\t            \t\t\t\t\t\t\t\t\t\t\t            <i class=\"xs-star dashicons-before dashicons-star-filled\"><\/i>\n\t\t\t\t\t\t\t\t\t\t            \t\t\t\t\t\t\t\t\t            <\/li>\n\t\t\t\t\t\t\t\t            \t\t\t\t\t\t\t            <\/ul>\n\t\t\t\t\t\t\t            <div id=\"review_data_show\"><\/div>\n\t\t\t\t\t\t\t            <input type=\"hidden\" id=\"ratting_review_hidden\"\n\t\t\t\t\t\t\t                   name=\"xs_submit_review_data[xs_reviwer_ratting]\"\n\t\t\t\t\t\t\t                   value=\"1\" 1 \/>\n\t\t\t\t\t\t            <\/div>\n\t\t\t\t\t            \t\t\t\t            <\/div>\n\t\t\t\t            \n\t\t\t\t            <div class=\"xs-review xs-text\"\n\t\t\t\t                 style=\"display:block;\">\n\n\t\t\t\t\t            <input type=\"text\"\n\t\t\t\t\t                   placeholder=\"Review Title\"\n\t\t\t\t\t                   id=\"xs_reviw_title\"\n\t\t\t\t\t                   class=\"widefat xs_reviw_title\"\n\t\t\t\t\t                   name=\"xs_submit_review_data[xs_reviw_title]\"\n\t\t\t\t\t                   value=\"\" 1 \/>\n\n\t\t\t\t            <\/div> \n\t\t\t\t            <div class=\"xs-review xs-text\"\n\t\t\t\t                 style=\"display:block;\">\n\n\t\t\t\t\t            <input type=\"text\"\n\t\t\t\t\t                   placeholder=\"Reviewer Name\"\n\t\t\t\t\t                   id=\"xs_reviwer_name\"\n\t\t\t\t\t                   class=\"widefat xs_reviwer_name\"\n\t\t\t\t\t                   name=\"xs_submit_review_data[xs_reviwer_name]\"\n\t\t\t\t\t                   value=\"\"  \/>\n\n\t\t\t\t            <\/div> \n\t\t\t\t            <div class=\"xs-review xs-text\"\n\t\t\t\t                 style=\"display:block;\">\n\n\t\t\t\t\t            <input type=\"text\"\n\t\t\t\t\t                   placeholder=\"Reviewer Email\"\n\t\t\t\t\t                   id=\"xs_reviwer_email\"\n\t\t\t\t\t                   class=\"widefat xs_reviwer_email\"\n\t\t\t\t\t                   name=\"xs_submit_review_data[xs_reviwer_email]\"\n\t\t\t\t\t                   value=\"\" 1 \/>\n\n\t\t\t\t            <\/div> \n\t\t\t\t            <div class=\"xs-review xs-text\"\n\t\t\t\t                 style=\"display:block;\">\n\n\t\t\t\t\t            <input type=\"text\"\n\t\t\t\t\t                   placeholder=\"Website\"\n\t\t\t\t\t                   id=\"xs_reviwer_website\"\n\t\t\t\t\t                   class=\"widefat xs_reviwer_website\"\n\t\t\t\t\t                   name=\"xs_submit_review_data[xs_reviwer_website]\"\n\t\t\t\t\t                   value=\"\"  \/>\n\n\t\t\t\t            <\/div> \n\t\t\t\t            <div class=\"xs-review xs-textarea\"\n\t\t\t\t                 style=\"display:block;\">\n\n                                    <textarea id=\"xs_reviw_summery\"\n                                              class=\"widefat xs_reviw_summery\"\n                                              name=\"xs_submit_review_data[xs_reviw_summery]\" 1                                              placeholder=\"Review Summary\"><\/textarea>\n\n\t\t\t\t            <\/div> \n                <input type=\"hidden\" value=\"6482\"\n                       name=\"xs_submit_review_data[xs_post_id]\" \/>\n\n                <input type=\"hidden\" value=\"product\"\n                       name=\"xs_submit_review_data[xs_post_type]\" \/>\n\n                <input type=\"hidden\" value=\"0\"\n                       name=\"xs_submit_review_data[xs_post_author]\" \/>\n\t\t\t\t<input type=\"hidden\" id=\"_wpnonce\" name=\"_wpnonce\" value=\"5c8d056e5f\" \/><input type=\"hidden\" name=\"_wp_http_referer\" value=\"\/de\/wp-json\/wp\/v2\/product\/6482\" \/>                <div class=\"xs-review xs-save-button\">\n                    <button type=\"submit\" name=\"xs_review_form_public_data\" class=\"xs-btn primary\">\n                        Submit Review                    <\/button>\n                <\/div>\n\n            <\/div>\n        <\/div>\n    <\/form>\n\n","protected":false},"excerpt":{"rendered":"<p>Produktkonzentrat auf der Basis von nat\u00fcrlichen S\u00e4uren und Tensiden nat\u00fcrlichen Ursprungs. Entfernt Kalkablagerungen und bringt Armaturen, Sanit\u00e4rkeramik, Fliesen, Duschkabinen und Sp\u00fclbecken aus Stahl zum Gl\u00e4nzen. Es eignet sich f\u00fcr alle Oberfl\u00e4chen au\u00dfer Marmor oder Oberfl\u00e4chen, f\u00fcr die die Verwendung von s\u00e4urehaltigen Substanzen nicht empfohlen wird. Im Zweifelsfall verwenden Sie das Produkt an einer verdeckten Stelle und pr\u00fcfen Sie, ob diese unbesch\u00e4digt bleibt.<\/p>\n","protected":false},"featured_media":10066,"comment_status":"closed","ping_status":"closed","template":"","meta":[],"product_brand":[],"product_cat":[65],"product_tag":[68,67,70,66,69],"class_list":{"0":"post-6482","1":"product","2":"type-product","3":"status-publish","4":"has-post-thumbnail","6":"product_cat-mehrzweckreiniger","7":"product_tag-allergenfrei","8":"product_tag-detergenza-eco-bio-aiab-de","9":"product_tag-eco-packaging-de","10":"product_tag-ecobiovegan-de","11":"product_tag-h-a-c-c-p-de","13":"first","14":"instock","15":"shipping-taxable","16":"product-type-simple"},"yoast_head":"<!-- This site is optimized with the Yoast SEO plugin v24.8 - https:\/\/yoast.com\/wordpress\/plugins\/seo\/ -->\r\n<title>Kalkentferner Multi-Oberfl\u00e4chen 650mL - Lavanderina<\/title>\r\n<meta name=\"robots\" content=\"index, follow, max-snippet:-1, max-image-preview:large, max-video-preview:-1\" \/>\r\n<link rel=\"canonical\" href=\"https:\/\/lavanderina.it\/de\/prodotto\/kalkentferner-multi-oberflachen-650ml\/\" \/>\r\n<meta property=\"og:locale\" content=\"de_DE\" \/>\r\n<meta property=\"og:type\" content=\"article\" \/>\r\n<meta property=\"og:title\" content=\"Kalkentferner Multi-Oberfl\u00e4chen 650mL - Lavanderina\" \/>\r\n<meta property=\"og:description\" content=\"Produktkonzentrat auf der Basis von nat\u00fcrlichen S\u00e4uren und Tensiden nat\u00fcrlichen Ursprungs. Entfernt Kalkablagerungen und bringt Armaturen, Sanit\u00e4rkeramik, Fliesen, Duschkabinen und Sp\u00fclbecken aus Stahl zum Gl\u00e4nzen. Es eignet sich f\u00fcr alle Oberfl\u00e4chen au\u00dfer Marmor oder Oberfl\u00e4chen, f\u00fcr die die Verwendung von s\u00e4urehaltigen Substanzen nicht empfohlen wird. Im Zweifelsfall verwenden Sie das Produkt an einer verdeckten Stelle und pr\u00fcfen Sie, ob diese unbesch\u00e4digt bleibt.\" \/>\r\n<meta property=\"og:url\" content=\"https:\/\/lavanderina.it\/de\/prodotto\/kalkentferner-multi-oberflachen-650ml\/\" \/>\r\n<meta property=\"og:site_name\" content=\"Lavanderina\" \/>\r\n<meta property=\"article:modified_time\" content=\"2025-03-18T13:11:23+00:00\" \/>\r\n<meta property=\"og:image\" content=\"https:\/\/www.lavanderina.it\/wp-content\/uploads\/2021\/07\/lavanderina-anticalcare-650ml.jpg\" \/>\r\n\t<meta property=\"og:image:width\" content=\"1000\" \/>\r\n\t<meta property=\"og:image:height\" content=\"1000\" \/>\r\n\t<meta property=\"og:image:type\" content=\"image\/jpeg\" \/>\r\n<meta name=\"twitter:card\" content=\"summary_large_image\" \/>\r\n<meta name=\"twitter:label1\" content=\"Gesch\u00e4tzte Lesezeit\" \/>\n\t<meta name=\"twitter:data1\" content=\"1\u00a0Minute\" \/>\r\n<script type=\"application\/ld+json\" class=\"yoast-schema-graph\">{\"@context\":\"https:\/\/schema.org\",\"@graph\":[{\"@type\":\"WebPage\",\"@id\":\"https:\/\/lavanderina.it\/de\/prodotto\/kalkentferner-multi-oberflachen-650ml\/\",\"url\":\"https:\/\/lavanderina.it\/de\/prodotto\/kalkentferner-multi-oberflachen-650ml\/\",\"name\":\"Kalkentferner Multi-Oberfl\u00e4chen 650mL - Lavanderina\",\"isPartOf\":{\"@id\":\"https:\/\/lavanderina.it\/de\/#website\"},\"primaryImageOfPage\":{\"@id\":\"https:\/\/lavanderina.it\/de\/prodotto\/kalkentferner-multi-oberflachen-650ml\/#primaryimage\"},\"image\":{\"@id\":\"https:\/\/lavanderina.it\/de\/prodotto\/kalkentferner-multi-oberflachen-650ml\/#primaryimage\"},\"thumbnailUrl\":\"https:\/\/www.lavanderina.it\/wp-content\/uploads\/2021\/07\/lavanderina-anticalcare-650ml.jpg\",\"datePublished\":\"2021-07-09T10:30:47+00:00\",\"dateModified\":\"2025-03-18T13:11:23+00:00\",\"breadcrumb\":{\"@id\":\"https:\/\/lavanderina.it\/de\/prodotto\/kalkentferner-multi-oberflachen-650ml\/#breadcrumb\"},\"inLanguage\":\"de\",\"potentialAction\":[{\"@type\":\"ReadAction\",\"target\":[\"https:\/\/lavanderina.it\/de\/prodotto\/kalkentferner-multi-oberflachen-650ml\/\"]}]},{\"@type\":\"ImageObject\",\"inLanguage\":\"de\",\"@id\":\"https:\/\/lavanderina.it\/de\/prodotto\/kalkentferner-multi-oberflachen-650ml\/#primaryimage\",\"url\":\"https:\/\/www.lavanderina.it\/wp-content\/uploads\/2021\/07\/lavanderina-anticalcare-650ml.jpg\",\"contentUrl\":\"https:\/\/www.lavanderina.it\/wp-content\/uploads\/2021\/07\/lavanderina-anticalcare-650ml.jpg\",\"width\":1000,\"height\":1000},{\"@type\":\"BreadcrumbList\",\"@id\":\"https:\/\/lavanderina.it\/de\/prodotto\/kalkentferner-multi-oberflachen-650ml\/#breadcrumb\",\"itemListElement\":[{\"@type\":\"ListItem\",\"position\":1,\"name\":\"Home\",\"item\":\"https:\/\/lavanderina.it\/de\/\"},{\"@type\":\"ListItem\",\"position\":2,\"name\":\"Shop\",\"item\":\"https:\/\/lavanderina.it\/negozio\/\"},{\"@type\":\"ListItem\",\"position\":3,\"name\":\"Kalkentferner Multi-Oberfl\u00e4chen 650mL\"}]},{\"@type\":\"WebSite\",\"@id\":\"https:\/\/lavanderina.it\/de\/#website\",\"url\":\"https:\/\/lavanderina.it\/de\/\",\"name\":\"Lavanderina\",\"description\":\"Detersivi ecologici, biologici, sostenibili e vegani\",\"potentialAction\":[{\"@type\":\"SearchAction\",\"target\":{\"@type\":\"EntryPoint\",\"urlTemplate\":\"https:\/\/lavanderina.it\/de\/?s={search_term_string}\"},\"query-input\":{\"@type\":\"PropertyValueSpecification\",\"valueRequired\":true,\"valueName\":\"search_term_string\"}}],\"inLanguage\":\"de\"}]}<\/script>\r\n<!-- \/ Yoast SEO plugin. -->","yoast_head_json":{"title":"Kalkentferner Multi-Oberfl\u00e4chen 650mL - Lavanderina","robots":{"index":"index","follow":"follow","max-snippet":"max-snippet:-1","max-image-preview":"max-image-preview:large","max-video-preview":"max-video-preview:-1"},"canonical":"https:\/\/lavanderina.it\/de\/prodotto\/kalkentferner-multi-oberflachen-650ml\/","og_locale":"de_DE","og_type":"article","og_title":"Kalkentferner Multi-Oberfl\u00e4chen 650mL - Lavanderina","og_description":"Produktkonzentrat auf der Basis von nat\u00fcrlichen S\u00e4uren und Tensiden nat\u00fcrlichen Ursprungs. Entfernt Kalkablagerungen und bringt Armaturen, Sanit\u00e4rkeramik, Fliesen, Duschkabinen und Sp\u00fclbecken aus Stahl zum Gl\u00e4nzen. Es eignet sich f\u00fcr alle Oberfl\u00e4chen au\u00dfer Marmor oder Oberfl\u00e4chen, f\u00fcr die die Verwendung von s\u00e4urehaltigen Substanzen nicht empfohlen wird. Im Zweifelsfall verwenden Sie das Produkt an einer verdeckten Stelle und pr\u00fcfen Sie, ob diese unbesch\u00e4digt bleibt.","og_url":"https:\/\/lavanderina.it\/de\/prodotto\/kalkentferner-multi-oberflachen-650ml\/","og_site_name":"Lavanderina","article_modified_time":"2025-03-18T13:11:23+00:00","og_image":[{"width":1000,"height":1000,"url":"https:\/\/www.lavanderina.it\/wp-content\/uploads\/2021\/07\/lavanderina-anticalcare-650ml.jpg","type":"image\/jpeg"}],"twitter_card":"summary_large_image","twitter_misc":{"Gesch\u00e4tzte Lesezeit":"1\u00a0Minute"},"schema":{"@context":"https:\/\/schema.org","@graph":[{"@type":"WebPage","@id":"https:\/\/lavanderina.it\/de\/prodotto\/kalkentferner-multi-oberflachen-650ml\/","url":"https:\/\/lavanderina.it\/de\/prodotto\/kalkentferner-multi-oberflachen-650ml\/","name":"Kalkentferner Multi-Oberfl\u00e4chen 650mL - Lavanderina","isPartOf":{"@id":"https:\/\/lavanderina.it\/de\/#website"},"primaryImageOfPage":{"@id":"https:\/\/lavanderina.it\/de\/prodotto\/kalkentferner-multi-oberflachen-650ml\/#primaryimage"},"image":{"@id":"https:\/\/lavanderina.it\/de\/prodotto\/kalkentferner-multi-oberflachen-650ml\/#primaryimage"},"thumbnailUrl":"https:\/\/www.lavanderina.it\/wp-content\/uploads\/2021\/07\/lavanderina-anticalcare-650ml.jpg","datePublished":"2021-07-09T10:30:47+00:00","dateModified":"2025-03-18T13:11:23+00:00","breadcrumb":{"@id":"https:\/\/lavanderina.it\/de\/prodotto\/kalkentferner-multi-oberflachen-650ml\/#breadcrumb"},"inLanguage":"de","potentialAction":[{"@type":"ReadAction","target":["https:\/\/lavanderina.it\/de\/prodotto\/kalkentferner-multi-oberflachen-650ml\/"]}]},{"@type":"ImageObject","inLanguage":"de","@id":"https:\/\/lavanderina.it\/de\/prodotto\/kalkentferner-multi-oberflachen-650ml\/#primaryimage","url":"https:\/\/www.lavanderina.it\/wp-content\/uploads\/2021\/07\/lavanderina-anticalcare-650ml.jpg","contentUrl":"https:\/\/www.lavanderina.it\/wp-content\/uploads\/2021\/07\/lavanderina-anticalcare-650ml.jpg","width":1000,"height":1000},{"@type":"BreadcrumbList","@id":"https:\/\/lavanderina.it\/de\/prodotto\/kalkentferner-multi-oberflachen-650ml\/#breadcrumb","itemListElement":[{"@type":"ListItem","position":1,"name":"Home","item":"https:\/\/lavanderina.it\/de\/"},{"@type":"ListItem","position":2,"name":"Shop","item":"https:\/\/lavanderina.it\/negozio\/"},{"@type":"ListItem","position":3,"name":"Kalkentferner Multi-Oberfl\u00e4chen 650mL"}]},{"@type":"WebSite","@id":"https:\/\/lavanderina.it\/de\/#website","url":"https:\/\/lavanderina.it\/de\/","name":"Lavanderina","description":"Detersivi ecologici, biologici, sostenibili e vegani","potentialAction":[{"@type":"SearchAction","target":{"@type":"EntryPoint","urlTemplate":"https:\/\/lavanderina.it\/de\/?s={search_term_string}"},"query-input":{"@type":"PropertyValueSpecification","valueRequired":true,"valueName":"search_term_string"}}],"inLanguage":"de"}]}},"jetpack_sharing_enabled":true,"_links":{"self":[{"href":"https:\/\/lavanderina.it\/de\/wp-json\/wp\/v2\/product\/6482","targetHints":{"allow":["GET"]}}],"collection":[{"href":"https:\/\/lavanderina.it\/de\/wp-json\/wp\/v2\/product"}],"about":[{"href":"https:\/\/lavanderina.it\/de\/wp-json\/wp\/v2\/types\/product"}],"replies":[{"embeddable":true,"href":"https:\/\/lavanderina.it\/de\/wp-json\/wp\/v2\/comments?post=6482"}],"wp:featuredmedia":[{"embeddable":true,"href":"https:\/\/lavanderina.it\/de\/wp-json\/wp\/v2\/media\/10066"}],"wp:attachment":[{"href":"https:\/\/lavanderina.it\/de\/wp-json\/wp\/v2\/media?parent=6482"}],"wp:term":[{"taxonomy":"product_brand","embeddable":true,"href":"https:\/\/lavanderina.it\/de\/wp-json\/wp\/v2\/product_brand?post=6482"},{"taxonomy":"product_cat","embeddable":true,"href":"https:\/\/lavanderina.it\/de\/wp-json\/wp\/v2\/product_cat?post=6482"},{"taxonomy":"product_tag","embeddable":true,"href":"https:\/\/lavanderina.it\/de\/wp-json\/wp\/v2\/product_tag?post=6482"}],"curies":[{"name":"wp","href":"https:\/\/api.w.org\/{rel}","templated":true}]}}