{"id":6576,"date":"2021-07-08T08:46:56","date_gmt":"2021-07-08T08:46:56","guid":{"rendered":"https:\/\/www.lavanderina.it\/prodotto\/weichspuler-konzentrat-blumenduft-2000ml\/"},"modified":"2025-03-18T11:22:58","modified_gmt":"2025-03-18T11:22:58","slug":"weichspuler-konzentrat-blumenduft-2000ml","status":"publish","type":"product","link":"https:\/\/lavanderina.it\/de\/prodotto\/weichspuler-konzentrat-blumenduft-2000ml\/","title":{"rendered":"Weichsp\u00fcler Konzentrat Blumenduft 2000mL"},"content":{"rendered":"<p><strong>SICHER F\u00dcR DIE UMWELT:<\/strong> die Inhaltsstoffe sind leicht biologisch abbaubar und die Verpackung aus recyceltem Material ist unendlich oft recycelbar.<\/p>\n<p><strong>SICHER F\u00dcR DIE HAUT:<\/strong> die Formulierung setzt auf umweltfreundliche und \u00f6kologische Inhaltsstoffe. Das Produkt enth\u00e4lt keine Allergene und ist dermatologisch getestet.<\/p>\n<p><strong>SICHER F\u00dcR TIERE:<\/strong> es handelt sich um ein veganes Produkt, das keine Inhaltsstoffe tierischen Ursprungs enth\u00e4lt und f\u00fcr unsere Haustiere unsch\u00e4dlich und nicht beeintr\u00e4chtigend ist.<\/p>\n<p>ITALIAN PATENT PENDING<\/p>\n<p>&nbsp;<\/p>\n<p><strong>ANWENDUNG: <\/strong>verwenden Sie 20 ml pro Waschgang, Maschinenw\u00e4sche oder Handw\u00e4sche. F\u00fcgen Sie 10 ml Waschmittel hinzu, um eine zus\u00e4tzliche Wirkung zu erzielen.<\/p>\n<p><strong>INCI (INGREDIENTS):<\/strong> Aqua (Water), Reaction Products of C18 (Unsaturated) Fatty Acids And Dimethyl Sulfate And Triethanolamine, Citric Acid, Phenoxyethanol, Isopropyl Alcohol, Aloe Barbadensis Leaf Juice (BIO), Thymus Vulgaris (Thyme) Leaf Extract (BIO), Parfum (Fragrance).<\/p>\n    <div class=\"xs-review-box view-review-list\" id=\"xs-user-review-box\">\n\n        <h3 class=\"total-reivew-headding\">\n\t\t\t0 Reviews        <\/h3>\n        <div class=\"xs-review-box-item\">\n\n            <div\n                    class=\"xs-review-media review-full\">\n\n\t\t\t\t\n            <\/div>\n\n\t\t\t\n        <\/div>\n\n    <\/div>\n\n\t\n    <form action=\"https:\/\/lavanderina.it\/de\/prodotto\/weichspuler-konzentrat-blumenduft-2000ml\/\"\n          name=\"xs_review_form_public_data\"\n          method=\"post\"\n          id=\"xs_review_form_public_data\">\n\n        <div class=\"xs-review-box public-xs-review-box\" id=\"xs-review-box\">\n            <h3 class=\"write-reivew-headding\">\n\t\t\t\tWrite a Review             <\/h3>\n\n\t\t\t\n            <div class=\"wur-review-fields\"> \t\t\t\t            <div class=\"xs-review xs-select\"\n\t\t\t\t                 style=\"display:block;\">\n\n\t\t\t\t\t            \t\t\t\t\t\t            <div class=\"xs-review-rating-stars text-center\">\n\t\t\t\t\t\t\t            <ul id=\"xs_review_stars\">\n\t\t\t\t\t\t\t\t            \t\t\t\t\t\t\t\t\t            <li class=\"star-li star  selected\" data-value=\"1\">\n\t\t\t\t\t\t\t\t\t\t            \t\t\t\t\t\t\t\t\t\t\t            <i class=\"xs-star dashicons-before dashicons-star-filled\"><\/i>\n\t\t\t\t\t\t\t\t\t\t            \t\t\t\t\t\t\t\t\t            <\/li>\n\t\t\t\t\t\t\t\t            \t\t\t\t\t\t\t\t\t            <li class=\"star-li star  \" data-value=\"2\">\n\t\t\t\t\t\t\t\t\t\t            \t\t\t\t\t\t\t\t\t\t\t            <i class=\"xs-star dashicons-before dashicons-star-filled\"><\/i>\n\t\t\t\t\t\t\t\t\t\t            \t\t\t\t\t\t\t\t\t            <\/li>\n\t\t\t\t\t\t\t\t            \t\t\t\t\t\t\t\t\t            <li class=\"star-li star  \" data-value=\"3\">\n\t\t\t\t\t\t\t\t\t\t            \t\t\t\t\t\t\t\t\t\t\t            <i class=\"xs-star dashicons-before dashicons-star-filled\"><\/i>\n\t\t\t\t\t\t\t\t\t\t            \t\t\t\t\t\t\t\t\t            <\/li>\n\t\t\t\t\t\t\t\t            \t\t\t\t\t\t\t\t\t            <li class=\"star-li star  \" data-value=\"4\">\n\t\t\t\t\t\t\t\t\t\t            \t\t\t\t\t\t\t\t\t\t\t            <i class=\"xs-star dashicons-before dashicons-star-filled\"><\/i>\n\t\t\t\t\t\t\t\t\t\t            \t\t\t\t\t\t\t\t\t            <\/li>\n\t\t\t\t\t\t\t\t            \t\t\t\t\t\t\t\t\t            <li class=\"star-li star  \" data-value=\"5\">\n\t\t\t\t\t\t\t\t\t\t            \t\t\t\t\t\t\t\t\t\t\t            <i class=\"xs-star dashicons-before dashicons-star-filled\"><\/i>\n\t\t\t\t\t\t\t\t\t\t            \t\t\t\t\t\t\t\t\t            <\/li>\n\t\t\t\t\t\t\t\t            \t\t\t\t\t\t\t            <\/ul>\n\t\t\t\t\t\t\t            <div id=\"review_data_show\"><\/div>\n\t\t\t\t\t\t\t            <input type=\"hidden\" id=\"ratting_review_hidden\"\n\t\t\t\t\t\t\t                   name=\"xs_submit_review_data[xs_reviwer_ratting]\"\n\t\t\t\t\t\t\t                   value=\"1\" 1 \/>\n\t\t\t\t\t\t            <\/div>\n\t\t\t\t\t            \t\t\t\t            <\/div>\n\t\t\t\t            \n\t\t\t\t            <div class=\"xs-review xs-text\"\n\t\t\t\t                 style=\"display:block;\">\n\n\t\t\t\t\t            <input type=\"text\"\n\t\t\t\t\t                   placeholder=\"Review Title\"\n\t\t\t\t\t                   id=\"xs_reviw_title\"\n\t\t\t\t\t                   class=\"widefat xs_reviw_title\"\n\t\t\t\t\t                   name=\"xs_submit_review_data[xs_reviw_title]\"\n\t\t\t\t\t                   value=\"\" 1 \/>\n\n\t\t\t\t            <\/div> \n\t\t\t\t            <div class=\"xs-review xs-text\"\n\t\t\t\t                 style=\"display:block;\">\n\n\t\t\t\t\t            <input type=\"text\"\n\t\t\t\t\t                   placeholder=\"Reviewer Name\"\n\t\t\t\t\t                   id=\"xs_reviwer_name\"\n\t\t\t\t\t                   class=\"widefat xs_reviwer_name\"\n\t\t\t\t\t                   name=\"xs_submit_review_data[xs_reviwer_name]\"\n\t\t\t\t\t                   value=\"\"  \/>\n\n\t\t\t\t            <\/div> \n\t\t\t\t            <div class=\"xs-review xs-text\"\n\t\t\t\t                 style=\"display:block;\">\n\n\t\t\t\t\t            <input type=\"text\"\n\t\t\t\t\t                   placeholder=\"Reviewer Email\"\n\t\t\t\t\t                   id=\"xs_reviwer_email\"\n\t\t\t\t\t                   class=\"widefat xs_reviwer_email\"\n\t\t\t\t\t                   name=\"xs_submit_review_data[xs_reviwer_email]\"\n\t\t\t\t\t                   value=\"\" 1 \/>\n\n\t\t\t\t            <\/div> \n\t\t\t\t            <div class=\"xs-review xs-text\"\n\t\t\t\t                 style=\"display:block;\">\n\n\t\t\t\t\t            <input type=\"text\"\n\t\t\t\t\t                   placeholder=\"Website\"\n\t\t\t\t\t                   id=\"xs_reviwer_website\"\n\t\t\t\t\t                   class=\"widefat xs_reviwer_website\"\n\t\t\t\t\t                   name=\"xs_submit_review_data[xs_reviwer_website]\"\n\t\t\t\t\t                   value=\"\"  \/>\n\n\t\t\t\t            <\/div> \n\t\t\t\t            <div class=\"xs-review xs-textarea\"\n\t\t\t\t                 style=\"display:block;\">\n\n                                    <textarea id=\"xs_reviw_summery\"\n                                              class=\"widefat xs_reviw_summery\"\n                                              name=\"xs_submit_review_data[xs_reviw_summery]\" 1                                              placeholder=\"Review Summary\"><\/textarea>\n\n\t\t\t\t            <\/div> \n                <input type=\"hidden\" value=\"6576\"\n                       name=\"xs_submit_review_data[xs_post_id]\" \/>\n\n                <input type=\"hidden\" value=\"product\"\n                       name=\"xs_submit_review_data[xs_post_type]\" \/>\n\n                <input type=\"hidden\" value=\"0\"\n                       name=\"xs_submit_review_data[xs_post_author]\" \/>\n\t\t\t\t<input type=\"hidden\" id=\"_wpnonce\" name=\"_wpnonce\" value=\"5c8d056e5f\" \/><input type=\"hidden\" name=\"_wp_http_referer\" value=\"\/de\/wp-json\/wp\/v2\/product\/6576\" \/>                <div class=\"xs-review xs-save-button\">\n                    <button type=\"submit\" name=\"xs_review_form_public_data\" class=\"xs-btn primary\">\n                        Submit Review                    <\/button>\n                <\/div>\n\n            <\/div>\n        <\/div>\n    <\/form>\n\n","protected":false},"excerpt":{"rendered":"<p>Produkt geeignet f\u00fcr wei\u00dfe, schwarze und farbige Kleidungsst\u00fccke, auch f\u00fcr empfindliche Stoffe anwendbar. Seine spezielle Formel macht Ihre W\u00e4sche weicher, leichter zu b\u00fcgeln und sorgt f\u00fcr einen lang anhaltenden Duft. Die enthaltene Zitronens\u00e4ure stellt au\u00dferdem den physiologischen pH-Wert des Gewebes wieder her und tr\u00e4gt zur Verringerung von Kalkablagerungen bei, die die Ursache f\u00fcr steife Fasern sind.<\/p>\n<p><a href=\"https:\/\/www.amazon.it\/Lavanderina-Ammorbidente-Concentrato-Lavatrice-Ecologico\/dp\/B0DY7WBQY9\" target=\"_blank\" rel=\"noopener\">Jetzt kaufen<\/a><\/p>\n","protected":false},"featured_media":10032,"comment_status":"closed","ping_status":"closed","template":"","meta":[],"product_brand":[],"product_cat":[85],"product_tag":[68,80,67,70,66,69],"class_list":{"0":"post-6576","1":"product","2":"type-product","3":"status-publish","4":"has-post-thumbnail","6":"product_cat-waschmittel","7":"product_tag-allergenfrei","8":"product_tag-dermatologisch-getestet","9":"product_tag-detergenza-eco-bio-aiab-de","10":"product_tag-eco-packaging-de","11":"product_tag-ecobiovegan-de","12":"product_tag-h-a-c-c-p-de","14":"first","15":"instock","16":"shipping-taxable","17":"product-type-simple"},"yoast_head":"<!-- This site is optimized with the Yoast SEO plugin v24.8 - https:\/\/yoast.com\/wordpress\/plugins\/seo\/ -->\r\n<title>Weichsp\u00fcler Konzentrat Blumenduft 2000mL - Lavanderina<\/title>\r\n<meta name=\"robots\" content=\"index, follow, max-snippet:-1, max-image-preview:large, max-video-preview:-1\" \/>\r\n<link rel=\"canonical\" href=\"https:\/\/lavanderina.it\/de\/prodotto\/weichspuler-konzentrat-blumenduft-2000ml\/\" \/>\r\n<meta property=\"og:locale\" content=\"de_DE\" \/>\r\n<meta property=\"og:type\" content=\"article\" \/>\r\n<meta property=\"og:title\" content=\"Weichsp\u00fcler Konzentrat Blumenduft 2000mL - Lavanderina\" \/>\r\n<meta property=\"og:description\" content=\"Produkt geeignet f\u00fcr wei\u00dfe, schwarze und farbige Kleidungsst\u00fccke, auch f\u00fcr empfindliche Stoffe anwendbar. Seine spezielle Formel macht Ihre W\u00e4sche weicher, leichter zu b\u00fcgeln und sorgt f\u00fcr einen lang anhaltenden Duft. Die enthaltene Zitronens\u00e4ure stellt au\u00dferdem den physiologischen pH-Wert des Gewebes wieder her und tr\u00e4gt zur Verringerung von Kalkablagerungen bei, die die Ursache f\u00fcr steife Fasern sind.  Jetzt kaufen\" \/>\r\n<meta property=\"og:url\" content=\"https:\/\/lavanderina.it\/de\/prodotto\/weichspuler-konzentrat-blumenduft-2000ml\/\" \/>\r\n<meta property=\"og:site_name\" content=\"Lavanderina\" \/>\r\n<meta property=\"article:modified_time\" content=\"2025-03-18T11:22:58+00:00\" \/>\r\n<meta property=\"og:image\" content=\"https:\/\/www.lavanderina.it\/wp-content\/uploads\/2021\/07\/lavanderina-ammorbidente-fiorito-2000ml.jpg\" \/>\r\n\t<meta property=\"og:image:width\" content=\"1000\" \/>\r\n\t<meta property=\"og:image:height\" content=\"1000\" \/>\r\n\t<meta property=\"og:image:type\" content=\"image\/jpeg\" \/>\r\n<meta name=\"twitter:card\" content=\"summary_large_image\" \/>\r\n<meta name=\"twitter:label1\" content=\"Gesch\u00e4tzte Lesezeit\" \/>\n\t<meta name=\"twitter:data1\" content=\"1\u00a0Minute\" \/>\r\n<script type=\"application\/ld+json\" class=\"yoast-schema-graph\">{\"@context\":\"https:\/\/schema.org\",\"@graph\":[{\"@type\":\"WebPage\",\"@id\":\"https:\/\/lavanderina.it\/de\/prodotto\/weichspuler-konzentrat-blumenduft-2000ml\/\",\"url\":\"https:\/\/lavanderina.it\/de\/prodotto\/weichspuler-konzentrat-blumenduft-2000ml\/\",\"name\":\"Weichsp\u00fcler Konzentrat Blumenduft 2000mL - Lavanderina\",\"isPartOf\":{\"@id\":\"https:\/\/lavanderina.it\/de\/#website\"},\"primaryImageOfPage\":{\"@id\":\"https:\/\/lavanderina.it\/de\/prodotto\/weichspuler-konzentrat-blumenduft-2000ml\/#primaryimage\"},\"image\":{\"@id\":\"https:\/\/lavanderina.it\/de\/prodotto\/weichspuler-konzentrat-blumenduft-2000ml\/#primaryimage\"},\"thumbnailUrl\":\"https:\/\/www.lavanderina.it\/wp-content\/uploads\/2021\/07\/lavanderina-ammorbidente-fiorito-2000ml.jpg\",\"datePublished\":\"2021-07-08T08:46:56+00:00\",\"dateModified\":\"2025-03-18T11:22:58+00:00\",\"breadcrumb\":{\"@id\":\"https:\/\/lavanderina.it\/de\/prodotto\/weichspuler-konzentrat-blumenduft-2000ml\/#breadcrumb\"},\"inLanguage\":\"de\",\"potentialAction\":[{\"@type\":\"ReadAction\",\"target\":[\"https:\/\/lavanderina.it\/de\/prodotto\/weichspuler-konzentrat-blumenduft-2000ml\/\"]}]},{\"@type\":\"ImageObject\",\"inLanguage\":\"de\",\"@id\":\"https:\/\/lavanderina.it\/de\/prodotto\/weichspuler-konzentrat-blumenduft-2000ml\/#primaryimage\",\"url\":\"https:\/\/www.lavanderina.it\/wp-content\/uploads\/2021\/07\/lavanderina-ammorbidente-fiorito-2000ml.jpg\",\"contentUrl\":\"https:\/\/www.lavanderina.it\/wp-content\/uploads\/2021\/07\/lavanderina-ammorbidente-fiorito-2000ml.jpg\",\"width\":1000,\"height\":1000},{\"@type\":\"BreadcrumbList\",\"@id\":\"https:\/\/lavanderina.it\/de\/prodotto\/weichspuler-konzentrat-blumenduft-2000ml\/#breadcrumb\",\"itemListElement\":[{\"@type\":\"ListItem\",\"position\":1,\"name\":\"Home\",\"item\":\"https:\/\/lavanderina.it\/de\/\"},{\"@type\":\"ListItem\",\"position\":2,\"name\":\"Shop\",\"item\":\"https:\/\/lavanderina.it\/negozio\/\"},{\"@type\":\"ListItem\",\"position\":3,\"name\":\"Weichsp\u00fcler Konzentrat Blumenduft 2000mL\"}]},{\"@type\":\"WebSite\",\"@id\":\"https:\/\/lavanderina.it\/de\/#website\",\"url\":\"https:\/\/lavanderina.it\/de\/\",\"name\":\"Lavanderina\",\"description\":\"Detersivi ecologici, biologici, sostenibili e vegani\",\"potentialAction\":[{\"@type\":\"SearchAction\",\"target\":{\"@type\":\"EntryPoint\",\"urlTemplate\":\"https:\/\/lavanderina.it\/de\/?s={search_term_string}\"},\"query-input\":{\"@type\":\"PropertyValueSpecification\",\"valueRequired\":true,\"valueName\":\"search_term_string\"}}],\"inLanguage\":\"de\"}]}<\/script>\r\n<!-- \/ Yoast SEO plugin. -->","yoast_head_json":{"title":"Weichsp\u00fcler Konzentrat Blumenduft 2000mL - Lavanderina","robots":{"index":"index","follow":"follow","max-snippet":"max-snippet:-1","max-image-preview":"max-image-preview:large","max-video-preview":"max-video-preview:-1"},"canonical":"https:\/\/lavanderina.it\/de\/prodotto\/weichspuler-konzentrat-blumenduft-2000ml\/","og_locale":"de_DE","og_type":"article","og_title":"Weichsp\u00fcler Konzentrat Blumenduft 2000mL - Lavanderina","og_description":"Produkt geeignet f\u00fcr wei\u00dfe, schwarze und farbige Kleidungsst\u00fccke, auch f\u00fcr empfindliche Stoffe anwendbar. Seine spezielle Formel macht Ihre W\u00e4sche weicher, leichter zu b\u00fcgeln und sorgt f\u00fcr einen lang anhaltenden Duft. Die enthaltene Zitronens\u00e4ure stellt au\u00dferdem den physiologischen pH-Wert des Gewebes wieder her und tr\u00e4gt zur Verringerung von Kalkablagerungen bei, die die Ursache f\u00fcr steife Fasern sind.  Jetzt kaufen","og_url":"https:\/\/lavanderina.it\/de\/prodotto\/weichspuler-konzentrat-blumenduft-2000ml\/","og_site_name":"Lavanderina","article_modified_time":"2025-03-18T11:22:58+00:00","og_image":[{"width":1000,"height":1000,"url":"https:\/\/www.lavanderina.it\/wp-content\/uploads\/2021\/07\/lavanderina-ammorbidente-fiorito-2000ml.jpg","type":"image\/jpeg"}],"twitter_card":"summary_large_image","twitter_misc":{"Gesch\u00e4tzte Lesezeit":"1\u00a0Minute"},"schema":{"@context":"https:\/\/schema.org","@graph":[{"@type":"WebPage","@id":"https:\/\/lavanderina.it\/de\/prodotto\/weichspuler-konzentrat-blumenduft-2000ml\/","url":"https:\/\/lavanderina.it\/de\/prodotto\/weichspuler-konzentrat-blumenduft-2000ml\/","name":"Weichsp\u00fcler Konzentrat Blumenduft 2000mL - Lavanderina","isPartOf":{"@id":"https:\/\/lavanderina.it\/de\/#website"},"primaryImageOfPage":{"@id":"https:\/\/lavanderina.it\/de\/prodotto\/weichspuler-konzentrat-blumenduft-2000ml\/#primaryimage"},"image":{"@id":"https:\/\/lavanderina.it\/de\/prodotto\/weichspuler-konzentrat-blumenduft-2000ml\/#primaryimage"},"thumbnailUrl":"https:\/\/www.lavanderina.it\/wp-content\/uploads\/2021\/07\/lavanderina-ammorbidente-fiorito-2000ml.jpg","datePublished":"2021-07-08T08:46:56+00:00","dateModified":"2025-03-18T11:22:58+00:00","breadcrumb":{"@id":"https:\/\/lavanderina.it\/de\/prodotto\/weichspuler-konzentrat-blumenduft-2000ml\/#breadcrumb"},"inLanguage":"de","potentialAction":[{"@type":"ReadAction","target":["https:\/\/lavanderina.it\/de\/prodotto\/weichspuler-konzentrat-blumenduft-2000ml\/"]}]},{"@type":"ImageObject","inLanguage":"de","@id":"https:\/\/lavanderina.it\/de\/prodotto\/weichspuler-konzentrat-blumenduft-2000ml\/#primaryimage","url":"https:\/\/www.lavanderina.it\/wp-content\/uploads\/2021\/07\/lavanderina-ammorbidente-fiorito-2000ml.jpg","contentUrl":"https:\/\/www.lavanderina.it\/wp-content\/uploads\/2021\/07\/lavanderina-ammorbidente-fiorito-2000ml.jpg","width":1000,"height":1000},{"@type":"BreadcrumbList","@id":"https:\/\/lavanderina.it\/de\/prodotto\/weichspuler-konzentrat-blumenduft-2000ml\/#breadcrumb","itemListElement":[{"@type":"ListItem","position":1,"name":"Home","item":"https:\/\/lavanderina.it\/de\/"},{"@type":"ListItem","position":2,"name":"Shop","item":"https:\/\/lavanderina.it\/negozio\/"},{"@type":"ListItem","position":3,"name":"Weichsp\u00fcler Konzentrat Blumenduft 2000mL"}]},{"@type":"WebSite","@id":"https:\/\/lavanderina.it\/de\/#website","url":"https:\/\/lavanderina.it\/de\/","name":"Lavanderina","description":"Detersivi ecologici, biologici, sostenibili e vegani","potentialAction":[{"@type":"SearchAction","target":{"@type":"EntryPoint","urlTemplate":"https:\/\/lavanderina.it\/de\/?s={search_term_string}"},"query-input":{"@type":"PropertyValueSpecification","valueRequired":true,"valueName":"search_term_string"}}],"inLanguage":"de"}]}},"jetpack_sharing_enabled":true,"_links":{"self":[{"href":"https:\/\/lavanderina.it\/de\/wp-json\/wp\/v2\/product\/6576","targetHints":{"allow":["GET"]}}],"collection":[{"href":"https:\/\/lavanderina.it\/de\/wp-json\/wp\/v2\/product"}],"about":[{"href":"https:\/\/lavanderina.it\/de\/wp-json\/wp\/v2\/types\/product"}],"replies":[{"embeddable":true,"href":"https:\/\/lavanderina.it\/de\/wp-json\/wp\/v2\/comments?post=6576"}],"wp:featuredmedia":[{"embeddable":true,"href":"https:\/\/lavanderina.it\/de\/wp-json\/wp\/v2\/media\/10032"}],"wp:attachment":[{"href":"https:\/\/lavanderina.it\/de\/wp-json\/wp\/v2\/media?parent=6576"}],"wp:term":[{"taxonomy":"product_brand","embeddable":true,"href":"https:\/\/lavanderina.it\/de\/wp-json\/wp\/v2\/product_brand?post=6576"},{"taxonomy":"product_cat","embeddable":true,"href":"https:\/\/lavanderina.it\/de\/wp-json\/wp\/v2\/product_cat?post=6576"},{"taxonomy":"product_tag","embeddable":true,"href":"https:\/\/lavanderina.it\/de\/wp-json\/wp\/v2\/product_tag?post=6576"}],"curies":[{"name":"wp","href":"https:\/\/api.w.org\/{rel}","templated":true}]}}