{"id":6630,"date":"2021-07-09T10:13:31","date_gmt":"2021-07-09T10:13:31","guid":{"rendered":"https:\/\/www.lavanderina.it\/prodotto\/6630\/"},"modified":"2025-03-18T13:20:15","modified_gmt":"2025-03-18T13:20:15","slug":"maschinen-und-handwasche-fur-baby-und-feinwasche-960ml","status":"publish","type":"product","link":"https:\/\/lavanderina.it\/de\/prodotto\/maschinen-und-handwasche-fur-baby-und-feinwasche-960ml\/","title":{"rendered":"Maschinen- und Handw\u00e4sche f\u00fcr Baby- und Feinw\u00e4sche 960mL"},"content":{"rendered":"<p><strong>SICHER F\u00dcR DIE UMWELT:<\/strong> die Inhaltsstoffe sind leicht biologisch abbaubar und die Verpackung aus recyceltem Material ist unendlich oft recycelbar.<\/p>\n<p><strong>SICHER F\u00dcR DIE HAUT:<\/strong> die Formulierung setzt auf umweltfreundliche und \u00f6kologische Inhaltsstoffe. Das Produkt enth\u00e4lt keine Allergene und ist dermatologisch getestet.<\/p>\n<p><strong>SICHER F\u00dcR TIERE:<\/strong> es handelt sich um ein veganes Produkt, das keine Inhaltsstoffe tierischen Ursprungs enth\u00e4lt und f\u00fcr unsere Haustiere unsch\u00e4dlich und nicht beeintr\u00e4chtigend ist.<\/p>\n<p>&nbsp;<\/p>\n<p><strong>ANWENDUNG: <\/strong>verwenden Sie ca. (je nach Wasserh\u00e4rte) 40 ml in der Waschmaschine und 25 ml f\u00fcr\u00a0Handw\u00e4sche.<\/p>\n<p><strong>INCI (INGREDIENTS) : <\/strong>Aqua (Water), Potassium Olivate, Aloe Barbadensis Leaf Juice (BIO), Sodium Carbonate, Sodium Coco-Sulfate, Phenoxyethanol, Tetrasodium Glutamate Diacetate, Nonionic Polyester, Citric Acid.<\/p>\n    <div class=\"xs-review-box view-review-list\" id=\"xs-user-review-box\">\n\n        <h3 class=\"total-reivew-headding\">\n\t\t\t0 Reviews        <\/h3>\n        <div class=\"xs-review-box-item\">\n\n            <div\n                    class=\"xs-review-media review-full\">\n\n\t\t\t\t\n            <\/div>\n\n\t\t\t\n        <\/div>\n\n    <\/div>\n\n\t\n    <form action=\"https:\/\/lavanderina.it\/de\/prodotto\/maschinen-und-handwasche-fur-baby-und-feinwasche-960ml\/\"\n          name=\"xs_review_form_public_data\"\n          method=\"post\"\n          id=\"xs_review_form_public_data\">\n\n        <div class=\"xs-review-box public-xs-review-box\" id=\"xs-review-box\">\n            <h3 class=\"write-reivew-headding\">\n\t\t\t\tWrite a Review             <\/h3>\n\n\t\t\t\n            <div class=\"wur-review-fields\"> \t\t\t\t            <div class=\"xs-review xs-select\"\n\t\t\t\t                 style=\"display:block;\">\n\n\t\t\t\t\t            \t\t\t\t\t\t            <div class=\"xs-review-rating-stars text-center\">\n\t\t\t\t\t\t\t            <ul id=\"xs_review_stars\">\n\t\t\t\t\t\t\t\t            \t\t\t\t\t\t\t\t\t            <li class=\"star-li star  selected\" data-value=\"1\">\n\t\t\t\t\t\t\t\t\t\t            \t\t\t\t\t\t\t\t\t\t\t            <i class=\"xs-star dashicons-before dashicons-star-filled\"><\/i>\n\t\t\t\t\t\t\t\t\t\t            \t\t\t\t\t\t\t\t\t            <\/li>\n\t\t\t\t\t\t\t\t            \t\t\t\t\t\t\t\t\t            <li class=\"star-li star  \" data-value=\"2\">\n\t\t\t\t\t\t\t\t\t\t            \t\t\t\t\t\t\t\t\t\t\t            <i class=\"xs-star dashicons-before dashicons-star-filled\"><\/i>\n\t\t\t\t\t\t\t\t\t\t            \t\t\t\t\t\t\t\t\t            <\/li>\n\t\t\t\t\t\t\t\t            \t\t\t\t\t\t\t\t\t            <li class=\"star-li star  \" data-value=\"3\">\n\t\t\t\t\t\t\t\t\t\t            \t\t\t\t\t\t\t\t\t\t\t            <i class=\"xs-star dashicons-before dashicons-star-filled\"><\/i>\n\t\t\t\t\t\t\t\t\t\t            \t\t\t\t\t\t\t\t\t            <\/li>\n\t\t\t\t\t\t\t\t            \t\t\t\t\t\t\t\t\t            <li class=\"star-li star  \" data-value=\"4\">\n\t\t\t\t\t\t\t\t\t\t            \t\t\t\t\t\t\t\t\t\t\t            <i class=\"xs-star dashicons-before dashicons-star-filled\"><\/i>\n\t\t\t\t\t\t\t\t\t\t            \t\t\t\t\t\t\t\t\t            <\/li>\n\t\t\t\t\t\t\t\t            \t\t\t\t\t\t\t\t\t            <li class=\"star-li star  \" data-value=\"5\">\n\t\t\t\t\t\t\t\t\t\t            \t\t\t\t\t\t\t\t\t\t\t            <i class=\"xs-star dashicons-before dashicons-star-filled\"><\/i>\n\t\t\t\t\t\t\t\t\t\t            \t\t\t\t\t\t\t\t\t            <\/li>\n\t\t\t\t\t\t\t\t            \t\t\t\t\t\t\t            <\/ul>\n\t\t\t\t\t\t\t            <div id=\"review_data_show\"><\/div>\n\t\t\t\t\t\t\t            <input type=\"hidden\" id=\"ratting_review_hidden\"\n\t\t\t\t\t\t\t                   name=\"xs_submit_review_data[xs_reviwer_ratting]\"\n\t\t\t\t\t\t\t                   value=\"1\" 1 \/>\n\t\t\t\t\t\t            <\/div>\n\t\t\t\t\t            \t\t\t\t            <\/div>\n\t\t\t\t            \n\t\t\t\t            <div class=\"xs-review xs-text\"\n\t\t\t\t                 style=\"display:block;\">\n\n\t\t\t\t\t            <input type=\"text\"\n\t\t\t\t\t                   placeholder=\"Review Title\"\n\t\t\t\t\t                   id=\"xs_reviw_title\"\n\t\t\t\t\t                   class=\"widefat xs_reviw_title\"\n\t\t\t\t\t                   name=\"xs_submit_review_data[xs_reviw_title]\"\n\t\t\t\t\t                   value=\"\" 1 \/>\n\n\t\t\t\t            <\/div> \n\t\t\t\t            <div class=\"xs-review xs-text\"\n\t\t\t\t                 style=\"display:block;\">\n\n\t\t\t\t\t            <input type=\"text\"\n\t\t\t\t\t                   placeholder=\"Reviewer Name\"\n\t\t\t\t\t                   id=\"xs_reviwer_name\"\n\t\t\t\t\t                   class=\"widefat xs_reviwer_name\"\n\t\t\t\t\t                   name=\"xs_submit_review_data[xs_reviwer_name]\"\n\t\t\t\t\t                   value=\"\"  \/>\n\n\t\t\t\t            <\/div> \n\t\t\t\t            <div class=\"xs-review xs-text\"\n\t\t\t\t                 style=\"display:block;\">\n\n\t\t\t\t\t            <input type=\"text\"\n\t\t\t\t\t                   placeholder=\"Reviewer Email\"\n\t\t\t\t\t                   id=\"xs_reviwer_email\"\n\t\t\t\t\t                   class=\"widefat xs_reviwer_email\"\n\t\t\t\t\t                   name=\"xs_submit_review_data[xs_reviwer_email]\"\n\t\t\t\t\t                   value=\"\" 1 \/>\n\n\t\t\t\t            <\/div> \n\t\t\t\t            <div class=\"xs-review xs-text\"\n\t\t\t\t                 style=\"display:block;\">\n\n\t\t\t\t\t            <input type=\"text\"\n\t\t\t\t\t                   placeholder=\"Website\"\n\t\t\t\t\t                   id=\"xs_reviwer_website\"\n\t\t\t\t\t                   class=\"widefat xs_reviwer_website\"\n\t\t\t\t\t                   name=\"xs_submit_review_data[xs_reviwer_website]\"\n\t\t\t\t\t                   value=\"\"  \/>\n\n\t\t\t\t            <\/div> \n\t\t\t\t            <div class=\"xs-review xs-textarea\"\n\t\t\t\t                 style=\"display:block;\">\n\n                                    <textarea id=\"xs_reviw_summery\"\n                                              class=\"widefat xs_reviw_summery\"\n                                              name=\"xs_submit_review_data[xs_reviw_summery]\" 1                                              placeholder=\"Review Summary\"><\/textarea>\n\n\t\t\t\t            <\/div> \n                <input type=\"hidden\" value=\"6630\"\n                       name=\"xs_submit_review_data[xs_post_id]\" \/>\n\n                <input type=\"hidden\" value=\"product\"\n                       name=\"xs_submit_review_data[xs_post_type]\" \/>\n\n                <input type=\"hidden\" value=\"0\"\n                       name=\"xs_submit_review_data[xs_post_author]\" \/>\n\t\t\t\t<input type=\"hidden\" id=\"_wpnonce\" name=\"_wpnonce\" value=\"0c126d874a\" \/><input type=\"hidden\" name=\"_wp_http_referer\" value=\"\/de\/wp-json\/wp\/v2\/product\/6630\" \/>                <div class=\"xs-review xs-save-button\">\n                    <button type=\"submit\" name=\"xs_review_form_public_data\" class=\"xs-btn primary\">\n                        Submit Review                    <\/button>\n                <\/div>\n\n            <\/div>\n        <\/div>\n    <\/form>\n\n","protected":false},"excerpt":{"rendered":"<p>Waschmittel f\u00fcr die Maschinen- und Handw\u00e4sche, geeignet f\u00fcr alle Arten von Kleidungsst\u00fccken und besonders f\u00fcr Feinw\u00e4sche. Es entfernt Schmutz und hinterl\u00e4sst einen frischen, nat\u00fcrlichen, sauberen Duft. Der Zusatz von Aloe Vera macht die Textilien sanfter zur Haut. <strong>Enth\u00e4lt keine SLES, SLS, Parabene, Phosphate, Enzyme, Farbstoffe oder optische Aufheller.<\/strong><\/p>\n","protected":false},"featured_media":10078,"comment_status":"closed","ping_status":"closed","template":"","meta":[],"product_brand":[],"product_cat":[85],"product_tag":[68,80,67,70,66,69],"class_list":{"0":"post-6630","1":"product","2":"type-product","3":"status-publish","4":"has-post-thumbnail","6":"product_cat-waschmittel","7":"product_tag-allergenfrei","8":"product_tag-dermatologisch-getestet","9":"product_tag-detergenza-eco-bio-aiab-de","10":"product_tag-eco-packaging-de","11":"product_tag-ecobiovegan-de","12":"product_tag-h-a-c-c-p-de","14":"first","15":"instock","16":"shipping-taxable","17":"product-type-simple"},"yoast_head":"<!-- This site is optimized with the Yoast SEO plugin v24.8 - https:\/\/yoast.com\/wordpress\/plugins\/seo\/ -->\r\n<title>Maschinen- und Handw\u00e4sche f\u00fcr Baby- und Feinw\u00e4sche 960mL - Lavanderina<\/title>\r\n<meta name=\"robots\" content=\"index, follow, max-snippet:-1, max-image-preview:large, max-video-preview:-1\" \/>\r\n<link rel=\"canonical\" href=\"https:\/\/lavanderina.it\/de\/prodotto\/maschinen-und-handwasche-fur-baby-und-feinwasche-960ml\/\" \/>\r\n<meta property=\"og:locale\" content=\"de_DE\" \/>\r\n<meta property=\"og:type\" content=\"article\" \/>\r\n<meta property=\"og:title\" content=\"Maschinen- und Handw\u00e4sche f\u00fcr Baby- und Feinw\u00e4sche 960mL - Lavanderina\" \/>\r\n<meta property=\"og:description\" content=\"Waschmittel f\u00fcr die Maschinen- und Handw\u00e4sche, geeignet f\u00fcr alle Arten von Kleidungsst\u00fccken und besonders f\u00fcr Feinw\u00e4sche. Es entfernt Schmutz und hinterl\u00e4sst einen frischen, nat\u00fcrlichen, sauberen Duft. Der Zusatz von Aloe Vera macht die Textilien sanfter zur Haut. Enth\u00e4lt keine SLES, SLS, Parabene, Phosphate, Enzyme, Farbstoffe oder optische Aufheller.\" \/>\r\n<meta property=\"og:url\" content=\"https:\/\/lavanderina.it\/de\/prodotto\/maschinen-und-handwasche-fur-baby-und-feinwasche-960ml\/\" \/>\r\n<meta property=\"og:site_name\" content=\"Lavanderina\" \/>\r\n<meta property=\"article:modified_time\" content=\"2025-03-18T13:20:15+00:00\" \/>\r\n<meta property=\"og:image\" content=\"https:\/\/www.lavanderina.it\/wp-content\/uploads\/2021\/07\/lavanderina-lavatrice-baby-960ml.jpg\" \/>\r\n\t<meta property=\"og:image:width\" content=\"1000\" \/>\r\n\t<meta property=\"og:image:height\" content=\"1000\" \/>\r\n\t<meta property=\"og:image:type\" content=\"image\/jpeg\" \/>\r\n<meta name=\"twitter:card\" content=\"summary_large_image\" \/>\r\n<meta name=\"twitter:label1\" content=\"Gesch\u00e4tzte Lesezeit\" \/>\n\t<meta name=\"twitter:data1\" content=\"1\u00a0Minute\" \/>\r\n<script type=\"application\/ld+json\" class=\"yoast-schema-graph\">{\"@context\":\"https:\/\/schema.org\",\"@graph\":[{\"@type\":\"WebPage\",\"@id\":\"https:\/\/lavanderina.it\/de\/prodotto\/maschinen-und-handwasche-fur-baby-und-feinwasche-960ml\/\",\"url\":\"https:\/\/lavanderina.it\/de\/prodotto\/maschinen-und-handwasche-fur-baby-und-feinwasche-960ml\/\",\"name\":\"Maschinen- und Handw\u00e4sche f\u00fcr Baby- und Feinw\u00e4sche 960mL - Lavanderina\",\"isPartOf\":{\"@id\":\"https:\/\/lavanderina.it\/de\/#website\"},\"primaryImageOfPage\":{\"@id\":\"https:\/\/lavanderina.it\/de\/prodotto\/maschinen-und-handwasche-fur-baby-und-feinwasche-960ml\/#primaryimage\"},\"image\":{\"@id\":\"https:\/\/lavanderina.it\/de\/prodotto\/maschinen-und-handwasche-fur-baby-und-feinwasche-960ml\/#primaryimage\"},\"thumbnailUrl\":\"https:\/\/www.lavanderina.it\/wp-content\/uploads\/2021\/07\/lavanderina-lavatrice-baby-960ml.jpg\",\"datePublished\":\"2021-07-09T10:13:31+00:00\",\"dateModified\":\"2025-03-18T13:20:15+00:00\",\"breadcrumb\":{\"@id\":\"https:\/\/lavanderina.it\/de\/prodotto\/maschinen-und-handwasche-fur-baby-und-feinwasche-960ml\/#breadcrumb\"},\"inLanguage\":\"de\",\"potentialAction\":[{\"@type\":\"ReadAction\",\"target\":[\"https:\/\/lavanderina.it\/de\/prodotto\/maschinen-und-handwasche-fur-baby-und-feinwasche-960ml\/\"]}]},{\"@type\":\"ImageObject\",\"inLanguage\":\"de\",\"@id\":\"https:\/\/lavanderina.it\/de\/prodotto\/maschinen-und-handwasche-fur-baby-und-feinwasche-960ml\/#primaryimage\",\"url\":\"https:\/\/www.lavanderina.it\/wp-content\/uploads\/2021\/07\/lavanderina-lavatrice-baby-960ml.jpg\",\"contentUrl\":\"https:\/\/www.lavanderina.it\/wp-content\/uploads\/2021\/07\/lavanderina-lavatrice-baby-960ml.jpg\",\"width\":1000,\"height\":1000},{\"@type\":\"BreadcrumbList\",\"@id\":\"https:\/\/lavanderina.it\/de\/prodotto\/maschinen-und-handwasche-fur-baby-und-feinwasche-960ml\/#breadcrumb\",\"itemListElement\":[{\"@type\":\"ListItem\",\"position\":1,\"name\":\"Home\",\"item\":\"https:\/\/lavanderina.it\/de\/\"},{\"@type\":\"ListItem\",\"position\":2,\"name\":\"Shop\",\"item\":\"https:\/\/lavanderina.it\/negozio\/\"},{\"@type\":\"ListItem\",\"position\":3,\"name\":\"Maschinen- und Handw\u00e4sche f\u00fcr Baby- und Feinw\u00e4sche 960mL\"}]},{\"@type\":\"WebSite\",\"@id\":\"https:\/\/lavanderina.it\/de\/#website\",\"url\":\"https:\/\/lavanderina.it\/de\/\",\"name\":\"Lavanderina\",\"description\":\"Detersivi ecologici, biologici, sostenibili e vegani\",\"potentialAction\":[{\"@type\":\"SearchAction\",\"target\":{\"@type\":\"EntryPoint\",\"urlTemplate\":\"https:\/\/lavanderina.it\/de\/?s={search_term_string}\"},\"query-input\":{\"@type\":\"PropertyValueSpecification\",\"valueRequired\":true,\"valueName\":\"search_term_string\"}}],\"inLanguage\":\"de\"}]}<\/script>\r\n<!-- \/ Yoast SEO plugin. -->","yoast_head_json":{"title":"Maschinen- und Handw\u00e4sche f\u00fcr Baby- und Feinw\u00e4sche 960mL - Lavanderina","robots":{"index":"index","follow":"follow","max-snippet":"max-snippet:-1","max-image-preview":"max-image-preview:large","max-video-preview":"max-video-preview:-1"},"canonical":"https:\/\/lavanderina.it\/de\/prodotto\/maschinen-und-handwasche-fur-baby-und-feinwasche-960ml\/","og_locale":"de_DE","og_type":"article","og_title":"Maschinen- und Handw\u00e4sche f\u00fcr Baby- und Feinw\u00e4sche 960mL - Lavanderina","og_description":"Waschmittel f\u00fcr die Maschinen- und Handw\u00e4sche, geeignet f\u00fcr alle Arten von Kleidungsst\u00fccken und besonders f\u00fcr Feinw\u00e4sche. Es entfernt Schmutz und hinterl\u00e4sst einen frischen, nat\u00fcrlichen, sauberen Duft. Der Zusatz von Aloe Vera macht die Textilien sanfter zur Haut. Enth\u00e4lt keine SLES, SLS, Parabene, Phosphate, Enzyme, Farbstoffe oder optische Aufheller.","og_url":"https:\/\/lavanderina.it\/de\/prodotto\/maschinen-und-handwasche-fur-baby-und-feinwasche-960ml\/","og_site_name":"Lavanderina","article_modified_time":"2025-03-18T13:20:15+00:00","og_image":[{"width":1000,"height":1000,"url":"https:\/\/www.lavanderina.it\/wp-content\/uploads\/2021\/07\/lavanderina-lavatrice-baby-960ml.jpg","type":"image\/jpeg"}],"twitter_card":"summary_large_image","twitter_misc":{"Gesch\u00e4tzte Lesezeit":"1\u00a0Minute"},"schema":{"@context":"https:\/\/schema.org","@graph":[{"@type":"WebPage","@id":"https:\/\/lavanderina.it\/de\/prodotto\/maschinen-und-handwasche-fur-baby-und-feinwasche-960ml\/","url":"https:\/\/lavanderina.it\/de\/prodotto\/maschinen-und-handwasche-fur-baby-und-feinwasche-960ml\/","name":"Maschinen- und Handw\u00e4sche f\u00fcr Baby- und Feinw\u00e4sche 960mL - Lavanderina","isPartOf":{"@id":"https:\/\/lavanderina.it\/de\/#website"},"primaryImageOfPage":{"@id":"https:\/\/lavanderina.it\/de\/prodotto\/maschinen-und-handwasche-fur-baby-und-feinwasche-960ml\/#primaryimage"},"image":{"@id":"https:\/\/lavanderina.it\/de\/prodotto\/maschinen-und-handwasche-fur-baby-und-feinwasche-960ml\/#primaryimage"},"thumbnailUrl":"https:\/\/www.lavanderina.it\/wp-content\/uploads\/2021\/07\/lavanderina-lavatrice-baby-960ml.jpg","datePublished":"2021-07-09T10:13:31+00:00","dateModified":"2025-03-18T13:20:15+00:00","breadcrumb":{"@id":"https:\/\/lavanderina.it\/de\/prodotto\/maschinen-und-handwasche-fur-baby-und-feinwasche-960ml\/#breadcrumb"},"inLanguage":"de","potentialAction":[{"@type":"ReadAction","target":["https:\/\/lavanderina.it\/de\/prodotto\/maschinen-und-handwasche-fur-baby-und-feinwasche-960ml\/"]}]},{"@type":"ImageObject","inLanguage":"de","@id":"https:\/\/lavanderina.it\/de\/prodotto\/maschinen-und-handwasche-fur-baby-und-feinwasche-960ml\/#primaryimage","url":"https:\/\/www.lavanderina.it\/wp-content\/uploads\/2021\/07\/lavanderina-lavatrice-baby-960ml.jpg","contentUrl":"https:\/\/www.lavanderina.it\/wp-content\/uploads\/2021\/07\/lavanderina-lavatrice-baby-960ml.jpg","width":1000,"height":1000},{"@type":"BreadcrumbList","@id":"https:\/\/lavanderina.it\/de\/prodotto\/maschinen-und-handwasche-fur-baby-und-feinwasche-960ml\/#breadcrumb","itemListElement":[{"@type":"ListItem","position":1,"name":"Home","item":"https:\/\/lavanderina.it\/de\/"},{"@type":"ListItem","position":2,"name":"Shop","item":"https:\/\/lavanderina.it\/negozio\/"},{"@type":"ListItem","position":3,"name":"Maschinen- und Handw\u00e4sche f\u00fcr Baby- und Feinw\u00e4sche 960mL"}]},{"@type":"WebSite","@id":"https:\/\/lavanderina.it\/de\/#website","url":"https:\/\/lavanderina.it\/de\/","name":"Lavanderina","description":"Detersivi ecologici, biologici, sostenibili e vegani","potentialAction":[{"@type":"SearchAction","target":{"@type":"EntryPoint","urlTemplate":"https:\/\/lavanderina.it\/de\/?s={search_term_string}"},"query-input":{"@type":"PropertyValueSpecification","valueRequired":true,"valueName":"search_term_string"}}],"inLanguage":"de"}]}},"jetpack_sharing_enabled":true,"_links":{"self":[{"href":"https:\/\/lavanderina.it\/de\/wp-json\/wp\/v2\/product\/6630","targetHints":{"allow":["GET"]}}],"collection":[{"href":"https:\/\/lavanderina.it\/de\/wp-json\/wp\/v2\/product"}],"about":[{"href":"https:\/\/lavanderina.it\/de\/wp-json\/wp\/v2\/types\/product"}],"replies":[{"embeddable":true,"href":"https:\/\/lavanderina.it\/de\/wp-json\/wp\/v2\/comments?post=6630"}],"wp:featuredmedia":[{"embeddable":true,"href":"https:\/\/lavanderina.it\/de\/wp-json\/wp\/v2\/media\/10078"}],"wp:attachment":[{"href":"https:\/\/lavanderina.it\/de\/wp-json\/wp\/v2\/media?parent=6630"}],"wp:term":[{"taxonomy":"product_brand","embeddable":true,"href":"https:\/\/lavanderina.it\/de\/wp-json\/wp\/v2\/product_brand?post=6630"},{"taxonomy":"product_cat","embeddable":true,"href":"https:\/\/lavanderina.it\/de\/wp-json\/wp\/v2\/product_cat?post=6630"},{"taxonomy":"product_tag","embeddable":true,"href":"https:\/\/lavanderina.it\/de\/wp-json\/wp\/v2\/product_tag?post=6630"}],"curies":[{"name":"wp","href":"https:\/\/api.w.org\/{rel}","templated":true}]}}