{"id":6433,"date":"2021-09-22T14:50:51","date_gmt":"2021-09-22T14:50:51","guid":{"rendered":"https:\/\/www.lavanderina.it\/vaisselle\/"},"modified":"2021-09-22T14:50:56","modified_gmt":"2021-09-22T14:50:56","slug":"vaisselle","status":"publish","type":"page","link":"https:\/\/lavanderina.it\/fr\/vaisselle\/","title":{"rendered":"Vaisselle"},"content":{"rendered":"<div class=\"wpb-content-wrapper\">[vc_row][vc_column][mk_padding_divider size=\u00a0\u00bb80&Prime;][\/vc_column][\/vc_row][vc_row][vc_column width=\u00a0\u00bb1\/6&Prime;][\/vc_column][vc_column width=\u00a0\u00bb2\/3&Prime;][mk_fancy_title tag_name=\u00a0\u00bbh3&Prime; color=\u00a0\u00bb#bdd894&Prime; size=\u00a0\u00bb56&Prime; force_font_size=\u00a0\u00bbtrue\u00a0\u00bb size_tablet=\u00a0\u00bb40&Prime; size_phone=\u00a0\u00bb40&Prime; font_weight=\u00a0\u00bb600&Prime; txt_transform=\u00a0\u00bbnone\u00a0\u00bb margin_bottom=\u00a0\u00bb10&Prime; font_family=\u00a0\u00bbPoppins\u00a0\u00bb font_type=\u00a0\u00bbgoogle\u00a0\u00bb align=\u00a0\u00bbcenter\u00a0\u00bb animation=\u00a0\u00bbtop-to-bottom\u00a0\u00bb]Vaisselle[\/mk_fancy_title][mk_fancy_title tag_name=\u00a0\u00bbh3&Prime; color=\u00a0\u00bb#8e8e8e\u00a0\u00bb size=\u00a0\u00bb15&Prime; force_font_size=\u00a0\u00bbtrue\u00a0\u00bb size_tablet=\u00a0\u00bb16&Prime; size_phone=\u00a0\u00bb16&Prime; line_height=\u00a0\u00bb180&Prime; font_weight=\u00a0\u00bb400&Prime; txt_transform=\u00a0\u00bbnone\u00a0\u00bb margin_bottom=\u00a0\u00bb0&Prime; font_family=\u00a0\u00bbPoppins\u00a0\u00bb font_type=\u00a0\u00bbgoogle\u00a0\u00bb align=\u00a0\u00bbcenter\u00a0\u00bb animation=\u00a0\u00bbtop-to-bottom\u00a0\u00bb]Des produits \u00e9co-bio durables et sans danger pour l&rsquo;environnement : tous nos produits ne contiennent que des mati\u00e8res premi\u00e8res v\u00e9g\u00e9tales, biologiques ou non nuisibles \u00e0 l&rsquo;\u00e9cosyst\u00e8me, en accord avec les principes de l&rsquo;\u00e9conomie circulaire.[\/mk_fancy_title][mk_padding_divider size=\u00a0\u00bb80&Prime;][\/vc_column][vc_column width=\u00a0\u00bb1\/6&Prime;][\/vc_column][\/vc_row][vc_row][vc_column]<div class=\"woocommerce columns-4 \"><ul class=\"products columns-4\">\n<li class=\"product type-product post-5924 status-publish first instock product_cat-piatti product_tag-detergenza-eco-bio-aiab product_tag-eco-packaging product_tag-ecobiovegan product_tag-h-a-c-c-p product_tag-senza-allergeni has-post-thumbnail shipping-taxable product-type-simple\">\n\t<div class=\"mk-product-warp\"><a href=\"https:\/\/lavanderina.it\/prodotto\/lavastoviglie-limone-650ml\/\" class=\"woocommerce-LoopProduct-link woocommerce-loop-product__link\">\t<div class=\"mk-product-thumbnail-warp\">\r\n\t<img loading=\"lazy\" decoding=\"async\" width=\"300\" height=\"300\" src=\"https:\/\/www.lavanderina.it\/wp-content\/uploads\/2021\/07\/lavanderina-gel-lavastoviglie-limone-650ml-300x300.jpg\" class=\"attachment-woocommerce_thumbnail size-woocommerce_thumbnail\" alt=\"\" srcset=\"https:\/\/www.lavanderina.it\/wp-content\/uploads\/2021\/07\/lavanderina-gel-lavastoviglie-limone-650ml-300x300.jpg 300w, https:\/\/www.lavanderina.it\/wp-content\/uploads\/2021\/07\/lavanderina-gel-lavastoviglie-limone-650ml-150x150.jpg 150w, https:\/\/www.lavanderina.it\/wp-content\/uploads\/2021\/07\/lavanderina-gel-lavastoviglie-limone-650ml-768x768.jpg 768w, https:\/\/www.lavanderina.it\/wp-content\/uploads\/2021\/07\/lavanderina-gel-lavastoviglie-limone-650ml-600x600.jpg 600w, https:\/\/www.lavanderina.it\/wp-content\/uploads\/2021\/07\/lavanderina-gel-lavastoviglie-limone-650ml-100x100.jpg 100w, https:\/\/www.lavanderina.it\/wp-content\/uploads\/2021\/07\/lavanderina-gel-lavastoviglie-limone-650ml.jpg 1000w\" sizes=\"auto, (max-width: 300px) 100vw, 300px\" itemprop=\"image\" \/>\t<\/div>\r\n\t<h2 class=\"woocommerce-loop-product__title\">Lavastoviglie Limone 650mL<\/h2>\n<\/a><a rel=\"nofollow\" href=\"https:\/\/lavanderina.it\/prodotto\/lavastoviglie-limone-650ml\/\" data-quantity=\"1\" data-product_id=\"5924\" data-product_sku=\"450032\" class=\"button product_type_simple\" data-product_id=\"5924\" data-product_sku=\"450032\" aria-label=\"En savoir plus sur &ldquo;Lavastoviglie Limone 650mL&rdquo;\" rel=\"nofollow\" data-success_message=\"\"><svg  class=\"mk-svg-icon\" data-name=\"mk-moon-search-3\" data-cacheid=\"icon-69d84bfc129fc\" style=\" height:12px; width: 12px; \"  xmlns=\"http:\/\/www.w3.org\/2000\/svg\" viewBox=\"0 0 512 512\"><path d=\"M496.131 435.698l-121.276-103.147c-12.537-11.283-25.945-16.463-36.776-15.963 28.628-33.534 45.921-77.039 45.921-124.588 0-106.039-85.961-192-192-192-106.038 0-192 85.961-192 192s85.961 192 192 192c47.549 0 91.054-17.293 124.588-45.922-.5 10.831 4.68 24.239 15.963 36.776l103.147 121.276c17.661 19.623 46.511 21.277 64.11 3.678s15.946-46.449-3.677-64.11zm-304.131-115.698c-70.692 0-128-57.308-128-128s57.308-128 128-128 128 57.308 128 128-57.307 128-128 128z\"\/><\/svg><span class=\"button-text\">Lire la suite<\/span><\/a><\/div><\/li>\n<li class=\"product type-product post-5892 status-publish instock product_cat-piatti product_tag-dermatologicamente-testato product_tag-detergenza-eco-bio-aiab product_tag-eco-packaging product_tag-ecobiovegan product_tag-h-a-c-c-p product_tag-senza-allergeni has-post-thumbnail shipping-taxable product-type-simple\">\n\t<div class=\"mk-product-warp\"><a href=\"https:\/\/lavanderina.it\/prodotto\/piatti-a-mano-limone-1500ml\/\" class=\"woocommerce-LoopProduct-link woocommerce-loop-product__link\">\t<div class=\"mk-product-thumbnail-warp\">\r\n\t<img loading=\"lazy\" decoding=\"async\" width=\"300\" height=\"300\" src=\"https:\/\/www.lavanderina.it\/wp-content\/uploads\/2021\/07\/piatti_limone_1500ml_fronte-300x300.jpg\" class=\"attachment-woocommerce_thumbnail size-woocommerce_thumbnail\" alt=\"detersivo per piatti\" srcset=\"https:\/\/www.lavanderina.it\/wp-content\/uploads\/2021\/07\/piatti_limone_1500ml_fronte-300x300.jpg 300w, https:\/\/www.lavanderina.it\/wp-content\/uploads\/2021\/07\/piatti_limone_1500ml_fronte-1024x1024.jpg 1024w, https:\/\/www.lavanderina.it\/wp-content\/uploads\/2021\/07\/piatti_limone_1500ml_fronte-scaled-150x150.jpg 150w, https:\/\/www.lavanderina.it\/wp-content\/uploads\/2021\/07\/piatti_limone_1500ml_fronte-768x768.jpg 768w, https:\/\/www.lavanderina.it\/wp-content\/uploads\/2021\/07\/piatti_limone_1500ml_fronte-1536x1536.jpg 1536w, https:\/\/www.lavanderina.it\/wp-content\/uploads\/2021\/07\/piatti_limone_1500ml_fronte-2048x2048.jpg 2048w, https:\/\/www.lavanderina.it\/wp-content\/uploads\/2021\/07\/piatti_limone_1500ml_fronte-600x600.jpg 600w, https:\/\/www.lavanderina.it\/wp-content\/uploads\/2021\/07\/piatti_limone_1500ml_fronte-scaled-100x100.jpg 100w, https:\/\/www.lavanderina.it\/wp-content\/uploads\/2021\/07\/piatti_limone_1500ml_fronte-scaled-266x266.jpg 266w, https:\/\/www.lavanderina.it\/wp-content\/uploads\/2021\/07\/piatti_limone_1500ml_fronte-scaled-32x32.jpg 32w\" sizes=\"auto, (max-width: 300px) 100vw, 300px\" itemprop=\"image\" \/>\t<\/div>\r\n\t<h2 class=\"woocommerce-loop-product__title\">Piatti a Mano Limone 1500mL<\/h2>\n<\/a><a rel=\"nofollow\" href=\"https:\/\/lavanderina.it\/prodotto\/piatti-a-mano-limone-1500ml\/\" data-quantity=\"1\" data-product_id=\"5892\" data-product_sku=\"450088\" class=\"button product_type_simple\" data-product_id=\"5892\" data-product_sku=\"450088\" aria-label=\"En savoir plus sur &ldquo;Piatti a Mano Limone 1500mL&rdquo;\" rel=\"nofollow\" data-success_message=\"\"><svg  class=\"mk-svg-icon\" data-name=\"mk-moon-search-3\" data-cacheid=\"icon-69d84bfc138a7\" style=\" height:12px; width: 12px; \"  xmlns=\"http:\/\/www.w3.org\/2000\/svg\" viewBox=\"0 0 512 512\"><path d=\"M496.131 435.698l-121.276-103.147c-12.537-11.283-25.945-16.463-36.776-15.963 28.628-33.534 45.921-77.039 45.921-124.588 0-106.039-85.961-192-192-192-106.038 0-192 85.961-192 192s85.961 192 192 192c47.549 0 91.054-17.293 124.588-45.922-.5 10.831 4.68 24.239 15.963 36.776l103.147 121.276c17.661 19.623 46.511 21.277 64.11 3.678s15.946-46.449-3.677-64.11zm-304.131-115.698c-70.692 0-128-57.308-128-128s57.308-128 128-128 128 57.308 128 128-57.307 128-128 128z\"\/><\/svg><span class=\"button-text\">Lire la suite<\/span><\/a><\/div><\/li>\n<li class=\"product type-product post-5896 status-publish instock product_cat-piatti product_tag-dermatologicamente-testato product_tag-detergenza-eco-bio-aiab product_tag-eco-packaging product_tag-ecobiovegan product_tag-h-a-c-c-p product_tag-senza-allergeni has-post-thumbnail shipping-taxable product-type-simple\">\n\t<div class=\"mk-product-warp\"><a href=\"https:\/\/lavanderina.it\/prodotto\/piatti-a-mano-limone-650ml\/\" class=\"woocommerce-LoopProduct-link woocommerce-loop-product__link\">\t<div class=\"mk-product-thumbnail-warp\">\r\n\t<img loading=\"lazy\" decoding=\"async\" width=\"300\" height=\"300\" src=\"https:\/\/www.lavanderina.it\/wp-content\/uploads\/2021\/07\/lavanderina-piatti-limone-650ml-300x300.jpg\" class=\"attachment-woocommerce_thumbnail size-woocommerce_thumbnail\" alt=\"\" srcset=\"https:\/\/www.lavanderina.it\/wp-content\/uploads\/2021\/07\/lavanderina-piatti-limone-650ml-300x300.jpg 300w, https:\/\/www.lavanderina.it\/wp-content\/uploads\/2021\/07\/lavanderina-piatti-limone-650ml-150x150.jpg 150w, https:\/\/www.lavanderina.it\/wp-content\/uploads\/2021\/07\/lavanderina-piatti-limone-650ml-768x768.jpg 768w, https:\/\/www.lavanderina.it\/wp-content\/uploads\/2021\/07\/lavanderina-piatti-limone-650ml-600x600.jpg 600w, https:\/\/www.lavanderina.it\/wp-content\/uploads\/2021\/07\/lavanderina-piatti-limone-650ml-100x100.jpg 100w, https:\/\/www.lavanderina.it\/wp-content\/uploads\/2021\/07\/lavanderina-piatti-limone-650ml.jpg 1000w\" sizes=\"auto, (max-width: 300px) 100vw, 300px\" itemprop=\"image\" \/>\t<\/div>\r\n\t<h2 class=\"woocommerce-loop-product__title\">Piatti a Mano Limone 650mL<\/h2>\n<\/a><a rel=\"nofollow\" href=\"https:\/\/lavanderina.it\/prodotto\/piatti-a-mano-limone-650ml\/\" data-quantity=\"1\" data-product_id=\"5896\" data-product_sku=\"450031\" class=\"button product_type_simple\" data-product_id=\"5896\" data-product_sku=\"450031\" aria-label=\"En savoir plus sur &ldquo;Piatti a Mano Limone 650mL&rdquo;\" rel=\"nofollow\" data-success_message=\"\"><svg  class=\"mk-svg-icon\" data-name=\"mk-moon-search-3\" data-cacheid=\"icon-69d84bfc1471b\" style=\" height:12px; width: 12px; \"  xmlns=\"http:\/\/www.w3.org\/2000\/svg\" viewBox=\"0 0 512 512\"><path d=\"M496.131 435.698l-121.276-103.147c-12.537-11.283-25.945-16.463-36.776-15.963 28.628-33.534 45.921-77.039 45.921-124.588 0-106.039-85.961-192-192-192-106.038 0-192 85.961-192 192s85.961 192 192 192c47.549 0 91.054-17.293 124.588-45.922-.5 10.831 4.68 24.239 15.963 36.776l103.147 121.276c17.661 19.623 46.511 21.277 64.11 3.678s15.946-46.449-3.677-64.11zm-304.131-115.698c-70.692 0-128-57.308-128-128s57.308-128 128-128 128 57.308 128 128-57.307 128-128 128z\"\/><\/svg><span class=\"button-text\">Lire la suite<\/span><\/a><\/div><\/li>\n<\/ul>\n<\/div>[mk_padding_divider size=\u00a0\u00bb50&Prime;][\/vc_column][\/vc_row]\n<\/div>","protected":false},"excerpt":{"rendered":"<p>[vc_row][vc_column][mk_padding_divider size=\u00a0\u00bb80&Prime;][\/vc_column][\/vc_row][vc_row][vc_column width=\u00a0\u00bb1\/6&Prime;][\/vc_column][vc_column width=\u00a0\u00bb2\/3&Prime;][mk_fancy_title tag_name=\u00a0\u00bbh3&Prime; color=\u00a0\u00bb#bdd894&Prime; size=\u00a0\u00bb56&Prime; force_font_size=\u00a0\u00bbtrue\u00a0\u00bb size_tablet=\u00a0\u00bb40&Prime; size_phone=\u00a0\u00bb40&Prime; font_weight=\u00a0\u00bb600&Prime; txt_transform=\u00a0\u00bbnone\u00a0\u00bb margin_bottom=\u00a0\u00bb10&Prime; font_family=\u00a0\u00bbPoppins\u00a0\u00bb font_type=\u00a0\u00bbgoogle\u00a0\u00bb align=\u00a0\u00bbcenter\u00a0\u00bb animation=\u00a0\u00bbtop-to-bottom\u00a0\u00bb]Vaisselle[\/mk_fancy_title][mk_fancy_title tag_name=\u00a0\u00bbh3&Prime; color=\u00a0\u00bb#8e8e8e\u00a0\u00bb size=\u00a0\u00bb15&Prime; force_font_size=\u00a0\u00bbtrue\u00a0\u00bb size_tablet=\u00a0\u00bb16&Prime; size_phone=\u00a0\u00bb16&Prime; line_height=\u00a0\u00bb180&Prime; font_weight=\u00a0\u00bb400&Prime; txt_transform=\u00a0\u00bbnone\u00a0\u00bb margin_bottom=\u00a0\u00bb0&Prime; font_family=\u00a0\u00bbPoppins\u00a0\u00bb font_type=\u00a0\u00bbgoogle\u00a0\u00bb align=\u00a0\u00bbcenter\u00a0\u00bb animation=\u00a0\u00bbtop-to-bottom\u00a0\u00bb]Des produits \u00e9co-bio durables et sans danger pour l&rsquo;environnement : tous nos produits ne contiennent que des mati\u00e8res premi\u00e8res v\u00e9g\u00e9tales, biologiques ou non nuisibles \u00e0 [&hellip;]<\/p>\n","protected":false},"author":1,"featured_media":0,"parent":0,"menu_order":0,"comment_status":"closed","ping_status":"closed","template":"","meta":{"footnotes":""},"class_list":["post-6433","page","type-page","status-publish","hentry"],"yoast_head":"<!-- This site is optimized with the Yoast SEO plugin v24.8 - https:\/\/yoast.com\/wordpress\/plugins\/seo\/ -->\r\n<title>Vaisselle - Lavanderina<\/title>\r\n<meta name=\"robots\" content=\"index, follow, max-snippet:-1, max-image-preview:large, max-video-preview:-1\" \/>\r\n<link rel=\"canonical\" href=\"https:\/\/lavanderina.it\/fr\/vaisselle\/\" \/>\r\n<meta property=\"og:locale\" content=\"fr_FR\" \/>\r\n<meta property=\"og:type\" content=\"article\" \/>\r\n<meta property=\"og:title\" content=\"Vaisselle - Lavanderina\" \/>\r\n<meta property=\"og:description\" content=\"[vc_row][vc_column][mk_padding_divider size=\u00a0\u00bb80&Prime;][\/vc_column][\/vc_row][vc_row][vc_column width=\u00a0\u00bb1\/6&Prime;][\/vc_column][vc_column width=\u00a0\u00bb2\/3&Prime;][mk_fancy_title tag_name=\u00a0\u00bbh3&Prime; color=\u00a0\u00bb#bdd894&Prime; size=\u00a0\u00bb56&Prime; force_font_size=\u00a0\u00bbtrue\u00a0\u00bb size_tablet=\u00a0\u00bb40&Prime; size_phone=\u00a0\u00bb40&Prime; font_weight=\u00a0\u00bb600&Prime; txt_transform=\u00a0\u00bbnone\u00a0\u00bb margin_bottom=\u00a0\u00bb10&Prime; font_family=\u00a0\u00bbPoppins\u00a0\u00bb font_type=\u00a0\u00bbgoogle\u00a0\u00bb align=\u00a0\u00bbcenter\u00a0\u00bb animation=\u00a0\u00bbtop-to-bottom\u00a0\u00bb]Vaisselle[\/mk_fancy_title][mk_fancy_title tag_name=\u00a0\u00bbh3&Prime; color=\u00a0\u00bb#8e8e8e\u00a0\u00bb size=\u00a0\u00bb15&Prime; force_font_size=\u00a0\u00bbtrue\u00a0\u00bb size_tablet=\u00a0\u00bb16&Prime; size_phone=\u00a0\u00bb16&Prime; line_height=\u00a0\u00bb180&Prime; font_weight=\u00a0\u00bb400&Prime; txt_transform=\u00a0\u00bbnone\u00a0\u00bb margin_bottom=\u00a0\u00bb0&Prime; font_family=\u00a0\u00bbPoppins\u00a0\u00bb font_type=\u00a0\u00bbgoogle\u00a0\u00bb align=\u00a0\u00bbcenter\u00a0\u00bb animation=\u00a0\u00bbtop-to-bottom\u00a0\u00bb]Des produits \u00e9co-bio durables et sans danger pour l&rsquo;environnement : tous nos produits ne contiennent que des mati\u00e8res premi\u00e8res v\u00e9g\u00e9tales, biologiques ou non nuisibles \u00e0 [&hellip;]\" \/>\r\n<meta property=\"og:url\" content=\"https:\/\/lavanderina.it\/fr\/vaisselle\/\" \/>\r\n<meta property=\"og:site_name\" content=\"Lavanderina\" \/>\r\n<meta property=\"article:modified_time\" content=\"2021-09-22T14:50:56+00:00\" \/>\r\n<meta name=\"twitter:card\" content=\"summary_large_image\" \/>\r\n<meta name=\"twitter:label1\" content=\"Dur\u00e9e de lecture estim\u00e9e\" \/>\n\t<meta name=\"twitter:data1\" content=\"1 minute\" \/>\r\n<script type=\"application\/ld+json\" class=\"yoast-schema-graph\">{\"@context\":\"https:\/\/schema.org\",\"@graph\":[{\"@type\":\"WebPage\",\"@id\":\"https:\/\/lavanderina.it\/fr\/vaisselle\/\",\"url\":\"https:\/\/lavanderina.it\/fr\/vaisselle\/\",\"name\":\"Vaisselle - Lavanderina\",\"isPartOf\":{\"@id\":\"https:\/\/lavanderina.it\/fr\/#website\"},\"datePublished\":\"2021-09-22T14:50:51+00:00\",\"dateModified\":\"2021-09-22T14:50:56+00:00\",\"breadcrumb\":{\"@id\":\"https:\/\/lavanderina.it\/fr\/vaisselle\/#breadcrumb\"},\"inLanguage\":\"fr-FR\",\"potentialAction\":[{\"@type\":\"ReadAction\",\"target\":[\"https:\/\/lavanderina.it\/fr\/vaisselle\/\"]}]},{\"@type\":\"BreadcrumbList\",\"@id\":\"https:\/\/lavanderina.it\/fr\/vaisselle\/#breadcrumb\",\"itemListElement\":[{\"@type\":\"ListItem\",\"position\":1,\"name\":\"Home\",\"item\":\"https:\/\/lavanderina.it\/fr\/\"},{\"@type\":\"ListItem\",\"position\":2,\"name\":\"Vaisselle\"}]},{\"@type\":\"WebSite\",\"@id\":\"https:\/\/lavanderina.it\/fr\/#website\",\"url\":\"https:\/\/lavanderina.it\/fr\/\",\"name\":\"Lavanderina\",\"description\":\"Detersivi ecologici, biologici, sostenibili e vegani\",\"potentialAction\":[{\"@type\":\"SearchAction\",\"target\":{\"@type\":\"EntryPoint\",\"urlTemplate\":\"https:\/\/lavanderina.it\/fr\/?s={search_term_string}\"},\"query-input\":{\"@type\":\"PropertyValueSpecification\",\"valueRequired\":true,\"valueName\":\"search_term_string\"}}],\"inLanguage\":\"fr-FR\"}]}<\/script>\r\n<!-- \/ Yoast SEO plugin. -->","yoast_head_json":{"title":"Vaisselle - Lavanderina","robots":{"index":"index","follow":"follow","max-snippet":"max-snippet:-1","max-image-preview":"max-image-preview:large","max-video-preview":"max-video-preview:-1"},"canonical":"https:\/\/lavanderina.it\/fr\/vaisselle\/","og_locale":"fr_FR","og_type":"article","og_title":"Vaisselle - Lavanderina","og_description":"[vc_row][vc_column][mk_padding_divider size=\u00a0\u00bb80&Prime;][\/vc_column][\/vc_row][vc_row][vc_column width=\u00a0\u00bb1\/6&Prime;][\/vc_column][vc_column width=\u00a0\u00bb2\/3&Prime;][mk_fancy_title tag_name=\u00a0\u00bbh3&Prime; color=\u00a0\u00bb#bdd894&Prime; size=\u00a0\u00bb56&Prime; force_font_size=\u00a0\u00bbtrue\u00a0\u00bb size_tablet=\u00a0\u00bb40&Prime; size_phone=\u00a0\u00bb40&Prime; font_weight=\u00a0\u00bb600&Prime; txt_transform=\u00a0\u00bbnone\u00a0\u00bb margin_bottom=\u00a0\u00bb10&Prime; font_family=\u00a0\u00bbPoppins\u00a0\u00bb font_type=\u00a0\u00bbgoogle\u00a0\u00bb align=\u00a0\u00bbcenter\u00a0\u00bb animation=\u00a0\u00bbtop-to-bottom\u00a0\u00bb]Vaisselle[\/mk_fancy_title][mk_fancy_title tag_name=\u00a0\u00bbh3&Prime; color=\u00a0\u00bb#8e8e8e\u00a0\u00bb size=\u00a0\u00bb15&Prime; force_font_size=\u00a0\u00bbtrue\u00a0\u00bb size_tablet=\u00a0\u00bb16&Prime; size_phone=\u00a0\u00bb16&Prime; line_height=\u00a0\u00bb180&Prime; font_weight=\u00a0\u00bb400&Prime; txt_transform=\u00a0\u00bbnone\u00a0\u00bb margin_bottom=\u00a0\u00bb0&Prime; font_family=\u00a0\u00bbPoppins\u00a0\u00bb font_type=\u00a0\u00bbgoogle\u00a0\u00bb align=\u00a0\u00bbcenter\u00a0\u00bb animation=\u00a0\u00bbtop-to-bottom\u00a0\u00bb]Des produits \u00e9co-bio durables et sans danger pour l&rsquo;environnement : tous nos produits ne contiennent que des mati\u00e8res premi\u00e8res v\u00e9g\u00e9tales, biologiques ou non nuisibles \u00e0 [&hellip;]","og_url":"https:\/\/lavanderina.it\/fr\/vaisselle\/","og_site_name":"Lavanderina","article_modified_time":"2021-09-22T14:50:56+00:00","twitter_card":"summary_large_image","twitter_misc":{"Dur\u00e9e de lecture estim\u00e9e":"1 minute"},"schema":{"@context":"https:\/\/schema.org","@graph":[{"@type":"WebPage","@id":"https:\/\/lavanderina.it\/fr\/vaisselle\/","url":"https:\/\/lavanderina.it\/fr\/vaisselle\/","name":"Vaisselle - Lavanderina","isPartOf":{"@id":"https:\/\/lavanderina.it\/fr\/#website"},"datePublished":"2021-09-22T14:50:51+00:00","dateModified":"2021-09-22T14:50:56+00:00","breadcrumb":{"@id":"https:\/\/lavanderina.it\/fr\/vaisselle\/#breadcrumb"},"inLanguage":"fr-FR","potentialAction":[{"@type":"ReadAction","target":["https:\/\/lavanderina.it\/fr\/vaisselle\/"]}]},{"@type":"BreadcrumbList","@id":"https:\/\/lavanderina.it\/fr\/vaisselle\/#breadcrumb","itemListElement":[{"@type":"ListItem","position":1,"name":"Home","item":"https:\/\/lavanderina.it\/fr\/"},{"@type":"ListItem","position":2,"name":"Vaisselle"}]},{"@type":"WebSite","@id":"https:\/\/lavanderina.it\/fr\/#website","url":"https:\/\/lavanderina.it\/fr\/","name":"Lavanderina","description":"Detersivi ecologici, biologici, sostenibili e vegani","potentialAction":[{"@type":"SearchAction","target":{"@type":"EntryPoint","urlTemplate":"https:\/\/lavanderina.it\/fr\/?s={search_term_string}"},"query-input":{"@type":"PropertyValueSpecification","valueRequired":true,"valueName":"search_term_string"}}],"inLanguage":"fr-FR"}]}},"jetpack_sharing_enabled":true,"_links":{"self":[{"href":"https:\/\/lavanderina.it\/fr\/wp-json\/wp\/v2\/pages\/6433","targetHints":{"allow":["GET"]}}],"collection":[{"href":"https:\/\/lavanderina.it\/fr\/wp-json\/wp\/v2\/pages"}],"about":[{"href":"https:\/\/lavanderina.it\/fr\/wp-json\/wp\/v2\/types\/page"}],"author":[{"embeddable":true,"href":"https:\/\/lavanderina.it\/fr\/wp-json\/wp\/v2\/users\/1"}],"replies":[{"embeddable":true,"href":"https:\/\/lavanderina.it\/fr\/wp-json\/wp\/v2\/comments?post=6433"}],"version-history":[{"count":1,"href":"https:\/\/lavanderina.it\/fr\/wp-json\/wp\/v2\/pages\/6433\/revisions"}],"predecessor-version":[{"id":6434,"href":"https:\/\/lavanderina.it\/fr\/wp-json\/wp\/v2\/pages\/6433\/revisions\/6434"}],"wp:attachment":[{"href":"https:\/\/lavanderina.it\/fr\/wp-json\/wp\/v2\/media?parent=6433"}],"curies":[{"name":"wp","href":"https:\/\/api.w.org\/{rel}","templated":true}]}}