{"id":7401,"date":"2021-10-18T07:55:40","date_gmt":"2021-10-18T07:55:40","guid":{"rendered":"https:\/\/www.lavanderina.it\/les-certifications\/"},"modified":"2021-10-18T07:55:52","modified_gmt":"2021-10-18T07:55:52","slug":"les-certifications","status":"publish","type":"page","link":"https:\/\/lavanderina.it\/fr\/les-certifications\/","title":{"rendered":"Les certifications"},"content":{"rendered":"<div class=\"wpb-content-wrapper\">[mk_page_section bg_image=\u00a0\u00bbhttps:\/\/www.lavanderina.it\/wp-content\/uploads\/2021\/08\/certificazioni_pagina-scaled.jpg\u00a0\u00bb bg_image_portrait=\u00a0\u00bbhttps:\/\/www.lavanderina.it\/wp-content\/uploads\/2021\/07\/foto-onda_certificazioni_mobile.png\u00a0\u00bb blend_mode=\u00a0\u00bbmultiply\u00a0\u00bb bg_position=\u00a0\u00bbcenter bottom\u00a0\u00bb bg_repeat=\u00a0\u00bbno-repeat\u00a0\u00bb bg_stretch=\u00a0\u00bbtrue\u00a0\u00bb video_opacity=\u00a0\u00bb0.2&Prime; adaptive_height=\u00a0\u00bbtrue\u00a0\u00bb min_height=\u00a0\u00bb500&Prime; padding_top=\u00a0\u00bb0&Prime; padding_bottom=\u00a0\u00bb140&Prime; sidebar=\u00a0\u00bbsidebar-1&Prime;][vc_column][mk_padding_divider size=\u00a0\u00bb160&Prime; visibility=\u00a0\u00bbhidden-sm\u00a0\u00bb][mk_padding_divider size=\u00a0\u00bb110&Prime;][mk_padding_divider size=\u00a0\u00bb110&Prime; visibility=\u00a0\u00bbvisible-sm\u00a0\u00bb][mk_fancy_title tag_name=\u00a0\u00bbh5&Prime; color=\u00a0\u00bb#ffffff\u00a0\u00bb size=\u00a0\u00bb18&Prime; force_font_size=\u00a0\u00bbtrue\u00a0\u00bb size_phone=\u00a0\u00bb16&Prime; line_height=\u00a0\u00bb90&Prime; font_weight=\u00a0\u00bb600&Prime; txt_transform=\u00a0\u00bbuppercase\u00a0\u00bb letter_spacing=\u00a0\u00bb1&Prime; margin_bottom=\u00a0\u00bb0&Prime; font_family=\u00a0\u00bbPoppins\u00a0\u00bb font_type=\u00a0\u00bbgoogle\u00a0\u00bb]lavanderina[\/mk_fancy_title][mk_fancy_title tag_name=\u00a0\u00bbh1&Prime; color=\u00a0\u00bb#ffffff\u00a0\u00bb size=\u00a0\u00bb56&Prime; force_font_size=\u00a0\u00bbtrue\u00a0\u00bb size_tablet=\u00a0\u00bb45&Prime; size_phone=\u00a0\u00bb40&Prime; line_height=\u00a0\u00bb95&Prime; font_weight=\u00a0\u00bb600&Prime; txt_transform=\u00a0\u00bbnone\u00a0\u00bb margin_bottom=\u00a0\u00bb0&Prime; font_family=\u00a0\u00bbPoppins\u00a0\u00bb font_type=\u00a0\u00bbgoogle\u00a0\u00bb]Les certifications[\/mk_fancy_title][\/vc_column][\/mk_page_section][vc_row][vc_column width=\u00a0\u00bb1\/6&Prime;][\/vc_column][vc_column width=\u00a0\u00bb2\/3&Prime;][mk_padding_divider][mk_fancy_title tag_name=\u00a0\u00bbh3&Prime; color=\u00a0\u00bb#bdd894&Prime; size=\u00a0\u00bb40&Prime; force_font_size=\u00a0\u00bbtrue\u00a0\u00bb size_tablet=\u00a0\u00bb40&Prime; size_phone=\u00a0\u00bb40&Prime; font_weight=\u00a0\u00bbbold\u00a0\u00bb txt_transform=\u00a0\u00bbnone\u00a0\u00bb margin_bottom=\u00a0\u00bb10&Prime; font_family=\u00a0\u00bbPoppins\u00a0\u00bb font_type=\u00a0\u00bbgoogle\u00a0\u00bb align=\u00a0\u00bbcenter\u00a0\u00bb animation=\u00a0\u00bbtop-to-bottom\u00a0\u00bb]Nos certifications[\/mk_fancy_title][mk_fancy_title tag_name=\u00a0\u00bbh3&Prime; color=\u00a0\u00bb#8e8e8e\u00a0\u00bb size=\u00a0\u00bb15&Prime; force_font_size=\u00a0\u00bbtrue\u00a0\u00bb size_tablet=\u00a0\u00bb16&Prime; size_phone=\u00a0\u00bb16&Prime; line_height=\u00a0\u00bb180&Prime; font_weight=\u00a0\u00bb400&Prime; txt_transform=\u00a0\u00bbnone\u00a0\u00bb margin_bottom=\u00a0\u00bb0&Prime; font_family=\u00a0\u00bbPoppins\u00a0\u00bb font_type=\u00a0\u00bbgoogle\u00a0\u00bb align=\u00a0\u00bbcenter\u00a0\u00bb animation=\u00a0\u00bbtop-to-bottom\u00a0\u00bb]Aujourd&rsquo;hui, une entreprise qui croit en une philosophie verte et la met en pratique a beaucoup de facilit\u00e9s dans le monde de la certification, car il est tr\u00e8s probable qu&rsquo;elle respecte d\u00e9j\u00e0 les normes fix\u00e9es par les diff\u00e9rents organismes de certification.<\/p>\n<p style=\"text-align: center;\">C&rsquo;est ce que nous constatons et c&rsquo;est la raison pour laquelle nous avons choisi diff\u00e9rentes certifications, mais nous pensons d\u00e9j\u00e0 \u00e0 en introduire d&rsquo;autres pour confirmer la sinc\u00e9rit\u00e9 de notre engagement.<\/p>\n<p>&nbsp;[\/mk_fancy_title][\/vc_column][vc_column width=\u00a0\u00bb1\/6&Prime;][\/vc_column][\/vc_row][vc_row][vc_column][mk_padding_divider size=\u00a0\u00bb30&Prime;][\/vc_column][\/vc_row][mk_page_section bg_image=\u00a0\u00bbhttps:\/\/www.lavanderina.it\/wp-content\/uploads\/2021\/06\/katherine-hanlon-mod2s3-qfoc-unsplash-2-scaled.jpg\u00a0\u00bb bg_color=\u00a0\u00bb#f6f9fc\u00a0\u00bb bg_position=\u00a0\u00bbcenter center\u00a0\u00bb bg_repeat=\u00a0\u00bbno-repeat\u00a0\u00bb bg_stretch=\u00a0\u00bbtrue\u00a0\u00bb video_color_mask=\u00a0\u00bb#000000&Prime; video_opacity=\u00a0\u00bb0.2&Prime; min_height=\u00a0\u00bb422&Prime; padding_top=\u00a0\u00bb100&Prime; padding_bottom=\u00a0\u00bb60&Prime; sidebar=\u00a0\u00bbsidebar-1&Prime;][vc_column width=\u00a0\u00bb2\/3&Prime;][mk_padding_divider size=\u00a0\u00bb20&Prime;][mk_fancy_title tag_name=\u00a0\u00bbh3&Prime; color=\u00a0\u00bb#ffffff\u00a0\u00bb size=\u00a0\u00bb40&Prime; force_font_size=\u00a0\u00bbtrue\u00a0\u00bb size_tablet=\u00a0\u00bb40&Prime; size_phone=\u00a0\u00bb40&Prime; font_weight=\u00a0\u00bbbold\u00a0\u00bb txt_transform=\u00a0\u00bbnone\u00a0\u00bb margin_bottom=\u00a0\u00bb10&Prime; font_family=\u00a0\u00bbPoppins\u00a0\u00bb font_type=\u00a0\u00bbgoogle\u00a0\u00bb responsive_align=\u00a0\u00bbleft\u00a0\u00bb animation=\u00a0\u00bbtop-to-bottom\u00a0\u00bb]Certifi\u00e9s<br \/>\n<span style=\"color: #bdd894;\">\u00e0 tous \u00e9gards<\/span>[\/mk_fancy_title][mk_fancy_title tag_name=\u00a0\u00bbh3&Prime; color=\u00a0\u00bb#ffffff\u00a0\u00bb size=\u00a0\u00bb15&Prime; force_font_size=\u00a0\u00bbtrue\u00a0\u00bb size_tablet=\u00a0\u00bb16&Prime; size_phone=\u00a0\u00bb16&Prime; line_height=\u00a0\u00bb150&Prime; font_weight=\u00a0\u00bb400&Prime; txt_transform=\u00a0\u00bbnone\u00a0\u00bb margin_bottom=\u00a0\u00bb0&Prime; font_family=\u00a0\u00bbPoppins\u00a0\u00bb font_type=\u00a0\u00bbgoogle\u00a0\u00bb responsive_align=\u00a0\u00bbleft\u00a0\u00bb animation=\u00a0\u00bbtop-to-bottom\u00a0\u00bb]Nous sommes certifi\u00e9s dans tous les aspects fondamentaux li\u00e9s \u00e0 notre projet, afin de n&rsquo;utiliser que les meilleures mati\u00e8res premi\u00e8res et de les transformer de la meilleure fa\u00e7on possible.[\/mk_fancy_title][mk_padding_divider size=\u00a0\u00bb30&Prime; visibility=\u00a0\u00bbhidden-sm\u00a0\u00bb][\/vc_column][vc_column width=\u00a0\u00bb1\/3&Prime;][\/vc_column][\/mk_page_section][vc_row fullwidth=\u00a0\u00bbtrue\u00a0\u00bb fullwidth_content=\u00a0\u00bbfalse\u00a0\u00bb css=\u00a0\u00bb.vc_custom_1624442112588{background-color: rgba(239,234,227,0.44) !important;*background-color: rgb(239,234,227) !important;}\u00a0\u00bb][vc_column width=\u00a0\u00bb1\/2&Prime;][mk_padding_divider visibility=\u00a0\u00bbhidden-sm\u00a0\u00bb][mk_padding_divider visibility=\u00a0\u00bbhidden-sm\u00a0\u00bb][mk_icon_box2 icon_type=\u00a0\u00bbimage\u00a0\u00bb icon_size=\u00a0\u00bb128&Prime; icon_image=\u00a0\u00bbhttps:\/\/www.lavanderina.it\/wp-content\/uploads\/2021\/06\/icona-cert.2.png\u00a0\u00bb title=\u00a0\u00bbDETERGENZA PULITA AIAB\u00a0\u00bb title_size=\u00a0\u00bb15&Prime; title_weight=\u00a0\u00bbbold\u00a0\u00bb title_color=\u00a0\u00bb#144733&Prime; title_top_padding=\u00a0\u00bb20&Prime; description_color=\u00a0\u00bb#8e8e8e\u00a0\u00bb el_class=\u00a0\u00bbicona_aiab\u00a0\u00bb]Detergenza Pulita AIAB est le label de l&rsquo;Association italienne pour l&rsquo;agriculture biologique qui certifie le faible impact environnemental et la pr\u00e9sence d&rsquo;ingr\u00e9dients biologiques.<\/p>\n<p>&nbsp;[\/mk_icon_box2][mk_padding_divider visibility=\u00a0\u00bbhidden-sm\u00a0\u00bb][\/vc_column][vc_column width=\u00a0\u00bb1\/2&Prime;][mk_padding_divider visibility=\u00a0\u00bbhidden-sm\u00a0\u00bb][mk_padding_divider visibility=\u00a0\u00bbhidden-sm\u00a0\u00bb][mk_icon_box2 icon_type=\u00a0\u00bbimage\u00a0\u00bb icon_size=\u00a0\u00bb128&Prime; icon_image=\u00a0\u00bbhttps:\/\/www.lavanderina.it\/wp-content\/uploads\/2021\/07\/eco-bio-veg.png\u00a0\u00bb title=\u00a0\u00bbETICA ECO-BIO-VEGAN\u00a0\u00bb title_size=\u00a0\u00bb15&Prime; title_weight=\u00a0\u00bbbold\u00a0\u00bb title_color=\u00a0\u00bb#144733&Prime; title_top_padding=\u00a0\u00bb20&Prime; description_color=\u00a0\u00bb#8e8e8e\u00a0\u00bb el_class=\u00a0\u00bbveganok\u00a0\u00bb]Le label \u00c9CO-BIO-V\u00c9GAN est une certification \u00e9thique qui atteste l&rsquo;absence d&rsquo;ingr\u00e9dients d&rsquo;origine animale, garantissant l&rsquo;achat d&rsquo;un produit \u00e0 base v\u00e9g\u00e9tale.[\/mk_icon_box2][mk_padding_divider][\/vc_column][\/vc_row][vc_row fullwidth=\u00a0\u00bbtrue\u00a0\u00bb fullwidth_content=\u00a0\u00bbfalse\u00a0\u00bb css=\u00a0\u00bb.vc_custom_1624442112588{background-color: rgba(239,234,227,0.44) !important;*background-color: rgb(239,234,227) !important;}\u00a0\u00bb][vc_column width=\u00a0\u00bb1\/2&Prime;][mk_icon_box2 icon_type=\u00a0\u00bbimage\u00a0\u00bb icon_size=\u00a0\u00bb128&Prime; icon_image=\u00a0\u00bbhttps:\/\/www.lavanderina.it\/wp-content\/uploads\/2021\/06\/icona-cert.1.png\u00a0\u00bb title=\u00a0\u00bbTEST\u00c9 DERMATOLOGIQUEMENT\u00a0\u00bb title_size=\u00a0\u00bb15&Prime; title_weight=\u00a0\u00bbbold\u00a0\u00bb title_color=\u00a0\u00bb#144733&Prime; title_top_padding=\u00a0\u00bb20&Prime; description_color=\u00a0\u00bb#8e8e8e\u00a0\u00bb]Nous soumettons les produits qui entrent le plus en contact avec la peau \u00e0 des tests de tol\u00e9rance cutan\u00e9e afin de respecter la peau du consommateur.[\/mk_icon_box2][mk_padding_divider size=\u00a0\u00bb20&Prime;][\/vc_column][vc_column width=\u00a0\u00bb1\/2&Prime;][mk_icon_box2 icon_type=\u00a0\u00bbimage\u00a0\u00bb icon_size=\u00a0\u00bb128&Prime; icon_image=\u00a0\u00bbhttps:\/\/www.lavanderina.it\/wp-content\/uploads\/2021\/07\/eco-bio-control.png\u00a0\u00bb title=\u00a0\u00bbECO-BIO-CONTROL\u00a0\u00bb title_size=\u00a0\u00bb15&Prime; title_weight=\u00a0\u00bbbold\u00a0\u00bb title_color=\u00a0\u00bb#144733&Prime; title_top_padding=\u00a0\u00bb20&Prime; description_color=\u00a0\u00bb#8e8e8e\u00a0\u00bb]\u00c9CO-BIO-CONTROL est le label du Dr Zago, une sommit\u00e9 dans le monde des d\u00e9tergents et des cosm\u00e9tiques propres, naturels, v\u00e9gans et durables.[\/mk_icon_box2][mk_padding_divider][\/vc_column][\/vc_row][vc_row fullwidth=\u00a0\u00bbtrue\u00a0\u00bb fullwidth_content=\u00a0\u00bbfalse\u00a0\u00bb css=\u00a0\u00bb.vc_custom_1624442112588{background-color: rgba(239,234,227,0.44) !important;*background-color: rgb(239,234,227) !important;}\u00a0\u00bb][vc_column][mk_padding_divider size=\u00a0\u00bb20&Prime;][mk_icon_box2 icon_type=\u00a0\u00bbimage\u00a0\u00bb icon_size=\u00a0\u00bb128&Prime; icon_image=\u00a0\u00bbhttps:\/\/www.lavanderina.it\/wp-content\/uploads\/2021\/07\/cqy.png\u00a0\u00bb title=\u00a0\u00bbGMP CERTIFI\u00c9ES\u00a0\u00bb title_size=\u00a0\u00bb15&Prime; title_weight=\u00a0\u00bbbold\u00a0\u00bb title_color=\u00a0\u00bb#144733&Prime; title_top_padding=\u00a0\u00bb20&Prime; description_color=\u00a0\u00bb#8e8e8e\u00a0\u00bb]Les bonnes pratiques de fabrication (BPF) sont un ensemble de r\u00e8gles qui garantissent que la production, g\u00e9n\u00e9ralement de cosm\u00e9tiques et de produits alimentaires, est effectu\u00e9e selon les normes les plus \u00e9lev\u00e9es en mati\u00e8re de propret\u00e9, de s\u00e9curit\u00e9, d&rsquo;organisation, etc., afin de garantir au consommateur des produits de haute qualit\u00e9 et s\u00fbrs. Nous les appliquons, et sommes certifi\u00e9s pour le faire, dans le monde des d\u00e9tergents, d\u00e9montrant ainsi notre large engagement.[\/mk_icon_box2][mk_padding_divider][\/vc_column][\/vc_row][mk_page_section bg_color=\u00a0\u00bb#bdd894&Prime; padding_top=\u00a0\u00bb40&Prime; padding_bottom=\u00a0\u00bb40&Prime; sidebar=\u00a0\u00bbsidebar-1&Prime;][vc_column width=\u00a0\u00bb1\/6&Prime;][\/vc_column][vc_column width=\u00a0\u00bb2\/3&Prime;][mk_padding_divider size=\u00a0\u00bb5&Prime;][mk_fancy_title tag_name=\u00a0\u00bbh3&Prime; color=\u00a0\u00bb#ffffff\u00a0\u00bb size=\u00a0\u00bb40&Prime; force_font_size=\u00a0\u00bbtrue\u00a0\u00bb size_tablet=\u00a0\u00bb40&Prime; size_phone=\u00a0\u00bb40&Prime; font_weight=\u00a0\u00bbbold\u00a0\u00bb txt_transform=\u00a0\u00bbnone\u00a0\u00bb margin_bottom=\u00a0\u00bb10&Prime; font_family=\u00a0\u00bbPoppins\u00a0\u00bb font_type=\u00a0\u00bbgoogle\u00a0\u00bb align=\u00a0\u00bbcenter\u00a0\u00bb animation=\u00a0\u00bbtop-to-bottom\u00a0\u00bb]Visitez la boutique en ligne[\/mk_fancy_title][mk_fancy_title tag_name=\u00a0\u00bbh3&Prime; color=\u00a0\u00bb#ffffff\u00a0\u00bb size=\u00a0\u00bb15&Prime; force_font_size=\u00a0\u00bbtrue\u00a0\u00bb size_tablet=\u00a0\u00bb16&Prime; size_phone=\u00a0\u00bb16&Prime; line_height=\u00a0\u00bb180&Prime; font_weight=\u00a0\u00bb400&Prime; txt_transform=\u00a0\u00bbnone\u00a0\u00bb margin_bottom=\u00a0\u00bb0&Prime; font_family=\u00a0\u00bbPoppins\u00a0\u00bb font_type=\u00a0\u00bbgoogle\u00a0\u00bb align=\u00a0\u00bbcenter\u00a0\u00bb animation=\u00a0\u00bbtop-to-bottom\u00a0\u00bb]Tous nos produits ne contiennent que des mati\u00e8res organiques ou en aucun cas non nocives pour l&rsquo;\u00e9cosyst\u00e8me.[\/mk_fancy_title][mk_padding_divider size=\u00a0\u00bb10&Prime; visibility=\u00a0\u00bbvisible-sm\u00a0\u00bb][mk_button dimension=\u00a0\u00bbflat\u00a0\u00bb corner_style=\u00a0\u00bbfull_rounded\u00a0\u00bb size=\u00a0\u00bbmedium\u00a0\u00bb align=\u00a0\u00bbcenter\u00a0\u00bb margin_top=\u00a0\u00bb15&Prime; animation=\u00a0\u00bbfade-in\u00a0\u00bb el_class=\u00a0\u00bbbottone_cta\u00a0\u00bb bg_color=\u00a0\u00bb#ffffff\u00a0\u00bb btn_hover_bg=\u00a0\u00bb#ffffff\u00a0\u00bb text_color=\u00a0\u00bbdark\u00a0\u00bb]Visitez la boutique en ligne[\/mk_button][\/vc_column][vc_column width=\u00a0\u00bb1\/6&Prime;][\/vc_column][\/mk_page_section]\n<\/div>","protected":false},"excerpt":{"rendered":"<p>[mk_page_section bg_image=\u00a0\u00bbhttps:\/\/www.lavanderina.it\/wp-content\/uploads\/2021\/08\/certificazioni_pagina-scaled.jpg\u00a0\u00bb bg_image_portrait=\u00a0\u00bbhttps:\/\/www.lavanderina.it\/wp-content\/uploads\/2021\/07\/foto-onda_certificazioni_mobile.png\u00a0\u00bb blend_mode=\u00a0\u00bbmultiply\u00a0\u00bb bg_position=\u00a0\u00bbcenter bottom\u00a0\u00bb bg_repeat=\u00a0\u00bbno-repeat\u00a0\u00bb bg_stretch=\u00a0\u00bbtrue\u00a0\u00bb video_opacity=\u00a0\u00bb0.2&Prime; adaptive_height=\u00a0\u00bbtrue\u00a0\u00bb min_height=\u00a0\u00bb500&Prime; padding_top=\u00a0\u00bb0&Prime; padding_bottom=\u00a0\u00bb140&Prime; sidebar=\u00a0\u00bbsidebar-1&Prime;][vc_column][mk_padding_divider size=\u00a0\u00bb160&Prime; visibility=\u00a0\u00bbhidden-sm\u00a0\u00bb][mk_padding_divider size=\u00a0\u00bb110&Prime;][mk_padding_divider size=\u00a0\u00bb110&Prime; visibility=\u00a0\u00bbvisible-sm\u00a0\u00bb][mk_fancy_title tag_name=\u00a0\u00bbh5&Prime; color=\u00a0\u00bb#ffffff\u00a0\u00bb size=\u00a0\u00bb18&Prime; force_font_size=\u00a0\u00bbtrue\u00a0\u00bb size_phone=\u00a0\u00bb16&Prime; line_height=\u00a0\u00bb90&Prime; font_weight=\u00a0\u00bb600&Prime; txt_transform=\u00a0\u00bbuppercase\u00a0\u00bb letter_spacing=\u00a0\u00bb1&Prime; margin_bottom=\u00a0\u00bb0&Prime; font_family=\u00a0\u00bbPoppins\u00a0\u00bb font_type=\u00a0\u00bbgoogle\u00a0\u00bb]lavanderina[\/mk_fancy_title][mk_fancy_title tag_name=\u00a0\u00bbh1&Prime; color=\u00a0\u00bb#ffffff\u00a0\u00bb size=\u00a0\u00bb56&Prime; force_font_size=\u00a0\u00bbtrue\u00a0\u00bb size_tablet=\u00a0\u00bb45&Prime; size_phone=\u00a0\u00bb40&Prime; line_height=\u00a0\u00bb95&Prime; font_weight=\u00a0\u00bb600&Prime; txt_transform=\u00a0\u00bbnone\u00a0\u00bb margin_bottom=\u00a0\u00bb0&Prime; font_family=\u00a0\u00bbPoppins\u00a0\u00bb font_type=\u00a0\u00bbgoogle\u00a0\u00bb]Les certifications[\/mk_fancy_title][\/vc_column][\/mk_page_section][vc_row][vc_column width=\u00a0\u00bb1\/6&Prime;][\/vc_column][vc_column width=\u00a0\u00bb2\/3&Prime;][mk_padding_divider][mk_fancy_title tag_name=\u00a0\u00bbh3&Prime; color=\u00a0\u00bb#bdd894&Prime; size=\u00a0\u00bb40&Prime; force_font_size=\u00a0\u00bbtrue\u00a0\u00bb size_tablet=\u00a0\u00bb40&Prime; size_phone=\u00a0\u00bb40&Prime; font_weight=\u00a0\u00bbbold\u00a0\u00bb txt_transform=\u00a0\u00bbnone\u00a0\u00bb margin_bottom=\u00a0\u00bb10&Prime; [&hellip;]<\/p>\n","protected":false},"author":2,"featured_media":0,"parent":0,"menu_order":0,"comment_status":"closed","ping_status":"closed","template":"","meta":{"footnotes":""},"class_list":["post-7401","page","type-page","status-publish","hentry"],"yoast_head":"<!-- This site is optimized with the Yoast SEO plugin v24.8 - https:\/\/yoast.com\/wordpress\/plugins\/seo\/ -->\r\n<title>Les certifications - Lavanderina<\/title>\r\n<meta name=\"robots\" content=\"index, follow, max-snippet:-1, max-image-preview:large, max-video-preview:-1\" \/>\r\n<link rel=\"canonical\" href=\"https:\/\/lavanderina.it\/fr\/les-certifications\/\" \/>\r\n<meta property=\"og:locale\" content=\"fr_FR\" \/>\r\n<meta property=\"og:type\" content=\"article\" \/>\r\n<meta property=\"og:title\" content=\"Les certifications - Lavanderina\" \/>\r\n<meta property=\"og:description\" content=\"[mk_page_section bg_image=\u00a0\u00bbhttps:\/\/www.lavanderina.it\/wp-content\/uploads\/2021\/08\/certificazioni_pagina-scaled.jpg\u00a0\u00bb bg_image_portrait=\u00a0\u00bbhttps:\/\/www.lavanderina.it\/wp-content\/uploads\/2021\/07\/foto-onda_certificazioni_mobile.png\u00a0\u00bb blend_mode=\u00a0\u00bbmultiply\u00a0\u00bb bg_position=\u00a0\u00bbcenter bottom\u00a0\u00bb bg_repeat=\u00a0\u00bbno-repeat\u00a0\u00bb bg_stretch=\u00a0\u00bbtrue\u00a0\u00bb video_opacity=\u00a0\u00bb0.2&Prime; adaptive_height=\u00a0\u00bbtrue\u00a0\u00bb min_height=\u00a0\u00bb500&Prime; padding_top=\u00a0\u00bb0&Prime; padding_bottom=\u00a0\u00bb140&Prime; sidebar=\u00a0\u00bbsidebar-1&Prime;][vc_column][mk_padding_divider size=\u00a0\u00bb160&Prime; visibility=\u00a0\u00bbhidden-sm\u00a0\u00bb][mk_padding_divider size=\u00a0\u00bb110&Prime;][mk_padding_divider size=\u00a0\u00bb110&Prime; visibility=\u00a0\u00bbvisible-sm\u00a0\u00bb][mk_fancy_title tag_name=\u00a0\u00bbh5&Prime; color=\u00a0\u00bb#ffffff\u00a0\u00bb size=\u00a0\u00bb18&Prime; force_font_size=\u00a0\u00bbtrue\u00a0\u00bb size_phone=\u00a0\u00bb16&Prime; line_height=\u00a0\u00bb90&Prime; font_weight=\u00a0\u00bb600&Prime; txt_transform=\u00a0\u00bbuppercase\u00a0\u00bb letter_spacing=\u00a0\u00bb1&Prime; margin_bottom=\u00a0\u00bb0&Prime; font_family=\u00a0\u00bbPoppins\u00a0\u00bb font_type=\u00a0\u00bbgoogle\u00a0\u00bb]lavanderina[\/mk_fancy_title][mk_fancy_title tag_name=\u00a0\u00bbh1&Prime; color=\u00a0\u00bb#ffffff\u00a0\u00bb size=\u00a0\u00bb56&Prime; force_font_size=\u00a0\u00bbtrue\u00a0\u00bb size_tablet=\u00a0\u00bb45&Prime; size_phone=\u00a0\u00bb40&Prime; line_height=\u00a0\u00bb95&Prime; font_weight=\u00a0\u00bb600&Prime; txt_transform=\u00a0\u00bbnone\u00a0\u00bb margin_bottom=\u00a0\u00bb0&Prime; font_family=\u00a0\u00bbPoppins\u00a0\u00bb font_type=\u00a0\u00bbgoogle\u00a0\u00bb]Les certifications[\/mk_fancy_title][\/vc_column][\/mk_page_section][vc_row][vc_column width=\u00a0\u00bb1\/6&Prime;][\/vc_column][vc_column width=\u00a0\u00bb2\/3&Prime;][mk_padding_divider][mk_fancy_title tag_name=\u00a0\u00bbh3&Prime; color=\u00a0\u00bb#bdd894&Prime; size=\u00a0\u00bb40&Prime; force_font_size=\u00a0\u00bbtrue\u00a0\u00bb size_tablet=\u00a0\u00bb40&Prime; size_phone=\u00a0\u00bb40&Prime; font_weight=\u00a0\u00bbbold\u00a0\u00bb txt_transform=\u00a0\u00bbnone\u00a0\u00bb margin_bottom=\u00a0\u00bb10&Prime; [&hellip;]\" \/>\r\n<meta property=\"og:url\" content=\"https:\/\/lavanderina.it\/fr\/les-certifications\/\" \/>\r\n<meta property=\"og:site_name\" content=\"Lavanderina\" \/>\r\n<meta property=\"article:modified_time\" content=\"2021-10-18T07:55:52+00:00\" \/>\r\n<meta name=\"twitter:card\" content=\"summary_large_image\" \/>\r\n<meta name=\"twitter:label1\" content=\"Dur\u00e9e de lecture estim\u00e9e\" \/>\n\t<meta name=\"twitter:data1\" content=\"6 minutes\" \/>\r\n<script type=\"application\/ld+json\" class=\"yoast-schema-graph\">{\"@context\":\"https:\/\/schema.org\",\"@graph\":[{\"@type\":\"WebPage\",\"@id\":\"https:\/\/lavanderina.it\/fr\/les-certifications\/\",\"url\":\"https:\/\/lavanderina.it\/fr\/les-certifications\/\",\"name\":\"Les certifications - Lavanderina\",\"isPartOf\":{\"@id\":\"https:\/\/lavanderina.it\/fr\/#website\"},\"datePublished\":\"2021-10-18T07:55:40+00:00\",\"dateModified\":\"2021-10-18T07:55:52+00:00\",\"breadcrumb\":{\"@id\":\"https:\/\/lavanderina.it\/fr\/les-certifications\/#breadcrumb\"},\"inLanguage\":\"fr-FR\",\"potentialAction\":[{\"@type\":\"ReadAction\",\"target\":[\"https:\/\/lavanderina.it\/fr\/les-certifications\/\"]}]},{\"@type\":\"BreadcrumbList\",\"@id\":\"https:\/\/lavanderina.it\/fr\/les-certifications\/#breadcrumb\",\"itemListElement\":[{\"@type\":\"ListItem\",\"position\":1,\"name\":\"Home\",\"item\":\"https:\/\/lavanderina.it\/fr\/\"},{\"@type\":\"ListItem\",\"position\":2,\"name\":\"Les certifications\"}]},{\"@type\":\"WebSite\",\"@id\":\"https:\/\/lavanderina.it\/fr\/#website\",\"url\":\"https:\/\/lavanderina.it\/fr\/\",\"name\":\"Lavanderina\",\"description\":\"Detersivi ecologici, biologici, sostenibili e vegani\",\"potentialAction\":[{\"@type\":\"SearchAction\",\"target\":{\"@type\":\"EntryPoint\",\"urlTemplate\":\"https:\/\/lavanderina.it\/fr\/?s={search_term_string}\"},\"query-input\":{\"@type\":\"PropertyValueSpecification\",\"valueRequired\":true,\"valueName\":\"search_term_string\"}}],\"inLanguage\":\"fr-FR\"}]}<\/script>\r\n<!-- \/ Yoast SEO plugin. -->","yoast_head_json":{"title":"Les certifications - Lavanderina","robots":{"index":"index","follow":"follow","max-snippet":"max-snippet:-1","max-image-preview":"max-image-preview:large","max-video-preview":"max-video-preview:-1"},"canonical":"https:\/\/lavanderina.it\/fr\/les-certifications\/","og_locale":"fr_FR","og_type":"article","og_title":"Les certifications - Lavanderina","og_description":"[mk_page_section bg_image=\u00a0\u00bbhttps:\/\/www.lavanderina.it\/wp-content\/uploads\/2021\/08\/certificazioni_pagina-scaled.jpg\u00a0\u00bb bg_image_portrait=\u00a0\u00bbhttps:\/\/www.lavanderina.it\/wp-content\/uploads\/2021\/07\/foto-onda_certificazioni_mobile.png\u00a0\u00bb blend_mode=\u00a0\u00bbmultiply\u00a0\u00bb bg_position=\u00a0\u00bbcenter bottom\u00a0\u00bb bg_repeat=\u00a0\u00bbno-repeat\u00a0\u00bb bg_stretch=\u00a0\u00bbtrue\u00a0\u00bb video_opacity=\u00a0\u00bb0.2&Prime; adaptive_height=\u00a0\u00bbtrue\u00a0\u00bb min_height=\u00a0\u00bb500&Prime; padding_top=\u00a0\u00bb0&Prime; padding_bottom=\u00a0\u00bb140&Prime; sidebar=\u00a0\u00bbsidebar-1&Prime;][vc_column][mk_padding_divider size=\u00a0\u00bb160&Prime; visibility=\u00a0\u00bbhidden-sm\u00a0\u00bb][mk_padding_divider size=\u00a0\u00bb110&Prime;][mk_padding_divider size=\u00a0\u00bb110&Prime; visibility=\u00a0\u00bbvisible-sm\u00a0\u00bb][mk_fancy_title tag_name=\u00a0\u00bbh5&Prime; color=\u00a0\u00bb#ffffff\u00a0\u00bb size=\u00a0\u00bb18&Prime; force_font_size=\u00a0\u00bbtrue\u00a0\u00bb size_phone=\u00a0\u00bb16&Prime; line_height=\u00a0\u00bb90&Prime; font_weight=\u00a0\u00bb600&Prime; txt_transform=\u00a0\u00bbuppercase\u00a0\u00bb letter_spacing=\u00a0\u00bb1&Prime; margin_bottom=\u00a0\u00bb0&Prime; font_family=\u00a0\u00bbPoppins\u00a0\u00bb font_type=\u00a0\u00bbgoogle\u00a0\u00bb]lavanderina[\/mk_fancy_title][mk_fancy_title tag_name=\u00a0\u00bbh1&Prime; color=\u00a0\u00bb#ffffff\u00a0\u00bb size=\u00a0\u00bb56&Prime; force_font_size=\u00a0\u00bbtrue\u00a0\u00bb size_tablet=\u00a0\u00bb45&Prime; size_phone=\u00a0\u00bb40&Prime; line_height=\u00a0\u00bb95&Prime; font_weight=\u00a0\u00bb600&Prime; txt_transform=\u00a0\u00bbnone\u00a0\u00bb margin_bottom=\u00a0\u00bb0&Prime; font_family=\u00a0\u00bbPoppins\u00a0\u00bb font_type=\u00a0\u00bbgoogle\u00a0\u00bb]Les certifications[\/mk_fancy_title][\/vc_column][\/mk_page_section][vc_row][vc_column width=\u00a0\u00bb1\/6&Prime;][\/vc_column][vc_column width=\u00a0\u00bb2\/3&Prime;][mk_padding_divider][mk_fancy_title tag_name=\u00a0\u00bbh3&Prime; color=\u00a0\u00bb#bdd894&Prime; size=\u00a0\u00bb40&Prime; force_font_size=\u00a0\u00bbtrue\u00a0\u00bb size_tablet=\u00a0\u00bb40&Prime; size_phone=\u00a0\u00bb40&Prime; font_weight=\u00a0\u00bbbold\u00a0\u00bb txt_transform=\u00a0\u00bbnone\u00a0\u00bb margin_bottom=\u00a0\u00bb10&Prime; [&hellip;]","og_url":"https:\/\/lavanderina.it\/fr\/les-certifications\/","og_site_name":"Lavanderina","article_modified_time":"2021-10-18T07:55:52+00:00","twitter_card":"summary_large_image","twitter_misc":{"Dur\u00e9e de lecture estim\u00e9e":"6 minutes"},"schema":{"@context":"https:\/\/schema.org","@graph":[{"@type":"WebPage","@id":"https:\/\/lavanderina.it\/fr\/les-certifications\/","url":"https:\/\/lavanderina.it\/fr\/les-certifications\/","name":"Les certifications - Lavanderina","isPartOf":{"@id":"https:\/\/lavanderina.it\/fr\/#website"},"datePublished":"2021-10-18T07:55:40+00:00","dateModified":"2021-10-18T07:55:52+00:00","breadcrumb":{"@id":"https:\/\/lavanderina.it\/fr\/les-certifications\/#breadcrumb"},"inLanguage":"fr-FR","potentialAction":[{"@type":"ReadAction","target":["https:\/\/lavanderina.it\/fr\/les-certifications\/"]}]},{"@type":"BreadcrumbList","@id":"https:\/\/lavanderina.it\/fr\/les-certifications\/#breadcrumb","itemListElement":[{"@type":"ListItem","position":1,"name":"Home","item":"https:\/\/lavanderina.it\/fr\/"},{"@type":"ListItem","position":2,"name":"Les certifications"}]},{"@type":"WebSite","@id":"https:\/\/lavanderina.it\/fr\/#website","url":"https:\/\/lavanderina.it\/fr\/","name":"Lavanderina","description":"Detersivi ecologici, biologici, sostenibili e vegani","potentialAction":[{"@type":"SearchAction","target":{"@type":"EntryPoint","urlTemplate":"https:\/\/lavanderina.it\/fr\/?s={search_term_string}"},"query-input":{"@type":"PropertyValueSpecification","valueRequired":true,"valueName":"search_term_string"}}],"inLanguage":"fr-FR"}]}},"jetpack_sharing_enabled":true,"_links":{"self":[{"href":"https:\/\/lavanderina.it\/fr\/wp-json\/wp\/v2\/pages\/7401","targetHints":{"allow":["GET"]}}],"collection":[{"href":"https:\/\/lavanderina.it\/fr\/wp-json\/wp\/v2\/pages"}],"about":[{"href":"https:\/\/lavanderina.it\/fr\/wp-json\/wp\/v2\/types\/page"}],"author":[{"embeddable":true,"href":"https:\/\/lavanderina.it\/fr\/wp-json\/wp\/v2\/users\/2"}],"replies":[{"embeddable":true,"href":"https:\/\/lavanderina.it\/fr\/wp-json\/wp\/v2\/comments?post=7401"}],"version-history":[{"count":2,"href":"https:\/\/lavanderina.it\/fr\/wp-json\/wp\/v2\/pages\/7401\/revisions"}],"predecessor-version":[{"id":7403,"href":"https:\/\/lavanderina.it\/fr\/wp-json\/wp\/v2\/pages\/7401\/revisions\/7403"}],"wp:attachment":[{"href":"https:\/\/lavanderina.it\/fr\/wp-json\/wp\/v2\/media?parent=7401"}],"curies":[{"name":"wp","href":"https:\/\/api.w.org\/{rel}","templated":true}]}}