{"id":7519,"date":"2021-10-18T09:09:54","date_gmt":"2021-10-18T09:09:54","guid":{"rendered":"https:\/\/www.lavanderina.it\/liste-des-ingredients\/"},"modified":"2021-10-18T09:09:58","modified_gmt":"2021-10-18T09:09:58","slug":"liste-des-ingredients","status":"publish","type":"page","link":"https:\/\/lavanderina.it\/fr\/liste-des-ingredients\/","title":{"rendered":"Liste des ingr\u00e9dients"},"content":{"rendered":"<div class=\"wpb-content-wrapper\">[vc_row][vc_column][mk_padding_divider size=\u00a0\u00bb80&Prime;][\/vc_column][\/vc_row][vc_row][vc_column width=\u00a0\u00bb1\/6&Prime;][\/vc_column][vc_column width=\u00a0\u00bb2\/3&Prime;][mk_fancy_title tag_name=\u00a0\u00bbh3&Prime; color=\u00a0\u00bb#bdd894&Prime; size=\u00a0\u00bb56&Prime; force_font_size=\u00a0\u00bbtrue\u00a0\u00bb size_tablet=\u00a0\u00bb40&Prime; size_phone=\u00a0\u00bb40&Prime; font_weight=\u00a0\u00bb600&Prime; txt_transform=\u00a0\u00bbnone\u00a0\u00bb margin_bottom=\u00a0\u00bb10&Prime; font_family=\u00a0\u00bbPoppins\u00a0\u00bb font_type=\u00a0\u00bbgoogle\u00a0\u00bb align=\u00a0\u00bbcenter\u00a0\u00bb animation=\u00a0\u00bbtop-to-bottom\u00a0\u00bb]Liste des ingr\u00e9dients[\/mk_fancy_title][\/vc_column][vc_column width=\u00a0\u00bb1\/6&Prime;][\/vc_column][\/vc_row][vc_row][vc_column][mk_padding_divider size=\u00a0\u00bb60&Prime;][\/vc_column][\/vc_row][vc_row attached=\u00a0\u00bbtrue\u00a0\u00bb column_padding=\u00a0\u00bb1&Prime;][vc_column width=\u00a0\u00bb5\/6&Prime;][vc_accordions style=\u00a0\u00bbsimple-style\u00a0\u00bb container_bg_color=\u00a0\u00bbrgba(239,234,227,0.44)\u00a0\u00bb][vc_accordion_tab title=\u00a0\u00bbAdoucissant concentr\u00e9\u00a0\u00bb][mk_button dimension=\u00a0\u00bbflat\u00a0\u00bb corner_style=\u00a0\u00bbfull_rounded\u00a0\u00bb url=\u00a0\u00bbhttps:\/\/drive.google.com\/file\/d\/1ZpqOTK3QD1PljiE-oxJDwSLiwExxibWN\/view?usp=sharing\u00a0\u00bb margin_top=\u00a0\u00bb10&Prime; margin_bottom=\u00a0\u00bb10&Prime; animation=\u00a0\u00bbfade-in\u00a0\u00bb el_class=\u00a0\u00bbbottone\u00a0\u00bb bg_color=\u00a0\u00bb#b3cc8c\u00a0\u00bb btn_hover_bg=\u00a0\u00bb#b0cc8c\u00a0\u00bb]T\u00e9l\u00e9chargez le fichier PDF[\/mk_button][\/vc_accordion_tab][vc_accordion_tab title=\u00a0\u00bbD\u00e9tartrant multi-surfaces\u00a0\u00bb][mk_button dimension=\u00a0\u00bbflat\u00a0\u00bb corner_style=\u00a0\u00bbfull_rounded\u00a0\u00bb url=\u00a0\u00bbhttps:\/\/drive.google.com\/file\/d\/1TpVy0KwcYeD-IUUt6nG2Y_zf6aRzR_P0\/view?usp=sharing\u00a0\u00bb margin_top=\u00a0\u00bb10&Prime; margin_bottom=\u00a0\u00bb10&Prime; animation=\u00a0\u00bbfade-in\u00a0\u00bb el_class=\u00a0\u00bbbottone\u00a0\u00bb bg_color=\u00a0\u00bb#b3cc8c\u00a0\u00bb btn_hover_bg=\u00a0\u00bb#b0cc8c\u00a0\u00bb]T\u00e9l\u00e9chargez le fichier PDF[\/mk_button][\/vc_accordion_tab][vc_accordion_tab title=\u00a0\u00bbD\u00e9tergent salle de bains multi-surfaces\u00a0\u00bb][mk_button dimension=\u00a0\u00bbflat\u00a0\u00bb corner_style=\u00a0\u00bbfull_rounded\u00a0\u00bb url=\u00a0\u00bbhttps:\/\/drive.google.com\/file\/d\/1ELhFFMweR1KqWw_1qMPArhqYbADeuEVe\/view?usp=sharing\u00a0\u00bb margin_top=\u00a0\u00bb10&Prime; margin_bottom=\u00a0\u00bb10&Prime; animation=\u00a0\u00bbfade-in\u00a0\u00bb el_class=\u00a0\u00bbbottone\u00a0\u00bb bg_color=\u00a0\u00bb#b3cc8c\u00a0\u00bb btn_hover_bg=\u00a0\u00bb#b0cc8c\u00a0\u00bb]T\u00e9l\u00e9chargez le fichier PDF[\/mk_button][\/vc_accordion_tab][vc_accordion_tab title=\u00a0\u00bbD\u00e9tergent pour sols concentr\u00e9 &#8211; Fleuri\u00a0\u00bb][mk_button dimension=\u00a0\u00bbflat\u00a0\u00bb corner_style=\u00a0\u00bbfull_rounded\u00a0\u00bb url=\u00a0\u00bbhttps:\/\/drive.google.com\/file\/d\/1lLn5_hC0Ga3G0-LsFUy5UDEc8h9KaYVD\/view?usp=sharing\u00a0\u00bb margin_top=\u00a0\u00bb10&Prime; margin_bottom=\u00a0\u00bb10&Prime; animation=\u00a0\u00bbfade-in\u00a0\u00bb el_class=\u00a0\u00bbbottone\u00a0\u00bb bg_color=\u00a0\u00bb#b3cc8c\u00a0\u00bb btn_hover_bg=\u00a0\u00bb#b0cc8c\u00a0\u00bb]T\u00e9l\u00e9chargez le fichier PDF[\/mk_button][\/vc_accordion_tab][vc_accordion_tab title=\u00a0\u00bbD\u00e9tergent pour sols concentr\u00e9 &#8211; Fra\u00eecheur verte\u00a0\u00bb][mk_button dimension=\u00a0\u00bbflat\u00a0\u00bb corner_style=\u00a0\u00bbfull_rounded\u00a0\u00bb url=\u00a0\u00bbhttps:\/\/drive.google.com\/file\/d\/1c3rbXtFwDlD_uHtSdWJBSFedDqm7raf6\/view?usp=sharing\u00a0\u00bb margin_top=\u00a0\u00bb10&Prime; margin_bottom=\u00a0\u00bb10&Prime; animation=\u00a0\u00bbfade-in\u00a0\u00bb el_class=\u00a0\u00bbbottone\u00a0\u00bb bg_color=\u00a0\u00bb#b3cc8c\u00a0\u00bb btn_hover_bg=\u00a0\u00bb#b0cc8c\u00a0\u00bb]T\u00e9l\u00e9chargez le fichier PDF[\/mk_button][\/vc_accordion_tab][vc_accordion_tab title=\u00a0\u00bbGel lave-vaisselle\u00a0\u00bb][mk_button dimension=\u00a0\u00bbflat\u00a0\u00bb corner_style=\u00a0\u00bbfull_rounded\u00a0\u00bb url=\u00a0\u00bbhttps:\/\/drive.google.com\/file\/d\/1aQneb1mzSuWiYDh9yg14n83X6P2SimMn\/view?usp=sharing\u00a0\u00bb margin_top=\u00a0\u00bb10&Prime; margin_bottom=\u00a0\u00bb10&Prime; animation=\u00a0\u00bbfade-in\u00a0\u00bb el_class=\u00a0\u00bbbottone\u00a0\u00bb bg_color=\u00a0\u00bb#b3cc8c\u00a0\u00bb btn_hover_bg=\u00a0\u00bb#b0cc8c\u00a0\u00bb]T\u00e9l\u00e9chargez le fichier PDF[\/mk_button][\/vc_accordion_tab][vc_accordion_tab title=\u00a0\u00bbEn machine \u00e0 laver et lessive \u00e0 la main baby et d\u00e9licats\u00a0\u00bb][mk_button dimension=\u00a0\u00bbflat\u00a0\u00bb corner_style=\u00a0\u00bbfull_rounded\u00a0\u00bb url=\u00a0\u00bbhttps:\/\/drive.google.com\/file\/d\/1SF5fj4mtee3sbmEpabiblSEJYN43QbJc\/view?usp=sharing\u00a0\u00bb margin_top=\u00a0\u00bb10&Prime; margin_bottom=\u00a0\u00bb10&Prime; animation=\u00a0\u00bbfade-in\u00a0\u00bb el_class=\u00a0\u00bbbottone\u00a0\u00bb bg_color=\u00a0\u00bb#b3cc8c\u00a0\u00bb btn_hover_bg=\u00a0\u00bb#b0cc8c\u00a0\u00bb]T\u00e9l\u00e9chargez le fichier PDF[\/mk_button][\/vc_accordion_tab][vc_accordion_tab title=\u00a0\u00bbMachine et lessive \u00e0 la main concentr\u00e9\u00a0\u00bb][mk_button dimension=\u00a0\u00bbflat\u00a0\u00bb corner_style=\u00a0\u00bbfull_rounded\u00a0\u00bb url=\u00a0\u00bbhttps:\/\/drive.google.com\/file\/d\/1iomK5qej3nkSIhoUwvWoPk4i_JafPpBT\/view?usp=sharing\u00a0\u00bb margin_top=\u00a0\u00bb10&Prime; margin_bottom=\u00a0\u00bb10&Prime; animation=\u00a0\u00bbfade-in\u00a0\u00bb el_class=\u00a0\u00bbbottone\u00a0\u00bb bg_color=\u00a0\u00bb#b3cc8c\u00a0\u00bb btn_hover_bg=\u00a0\u00bb#b0cc8c\u00a0\u00bb]T\u00e9l\u00e9chargez le fichier PDF[\/mk_button][\/vc_accordion_tab][vc_accordion_tab title=\u00a0\u00bbD\u00e9graissant universel\u00a0\u00bb][mk_button dimension=\u00a0\u00bbflat\u00a0\u00bb corner_style=\u00a0\u00bbfull_rounded\u00a0\u00bb url=\u00a0\u00bbhttps:\/\/drive.google.com\/file\/d\/1cuW9sBYPCr6fXbfpCvSKA6wSL4trGngI\/view?usp=sharing\u00a0\u00bb margin_top=\u00a0\u00bb10&Prime; margin_bottom=\u00a0\u00bb10&Prime; animation=\u00a0\u00bbfade-in\u00a0\u00bb el_class=\u00a0\u00bbbottone\u00a0\u00bb bg_color=\u00a0\u00bb#b3cc8c\u00a0\u00bb btn_hover_bg=\u00a0\u00bb#b0cc8c\u00a0\u00bb]T\u00e9l\u00e9chargez le fichier PDF[\/mk_button][\/vc_accordion_tab][vc_accordion_tab title=\u00a0\u00bbVaisselle concentr\u00e9 \u00e0 la main\u00a0\u00bb][mk_button dimension=\u00a0\u00bbflat\u00a0\u00bb corner_style=\u00a0\u00bbfull_rounded\u00a0\u00bb url=\u00a0\u00bbhttps:\/\/drive.google.com\/file\/d\/1SeD3JV58yGZvyI5ZxeBgtUZeN0NzVW5V\/view?usp=sharing\u00a0\u00bb margin_top=\u00a0\u00bb10&Prime; margin_bottom=\u00a0\u00bb10&Prime; animation=\u00a0\u00bbfade-in\u00a0\u00bb el_class=\u00a0\u00bbbottone\u00a0\u00bb bg_color=\u00a0\u00bb#b3cc8c\u00a0\u00bb btn_hover_bg=\u00a0\u00bb#b0cc8c\u00a0\u00bb]T\u00e9l\u00e9chargez le fichier PDF[\/mk_button][\/vc_accordion_tab][vc_accordion_tab title=\u00a0\u00bbVitres et miroirs multi-surfaces\u00a0\u00bb][mk_button dimension=\u00a0\u00bbflat\u00a0\u00bb corner_style=\u00a0\u00bbfull_rounded\u00a0\u00bb url=\u00a0\u00bbhttps:\/\/drive.google.com\/file\/d\/16RtYuiPKjmQ_OI3OIFSYY3mrowh2IxjP\/view?usp=sharing\u00a0\u00bb margin_top=\u00a0\u00bb10&Prime; margin_bottom=\u00a0\u00bb10&Prime; animation=\u00a0\u00bbfade-in\u00a0\u00bb el_class=\u00a0\u00bbbottone\u00a0\u00bb bg_color=\u00a0\u00bb#b3cc8c\u00a0\u00bb btn_hover_bg=\u00a0\u00bb#b0cc8c\u00a0\u00bb]T\u00e9l\u00e9chargez le fichier PDF[\/mk_button][\/vc_accordion_tab][\/vc_accordions][mk_padding_divider][\/vc_column][vc_column width=\u00a0\u00bb1\/6&Prime;][\/vc_column][\/vc_row][vc_row][vc_column][mk_padding_divider size=\u00a0\u00bb20&Prime;][\/vc_column][\/vc_row]\n<\/div>","protected":false},"excerpt":{"rendered":"<p>[vc_row][vc_column][mk_padding_divider size=\u00a0\u00bb80&Prime;][\/vc_column][\/vc_row][vc_row][vc_column width=\u00a0\u00bb1\/6&Prime;][\/vc_column][vc_column width=\u00a0\u00bb2\/3&Prime;][mk_fancy_title tag_name=\u00a0\u00bbh3&Prime; color=\u00a0\u00bb#bdd894&Prime; size=\u00a0\u00bb56&Prime; force_font_size=\u00a0\u00bbtrue\u00a0\u00bb size_tablet=\u00a0\u00bb40&Prime; size_phone=\u00a0\u00bb40&Prime; font_weight=\u00a0\u00bb600&Prime; txt_transform=\u00a0\u00bbnone\u00a0\u00bb margin_bottom=\u00a0\u00bb10&Prime; font_family=\u00a0\u00bbPoppins\u00a0\u00bb font_type=\u00a0\u00bbgoogle\u00a0\u00bb align=\u00a0\u00bbcenter\u00a0\u00bb animation=\u00a0\u00bbtop-to-bottom\u00a0\u00bb]Liste des ingr\u00e9dients[\/mk_fancy_title][\/vc_column][vc_column width=\u00a0\u00bb1\/6&Prime;][\/vc_column][\/vc_row][vc_row][vc_column][mk_padding_divider size=\u00a0\u00bb60&Prime;][\/vc_column][\/vc_row][vc_row attached=\u00a0\u00bbtrue\u00a0\u00bb column_padding=\u00a0\u00bb1&Prime;][vc_column width=\u00a0\u00bb5\/6&Prime;][vc_accordions style=\u00a0\u00bbsimple-style\u00a0\u00bb container_bg_color=\u00a0\u00bbrgba(239,234,227,0.44)\u00a0\u00bb][vc_accordion_tab title=\u00a0\u00bbAdoucissant concentr\u00e9\u00a0\u00bb][mk_button dimension=\u00a0\u00bbflat\u00a0\u00bb corner_style=\u00a0\u00bbfull_rounded\u00a0\u00bb url=\u00a0\u00bbhttps:\/\/drive.google.com\/file\/d\/1ZpqOTK3QD1PljiE-oxJDwSLiwExxibWN\/view?usp=sharing\u00a0\u00bb margin_top=\u00a0\u00bb10&Prime; margin_bottom=\u00a0\u00bb10&Prime; animation=\u00a0\u00bbfade-in\u00a0\u00bb el_class=\u00a0\u00bbbottone\u00a0\u00bb bg_color=\u00a0\u00bb#b3cc8c\u00a0\u00bb btn_hover_bg=\u00a0\u00bb#b0cc8c\u00a0\u00bb]T\u00e9l\u00e9chargez le fichier PDF[\/mk_button][\/vc_accordion_tab][vc_accordion_tab title=\u00a0\u00bbD\u00e9tartrant multi-surfaces\u00a0\u00bb][mk_button dimension=\u00a0\u00bbflat\u00a0\u00bb corner_style=\u00a0\u00bbfull_rounded\u00a0\u00bb url=\u00a0\u00bbhttps:\/\/drive.google.com\/file\/d\/1TpVy0KwcYeD-IUUt6nG2Y_zf6aRzR_P0\/view?usp=sharing\u00a0\u00bb margin_top=\u00a0\u00bb10&Prime; margin_bottom=\u00a0\u00bb10&Prime; animation=\u00a0\u00bbfade-in\u00a0\u00bb el_class=\u00a0\u00bbbottone\u00a0\u00bb bg_color=\u00a0\u00bb#b3cc8c\u00a0\u00bb btn_hover_bg=\u00a0\u00bb#b0cc8c\u00a0\u00bb]T\u00e9l\u00e9chargez le fichier PDF[\/mk_button][\/vc_accordion_tab][vc_accordion_tab title=\u00a0\u00bbD\u00e9tergent [&hellip;]<\/p>\n","protected":false},"author":1,"featured_media":0,"parent":0,"menu_order":0,"comment_status":"closed","ping_status":"closed","template":"","meta":{"footnotes":""},"class_list":["post-7519","page","type-page","status-publish","hentry"],"yoast_head":"<!-- This site is optimized with the Yoast SEO plugin v24.8 - https:\/\/yoast.com\/wordpress\/plugins\/seo\/ -->\r\n<title>Liste des ingr\u00e9dients - Lavanderina<\/title>\r\n<meta name=\"robots\" content=\"index, follow, max-snippet:-1, max-image-preview:large, max-video-preview:-1\" \/>\r\n<link rel=\"canonical\" href=\"https:\/\/lavanderina.it\/fr\/liste-des-ingredients\/\" \/>\r\n<meta property=\"og:locale\" content=\"fr_FR\" \/>\r\n<meta property=\"og:type\" content=\"article\" \/>\r\n<meta property=\"og:title\" content=\"Liste des ingr\u00e9dients - Lavanderina\" \/>\r\n<meta property=\"og:description\" content=\"[vc_row][vc_column][mk_padding_divider size=\u00a0\u00bb80&Prime;][\/vc_column][\/vc_row][vc_row][vc_column width=\u00a0\u00bb1\/6&Prime;][\/vc_column][vc_column width=\u00a0\u00bb2\/3&Prime;][mk_fancy_title tag_name=\u00a0\u00bbh3&Prime; color=\u00a0\u00bb#bdd894&Prime; size=\u00a0\u00bb56&Prime; force_font_size=\u00a0\u00bbtrue\u00a0\u00bb size_tablet=\u00a0\u00bb40&Prime; size_phone=\u00a0\u00bb40&Prime; font_weight=\u00a0\u00bb600&Prime; txt_transform=\u00a0\u00bbnone\u00a0\u00bb margin_bottom=\u00a0\u00bb10&Prime; font_family=\u00a0\u00bbPoppins\u00a0\u00bb font_type=\u00a0\u00bbgoogle\u00a0\u00bb align=\u00a0\u00bbcenter\u00a0\u00bb animation=\u00a0\u00bbtop-to-bottom\u00a0\u00bb]Liste des ingr\u00e9dients[\/mk_fancy_title][\/vc_column][vc_column width=\u00a0\u00bb1\/6&Prime;][\/vc_column][\/vc_row][vc_row][vc_column][mk_padding_divider size=\u00a0\u00bb60&Prime;][\/vc_column][\/vc_row][vc_row attached=\u00a0\u00bbtrue\u00a0\u00bb column_padding=\u00a0\u00bb1&Prime;][vc_column width=\u00a0\u00bb5\/6&Prime;][vc_accordions style=\u00a0\u00bbsimple-style\u00a0\u00bb container_bg_color=\u00a0\u00bbrgba(239,234,227,0.44)\u00a0\u00bb][vc_accordion_tab title=\u00a0\u00bbAdoucissant concentr\u00e9\u00a0\u00bb][mk_button dimension=\u00a0\u00bbflat\u00a0\u00bb corner_style=\u00a0\u00bbfull_rounded\u00a0\u00bb url=\u00a0\u00bbhttps:\/\/drive.google.com\/file\/d\/1ZpqOTK3QD1PljiE-oxJDwSLiwExxibWN\/view?usp=sharing\u00a0\u00bb margin_top=\u00a0\u00bb10&Prime; margin_bottom=\u00a0\u00bb10&Prime; animation=\u00a0\u00bbfade-in\u00a0\u00bb el_class=\u00a0\u00bbbottone\u00a0\u00bb bg_color=\u00a0\u00bb#b3cc8c\u00a0\u00bb btn_hover_bg=\u00a0\u00bb#b0cc8c\u00a0\u00bb]T\u00e9l\u00e9chargez le fichier PDF[\/mk_button][\/vc_accordion_tab][vc_accordion_tab title=\u00a0\u00bbD\u00e9tartrant multi-surfaces\u00a0\u00bb][mk_button dimension=\u00a0\u00bbflat\u00a0\u00bb corner_style=\u00a0\u00bbfull_rounded\u00a0\u00bb url=\u00a0\u00bbhttps:\/\/drive.google.com\/file\/d\/1TpVy0KwcYeD-IUUt6nG2Y_zf6aRzR_P0\/view?usp=sharing\u00a0\u00bb margin_top=\u00a0\u00bb10&Prime; margin_bottom=\u00a0\u00bb10&Prime; animation=\u00a0\u00bbfade-in\u00a0\u00bb el_class=\u00a0\u00bbbottone\u00a0\u00bb bg_color=\u00a0\u00bb#b3cc8c\u00a0\u00bb btn_hover_bg=\u00a0\u00bb#b0cc8c\u00a0\u00bb]T\u00e9l\u00e9chargez le fichier PDF[\/mk_button][\/vc_accordion_tab][vc_accordion_tab title=\u00a0\u00bbD\u00e9tergent [&hellip;]\" \/>\r\n<meta property=\"og:url\" content=\"https:\/\/lavanderina.it\/fr\/liste-des-ingredients\/\" \/>\r\n<meta property=\"og:site_name\" content=\"Lavanderina\" \/>\r\n<meta property=\"article:modified_time\" content=\"2021-10-18T09:09:58+00:00\" \/>\r\n<meta name=\"twitter:card\" content=\"summary_large_image\" \/>\r\n<meta name=\"twitter:label1\" content=\"Dur\u00e9e de lecture estim\u00e9e\" \/>\n\t<meta name=\"twitter:data1\" content=\"4 minutes\" \/>\r\n<script type=\"application\/ld+json\" class=\"yoast-schema-graph\">{\"@context\":\"https:\/\/schema.org\",\"@graph\":[{\"@type\":\"WebPage\",\"@id\":\"https:\/\/lavanderina.it\/fr\/liste-des-ingredients\/\",\"url\":\"https:\/\/lavanderina.it\/fr\/liste-des-ingredients\/\",\"name\":\"Liste des ingr\u00e9dients - Lavanderina\",\"isPartOf\":{\"@id\":\"https:\/\/lavanderina.it\/fr\/#website\"},\"datePublished\":\"2021-10-18T09:09:54+00:00\",\"dateModified\":\"2021-10-18T09:09:58+00:00\",\"breadcrumb\":{\"@id\":\"https:\/\/lavanderina.it\/fr\/liste-des-ingredients\/#breadcrumb\"},\"inLanguage\":\"fr-FR\",\"potentialAction\":[{\"@type\":\"ReadAction\",\"target\":[\"https:\/\/lavanderina.it\/fr\/liste-des-ingredients\/\"]}]},{\"@type\":\"BreadcrumbList\",\"@id\":\"https:\/\/lavanderina.it\/fr\/liste-des-ingredients\/#breadcrumb\",\"itemListElement\":[{\"@type\":\"ListItem\",\"position\":1,\"name\":\"Home\",\"item\":\"https:\/\/lavanderina.it\/fr\/\"},{\"@type\":\"ListItem\",\"position\":2,\"name\":\"Liste des ingr\u00e9dients\"}]},{\"@type\":\"WebSite\",\"@id\":\"https:\/\/lavanderina.it\/fr\/#website\",\"url\":\"https:\/\/lavanderina.it\/fr\/\",\"name\":\"Lavanderina\",\"description\":\"Detersivi ecologici, biologici, sostenibili e vegani\",\"potentialAction\":[{\"@type\":\"SearchAction\",\"target\":{\"@type\":\"EntryPoint\",\"urlTemplate\":\"https:\/\/lavanderina.it\/fr\/?s={search_term_string}\"},\"query-input\":{\"@type\":\"PropertyValueSpecification\",\"valueRequired\":true,\"valueName\":\"search_term_string\"}}],\"inLanguage\":\"fr-FR\"}]}<\/script>\r\n<!-- \/ Yoast SEO plugin. -->","yoast_head_json":{"title":"Liste des ingr\u00e9dients - Lavanderina","robots":{"index":"index","follow":"follow","max-snippet":"max-snippet:-1","max-image-preview":"max-image-preview:large","max-video-preview":"max-video-preview:-1"},"canonical":"https:\/\/lavanderina.it\/fr\/liste-des-ingredients\/","og_locale":"fr_FR","og_type":"article","og_title":"Liste des ingr\u00e9dients - Lavanderina","og_description":"[vc_row][vc_column][mk_padding_divider size=\u00a0\u00bb80&Prime;][\/vc_column][\/vc_row][vc_row][vc_column width=\u00a0\u00bb1\/6&Prime;][\/vc_column][vc_column width=\u00a0\u00bb2\/3&Prime;][mk_fancy_title tag_name=\u00a0\u00bbh3&Prime; color=\u00a0\u00bb#bdd894&Prime; size=\u00a0\u00bb56&Prime; force_font_size=\u00a0\u00bbtrue\u00a0\u00bb size_tablet=\u00a0\u00bb40&Prime; size_phone=\u00a0\u00bb40&Prime; font_weight=\u00a0\u00bb600&Prime; txt_transform=\u00a0\u00bbnone\u00a0\u00bb margin_bottom=\u00a0\u00bb10&Prime; font_family=\u00a0\u00bbPoppins\u00a0\u00bb font_type=\u00a0\u00bbgoogle\u00a0\u00bb align=\u00a0\u00bbcenter\u00a0\u00bb animation=\u00a0\u00bbtop-to-bottom\u00a0\u00bb]Liste des ingr\u00e9dients[\/mk_fancy_title][\/vc_column][vc_column width=\u00a0\u00bb1\/6&Prime;][\/vc_column][\/vc_row][vc_row][vc_column][mk_padding_divider size=\u00a0\u00bb60&Prime;][\/vc_column][\/vc_row][vc_row attached=\u00a0\u00bbtrue\u00a0\u00bb column_padding=\u00a0\u00bb1&Prime;][vc_column width=\u00a0\u00bb5\/6&Prime;][vc_accordions style=\u00a0\u00bbsimple-style\u00a0\u00bb container_bg_color=\u00a0\u00bbrgba(239,234,227,0.44)\u00a0\u00bb][vc_accordion_tab title=\u00a0\u00bbAdoucissant concentr\u00e9\u00a0\u00bb][mk_button dimension=\u00a0\u00bbflat\u00a0\u00bb corner_style=\u00a0\u00bbfull_rounded\u00a0\u00bb url=\u00a0\u00bbhttps:\/\/drive.google.com\/file\/d\/1ZpqOTK3QD1PljiE-oxJDwSLiwExxibWN\/view?usp=sharing\u00a0\u00bb margin_top=\u00a0\u00bb10&Prime; margin_bottom=\u00a0\u00bb10&Prime; animation=\u00a0\u00bbfade-in\u00a0\u00bb el_class=\u00a0\u00bbbottone\u00a0\u00bb bg_color=\u00a0\u00bb#b3cc8c\u00a0\u00bb btn_hover_bg=\u00a0\u00bb#b0cc8c\u00a0\u00bb]T\u00e9l\u00e9chargez le fichier PDF[\/mk_button][\/vc_accordion_tab][vc_accordion_tab title=\u00a0\u00bbD\u00e9tartrant multi-surfaces\u00a0\u00bb][mk_button dimension=\u00a0\u00bbflat\u00a0\u00bb corner_style=\u00a0\u00bbfull_rounded\u00a0\u00bb url=\u00a0\u00bbhttps:\/\/drive.google.com\/file\/d\/1TpVy0KwcYeD-IUUt6nG2Y_zf6aRzR_P0\/view?usp=sharing\u00a0\u00bb margin_top=\u00a0\u00bb10&Prime; margin_bottom=\u00a0\u00bb10&Prime; animation=\u00a0\u00bbfade-in\u00a0\u00bb el_class=\u00a0\u00bbbottone\u00a0\u00bb bg_color=\u00a0\u00bb#b3cc8c\u00a0\u00bb btn_hover_bg=\u00a0\u00bb#b0cc8c\u00a0\u00bb]T\u00e9l\u00e9chargez le fichier PDF[\/mk_button][\/vc_accordion_tab][vc_accordion_tab title=\u00a0\u00bbD\u00e9tergent [&hellip;]","og_url":"https:\/\/lavanderina.it\/fr\/liste-des-ingredients\/","og_site_name":"Lavanderina","article_modified_time":"2021-10-18T09:09:58+00:00","twitter_card":"summary_large_image","twitter_misc":{"Dur\u00e9e de lecture estim\u00e9e":"4 minutes"},"schema":{"@context":"https:\/\/schema.org","@graph":[{"@type":"WebPage","@id":"https:\/\/lavanderina.it\/fr\/liste-des-ingredients\/","url":"https:\/\/lavanderina.it\/fr\/liste-des-ingredients\/","name":"Liste des ingr\u00e9dients - Lavanderina","isPartOf":{"@id":"https:\/\/lavanderina.it\/fr\/#website"},"datePublished":"2021-10-18T09:09:54+00:00","dateModified":"2021-10-18T09:09:58+00:00","breadcrumb":{"@id":"https:\/\/lavanderina.it\/fr\/liste-des-ingredients\/#breadcrumb"},"inLanguage":"fr-FR","potentialAction":[{"@type":"ReadAction","target":["https:\/\/lavanderina.it\/fr\/liste-des-ingredients\/"]}]},{"@type":"BreadcrumbList","@id":"https:\/\/lavanderina.it\/fr\/liste-des-ingredients\/#breadcrumb","itemListElement":[{"@type":"ListItem","position":1,"name":"Home","item":"https:\/\/lavanderina.it\/fr\/"},{"@type":"ListItem","position":2,"name":"Liste des ingr\u00e9dients"}]},{"@type":"WebSite","@id":"https:\/\/lavanderina.it\/fr\/#website","url":"https:\/\/lavanderina.it\/fr\/","name":"Lavanderina","description":"Detersivi ecologici, biologici, sostenibili e vegani","potentialAction":[{"@type":"SearchAction","target":{"@type":"EntryPoint","urlTemplate":"https:\/\/lavanderina.it\/fr\/?s={search_term_string}"},"query-input":{"@type":"PropertyValueSpecification","valueRequired":true,"valueName":"search_term_string"}}],"inLanguage":"fr-FR"}]}},"jetpack_sharing_enabled":true,"_links":{"self":[{"href":"https:\/\/lavanderina.it\/fr\/wp-json\/wp\/v2\/pages\/7519","targetHints":{"allow":["GET"]}}],"collection":[{"href":"https:\/\/lavanderina.it\/fr\/wp-json\/wp\/v2\/pages"}],"about":[{"href":"https:\/\/lavanderina.it\/fr\/wp-json\/wp\/v2\/types\/page"}],"author":[{"embeddable":true,"href":"https:\/\/lavanderina.it\/fr\/wp-json\/wp\/v2\/users\/1"}],"replies":[{"embeddable":true,"href":"https:\/\/lavanderina.it\/fr\/wp-json\/wp\/v2\/comments?post=7519"}],"version-history":[{"count":2,"href":"https:\/\/lavanderina.it\/fr\/wp-json\/wp\/v2\/pages\/7519\/revisions"}],"predecessor-version":[{"id":7521,"href":"https:\/\/lavanderina.it\/fr\/wp-json\/wp\/v2\/pages\/7519\/revisions\/7521"}],"wp:attachment":[{"href":"https:\/\/lavanderina.it\/fr\/wp-json\/wp\/v2\/media?parent=7519"}],"curies":[{"name":"wp","href":"https:\/\/api.w.org\/{rel}","templated":true}]}}