{"id":6474,"date":"2021-07-09T10:30:47","date_gmt":"2021-07-09T10:30:47","guid":{"rendered":"https:\/\/www.lavanderina.it\/prodotto\/6474\/"},"modified":"2025-03-18T13:10:50","modified_gmt":"2025-03-18T13:10:50","slug":"detartrant-multi-surfaces-650ml","status":"publish","type":"product","link":"https:\/\/lavanderina.it\/fr\/prodotto\/detartrant-multi-surfaces-650ml\/","title":{"rendered":"D\u00e9tartrant multi-surfaces 650mL"},"content":{"rendered":"<p><strong>SANS RISQUE POUR L&rsquo;ENVIRONNEMENT :<\/strong> son contenu est facilement biod\u00e9gradable et l&#8217;emballage, fabriqu\u00e9 \u00e0 partir de mat\u00e9riaux recycl\u00e9s, est recyclable \u00e0 l&rsquo;infini.<\/p>\n<p><strong>SANS RISQUE POUR LA PEAU : <\/strong>sa formulation privil\u00e9gie les ingr\u00e9dients verts et \u00e9cologiques, le produit ne contient aucun allerg\u00e8ne.<\/p>\n<p><strong>SANS RISQUE POUR LES ANIMAUX :<\/strong> produit v\u00e9gan, ne contient aucun ingr\u00e9dient d&rsquo;origine animale et n&rsquo;est pas nuisible ni g\u00eanant pour nos petits compagnons.<\/p>\n<p>&nbsp;<\/p>\n<p><strong>MODE D\u2019EMPLOI : <\/strong>vaporisez directement sur les surfaces \u00e0 traiter, laissez agir quelques minutes (1 &#8211; 2 minutes) puis rincez. En cas de calcaire tenace, r\u00e9p\u00e9tez l\u2019op\u00e9ration.<\/p>\n<p><strong>INCI (INGREDIENTS) : <\/strong>Aqua (Water), Citric Acid, Parfum (Fragrance), Sodium Coco-Sulfate, Capryloyl\/Caproyl Methyl Glucamide, Mentha Piperita (Peppermint) Leaf Extract (BIO), Thymus Vulgaris (Thyme) Extract (BIO).<\/p>\n    <div class=\"xs-review-box view-review-list\" id=\"xs-user-review-box\">\n\n        <h3 class=\"total-reivew-headding\">\n\t\t\t0 Reviews        <\/h3>\n        <div class=\"xs-review-box-item\">\n\n            <div\n                    class=\"xs-review-media review-full\">\n\n\t\t\t\t\n            <\/div>\n\n\t\t\t\n        <\/div>\n\n    <\/div>\n\n\t\n    <form action=\"https:\/\/lavanderina.it\/fr\/prodotto\/detartrant-multi-surfaces-650ml\/\"\n          name=\"xs_review_form_public_data\"\n          method=\"post\"\n          id=\"xs_review_form_public_data\">\n\n        <div class=\"xs-review-box public-xs-review-box\" id=\"xs-review-box\">\n            <h3 class=\"write-reivew-headding\">\n\t\t\t\tWrite a Review             <\/h3>\n\n\t\t\t\n            <div class=\"wur-review-fields\"> \t\t\t\t            <div class=\"xs-review xs-select\"\n\t\t\t\t                 style=\"display:block;\">\n\n\t\t\t\t\t            \t\t\t\t\t\t            <div class=\"xs-review-rating-stars text-center\">\n\t\t\t\t\t\t\t            <ul id=\"xs_review_stars\">\n\t\t\t\t\t\t\t\t            \t\t\t\t\t\t\t\t\t            <li class=\"star-li star  selected\" data-value=\"1\">\n\t\t\t\t\t\t\t\t\t\t            \t\t\t\t\t\t\t\t\t\t\t            <i class=\"xs-star dashicons-before dashicons-star-filled\"><\/i>\n\t\t\t\t\t\t\t\t\t\t            \t\t\t\t\t\t\t\t\t            <\/li>\n\t\t\t\t\t\t\t\t            \t\t\t\t\t\t\t\t\t            <li class=\"star-li star  \" data-value=\"2\">\n\t\t\t\t\t\t\t\t\t\t            \t\t\t\t\t\t\t\t\t\t\t            <i class=\"xs-star dashicons-before dashicons-star-filled\"><\/i>\n\t\t\t\t\t\t\t\t\t\t            \t\t\t\t\t\t\t\t\t            <\/li>\n\t\t\t\t\t\t\t\t            \t\t\t\t\t\t\t\t\t            <li class=\"star-li star  \" data-value=\"3\">\n\t\t\t\t\t\t\t\t\t\t            \t\t\t\t\t\t\t\t\t\t\t            <i class=\"xs-star dashicons-before dashicons-star-filled\"><\/i>\n\t\t\t\t\t\t\t\t\t\t            \t\t\t\t\t\t\t\t\t            <\/li>\n\t\t\t\t\t\t\t\t            \t\t\t\t\t\t\t\t\t            <li class=\"star-li star  \" data-value=\"4\">\n\t\t\t\t\t\t\t\t\t\t            \t\t\t\t\t\t\t\t\t\t\t            <i class=\"xs-star dashicons-before dashicons-star-filled\"><\/i>\n\t\t\t\t\t\t\t\t\t\t            \t\t\t\t\t\t\t\t\t            <\/li>\n\t\t\t\t\t\t\t\t            \t\t\t\t\t\t\t\t\t            <li class=\"star-li star  \" data-value=\"5\">\n\t\t\t\t\t\t\t\t\t\t            \t\t\t\t\t\t\t\t\t\t\t            <i class=\"xs-star dashicons-before dashicons-star-filled\"><\/i>\n\t\t\t\t\t\t\t\t\t\t            \t\t\t\t\t\t\t\t\t            <\/li>\n\t\t\t\t\t\t\t\t            \t\t\t\t\t\t\t            <\/ul>\n\t\t\t\t\t\t\t            <div id=\"review_data_show\"><\/div>\n\t\t\t\t\t\t\t            <input type=\"hidden\" id=\"ratting_review_hidden\"\n\t\t\t\t\t\t\t                   name=\"xs_submit_review_data[xs_reviwer_ratting]\"\n\t\t\t\t\t\t\t                   value=\"1\" 1 \/>\n\t\t\t\t\t\t            <\/div>\n\t\t\t\t\t            \t\t\t\t            <\/div>\n\t\t\t\t            \n\t\t\t\t            <div class=\"xs-review xs-text\"\n\t\t\t\t                 style=\"display:block;\">\n\n\t\t\t\t\t            <input type=\"text\"\n\t\t\t\t\t                   placeholder=\"Review Title\"\n\t\t\t\t\t                   id=\"xs_reviw_title\"\n\t\t\t\t\t                   class=\"widefat xs_reviw_title\"\n\t\t\t\t\t                   name=\"xs_submit_review_data[xs_reviw_title]\"\n\t\t\t\t\t                   value=\"\" 1 \/>\n\n\t\t\t\t            <\/div> \n\t\t\t\t            <div class=\"xs-review xs-text\"\n\t\t\t\t                 style=\"display:block;\">\n\n\t\t\t\t\t            <input type=\"text\"\n\t\t\t\t\t                   placeholder=\"Reviewer Name\"\n\t\t\t\t\t                   id=\"xs_reviwer_name\"\n\t\t\t\t\t                   class=\"widefat xs_reviwer_name\"\n\t\t\t\t\t                   name=\"xs_submit_review_data[xs_reviwer_name]\"\n\t\t\t\t\t                   value=\"\"  \/>\n\n\t\t\t\t            <\/div> \n\t\t\t\t            <div class=\"xs-review xs-text\"\n\t\t\t\t                 style=\"display:block;\">\n\n\t\t\t\t\t            <input type=\"text\"\n\t\t\t\t\t                   placeholder=\"Reviewer Email\"\n\t\t\t\t\t                   id=\"xs_reviwer_email\"\n\t\t\t\t\t                   class=\"widefat xs_reviwer_email\"\n\t\t\t\t\t                   name=\"xs_submit_review_data[xs_reviwer_email]\"\n\t\t\t\t\t                   value=\"\" 1 \/>\n\n\t\t\t\t            <\/div> \n\t\t\t\t            <div class=\"xs-review xs-text\"\n\t\t\t\t                 style=\"display:block;\">\n\n\t\t\t\t\t            <input type=\"text\"\n\t\t\t\t\t                   placeholder=\"Website\"\n\t\t\t\t\t                   id=\"xs_reviwer_website\"\n\t\t\t\t\t                   class=\"widefat xs_reviwer_website\"\n\t\t\t\t\t                   name=\"xs_submit_review_data[xs_reviwer_website]\"\n\t\t\t\t\t                   value=\"\"  \/>\n\n\t\t\t\t            <\/div> \n\t\t\t\t            <div class=\"xs-review xs-textarea\"\n\t\t\t\t                 style=\"display:block;\">\n\n                                    <textarea id=\"xs_reviw_summery\"\n                                              class=\"widefat xs_reviw_summery\"\n                                              name=\"xs_submit_review_data[xs_reviw_summery]\" 1                                              placeholder=\"Review Summary\"><\/textarea>\n\n\t\t\t\t            <\/div> \n                <input type=\"hidden\" value=\"6474\"\n                       name=\"xs_submit_review_data[xs_post_id]\" \/>\n\n                <input type=\"hidden\" value=\"product\"\n                       name=\"xs_submit_review_data[xs_post_type]\" \/>\n\n                <input type=\"hidden\" value=\"0\"\n                       name=\"xs_submit_review_data[xs_post_author]\" \/>\n\t\t\t\t<input type=\"hidden\" id=\"_wpnonce\" name=\"_wpnonce\" value=\"b3c84ff71d\" \/><input type=\"hidden\" name=\"_wp_http_referer\" value=\"\/fr\/wp-json\/wp\/v2\/product\/6474\" \/>                <div class=\"xs-review xs-save-button\">\n                    <button type=\"submit\" name=\"xs_review_form_public_data\" class=\"xs-btn primary\">\n                        Submit Review                    <\/button>\n                <\/div>\n\n            <\/div>\n        <\/div>\n    <\/form>\n\n","protected":false},"excerpt":{"rendered":"<p>Produit concentr\u00e9 \u00e0 base d&rsquo;acides naturels et de tensioactifs d&rsquo;origine naturelle. \u00c9limine les incrustations de calcaire et fait briller les robinets, les sanitaires, les carrelages, les cabines de douche, les \u00e9viers en acier. Il convient \u00e0 toutes les surfaces, \u00e0 l&rsquo;exception du marbre ou des surfaces pour lesquelles l&rsquo;utilisation de substances acides n&rsquo;est pas recommand\u00e9e. En cas de doute, utilisez le produit sur une partie cach\u00e9e et v\u00e9rifiez qu&rsquo;elle reste intacte.<\/p>\n","protected":false},"featured_media":10065,"comment_status":"closed","ping_status":"closed","template":"","meta":[],"product_brand":[],"product_cat":[71],"product_tag":[73,76,72,75,74],"class_list":{"0":"post-6474","1":"product","2":"type-product","3":"status-publish","4":"has-post-thumbnail","6":"product_cat-multi-usages","7":"product_tag-detergenza-eco-bio-aiab-fr","8":"product_tag-eco-packaging-fr","9":"product_tag-ecobiovegan-fr","10":"product_tag-h-a-c-c-p-fr","11":"product_tag-sans-allergene","13":"first","14":"instock","15":"shipping-taxable","16":"product-type-simple"},"yoast_head":"<!-- This site is optimized with the Yoast SEO plugin v24.8 - https:\/\/yoast.com\/wordpress\/plugins\/seo\/ -->\r\n<title>D\u00e9tartrant multi-surfaces 650mL - Lavanderina<\/title>\r\n<meta name=\"robots\" content=\"index, follow, max-snippet:-1, max-image-preview:large, max-video-preview:-1\" \/>\r\n<link rel=\"canonical\" href=\"https:\/\/lavanderina.it\/fr\/prodotto\/detartrant-multi-surfaces-650ml\/\" \/>\r\n<meta property=\"og:locale\" content=\"fr_FR\" \/>\r\n<meta property=\"og:type\" content=\"article\" \/>\r\n<meta property=\"og:title\" content=\"D\u00e9tartrant multi-surfaces 650mL - Lavanderina\" \/>\r\n<meta property=\"og:description\" content=\"Produit concentr\u00e9 \u00e0 base d&#039;acides naturels et de tensioactifs d&#039;origine naturelle. \u00c9limine les incrustations de calcaire et fait briller les robinets, les sanitaires, les carrelages, les cabines de douche, les \u00e9viers en acier. Il convient \u00e0 toutes les surfaces, \u00e0 l&#039;exception du marbre ou des surfaces pour lesquelles l&#039;utilisation de substances acides n&#039;est pas recommand\u00e9e. En cas de doute, utilisez le produit sur une partie cach\u00e9e et v\u00e9rifiez qu&#039;elle reste intacte.\" \/>\r\n<meta property=\"og:url\" content=\"https:\/\/lavanderina.it\/fr\/prodotto\/detartrant-multi-surfaces-650ml\/\" \/>\r\n<meta property=\"og:site_name\" content=\"Lavanderina\" \/>\r\n<meta property=\"article:modified_time\" content=\"2025-03-18T13:10:50+00:00\" \/>\r\n<meta property=\"og:image\" content=\"https:\/\/www.lavanderina.it\/wp-content\/uploads\/2021\/07\/lavanderina-anticalcare-650ml.jpg\" \/>\r\n\t<meta property=\"og:image:width\" content=\"1000\" \/>\r\n\t<meta property=\"og:image:height\" content=\"1000\" \/>\r\n\t<meta property=\"og:image:type\" content=\"image\/jpeg\" \/>\r\n<meta name=\"twitter:card\" content=\"summary_large_image\" \/>\r\n<meta name=\"twitter:label1\" content=\"Dur\u00e9e de lecture estim\u00e9e\" \/>\n\t<meta name=\"twitter:data1\" content=\"1 minute\" \/>\r\n<script type=\"application\/ld+json\" class=\"yoast-schema-graph\">{\"@context\":\"https:\/\/schema.org\",\"@graph\":[{\"@type\":\"WebPage\",\"@id\":\"https:\/\/lavanderina.it\/fr\/prodotto\/detartrant-multi-surfaces-650ml\/\",\"url\":\"https:\/\/lavanderina.it\/fr\/prodotto\/detartrant-multi-surfaces-650ml\/\",\"name\":\"D\u00e9tartrant multi-surfaces 650mL - Lavanderina\",\"isPartOf\":{\"@id\":\"https:\/\/lavanderina.it\/fr\/#website\"},\"primaryImageOfPage\":{\"@id\":\"https:\/\/lavanderina.it\/fr\/prodotto\/detartrant-multi-surfaces-650ml\/#primaryimage\"},\"image\":{\"@id\":\"https:\/\/lavanderina.it\/fr\/prodotto\/detartrant-multi-surfaces-650ml\/#primaryimage\"},\"thumbnailUrl\":\"https:\/\/www.lavanderina.it\/wp-content\/uploads\/2021\/07\/lavanderina-anticalcare-650ml.jpg\",\"datePublished\":\"2021-07-09T10:30:47+00:00\",\"dateModified\":\"2025-03-18T13:10:50+00:00\",\"breadcrumb\":{\"@id\":\"https:\/\/lavanderina.it\/fr\/prodotto\/detartrant-multi-surfaces-650ml\/#breadcrumb\"},\"inLanguage\":\"fr-FR\",\"potentialAction\":[{\"@type\":\"ReadAction\",\"target\":[\"https:\/\/lavanderina.it\/fr\/prodotto\/detartrant-multi-surfaces-650ml\/\"]}]},{\"@type\":\"ImageObject\",\"inLanguage\":\"fr-FR\",\"@id\":\"https:\/\/lavanderina.it\/fr\/prodotto\/detartrant-multi-surfaces-650ml\/#primaryimage\",\"url\":\"https:\/\/www.lavanderina.it\/wp-content\/uploads\/2021\/07\/lavanderina-anticalcare-650ml.jpg\",\"contentUrl\":\"https:\/\/www.lavanderina.it\/wp-content\/uploads\/2021\/07\/lavanderina-anticalcare-650ml.jpg\",\"width\":1000,\"height\":1000},{\"@type\":\"BreadcrumbList\",\"@id\":\"https:\/\/lavanderina.it\/fr\/prodotto\/detartrant-multi-surfaces-650ml\/#breadcrumb\",\"itemListElement\":[{\"@type\":\"ListItem\",\"position\":1,\"name\":\"Home\",\"item\":\"https:\/\/lavanderina.it\/fr\/\"},{\"@type\":\"ListItem\",\"position\":2,\"name\":\"Shop\",\"item\":\"https:\/\/lavanderina.it\/negozio\/\"},{\"@type\":\"ListItem\",\"position\":3,\"name\":\"D\u00e9tartrant multi-surfaces 650mL\"}]},{\"@type\":\"WebSite\",\"@id\":\"https:\/\/lavanderina.it\/fr\/#website\",\"url\":\"https:\/\/lavanderina.it\/fr\/\",\"name\":\"Lavanderina\",\"description\":\"Detersivi ecologici, biologici, sostenibili e vegani\",\"potentialAction\":[{\"@type\":\"SearchAction\",\"target\":{\"@type\":\"EntryPoint\",\"urlTemplate\":\"https:\/\/lavanderina.it\/fr\/?s={search_term_string}\"},\"query-input\":{\"@type\":\"PropertyValueSpecification\",\"valueRequired\":true,\"valueName\":\"search_term_string\"}}],\"inLanguage\":\"fr-FR\"}]}<\/script>\r\n<!-- \/ Yoast SEO plugin. -->","yoast_head_json":{"title":"D\u00e9tartrant multi-surfaces 650mL - Lavanderina","robots":{"index":"index","follow":"follow","max-snippet":"max-snippet:-1","max-image-preview":"max-image-preview:large","max-video-preview":"max-video-preview:-1"},"canonical":"https:\/\/lavanderina.it\/fr\/prodotto\/detartrant-multi-surfaces-650ml\/","og_locale":"fr_FR","og_type":"article","og_title":"D\u00e9tartrant multi-surfaces 650mL - Lavanderina","og_description":"Produit concentr\u00e9 \u00e0 base d'acides naturels et de tensioactifs d'origine naturelle. \u00c9limine les incrustations de calcaire et fait briller les robinets, les sanitaires, les carrelages, les cabines de douche, les \u00e9viers en acier. Il convient \u00e0 toutes les surfaces, \u00e0 l'exception du marbre ou des surfaces pour lesquelles l'utilisation de substances acides n'est pas recommand\u00e9e. En cas de doute, utilisez le produit sur une partie cach\u00e9e et v\u00e9rifiez qu'elle reste intacte.","og_url":"https:\/\/lavanderina.it\/fr\/prodotto\/detartrant-multi-surfaces-650ml\/","og_site_name":"Lavanderina","article_modified_time":"2025-03-18T13:10:50+00:00","og_image":[{"width":1000,"height":1000,"url":"https:\/\/www.lavanderina.it\/wp-content\/uploads\/2021\/07\/lavanderina-anticalcare-650ml.jpg","type":"image\/jpeg"}],"twitter_card":"summary_large_image","twitter_misc":{"Dur\u00e9e de lecture estim\u00e9e":"1 minute"},"schema":{"@context":"https:\/\/schema.org","@graph":[{"@type":"WebPage","@id":"https:\/\/lavanderina.it\/fr\/prodotto\/detartrant-multi-surfaces-650ml\/","url":"https:\/\/lavanderina.it\/fr\/prodotto\/detartrant-multi-surfaces-650ml\/","name":"D\u00e9tartrant multi-surfaces 650mL - Lavanderina","isPartOf":{"@id":"https:\/\/lavanderina.it\/fr\/#website"},"primaryImageOfPage":{"@id":"https:\/\/lavanderina.it\/fr\/prodotto\/detartrant-multi-surfaces-650ml\/#primaryimage"},"image":{"@id":"https:\/\/lavanderina.it\/fr\/prodotto\/detartrant-multi-surfaces-650ml\/#primaryimage"},"thumbnailUrl":"https:\/\/www.lavanderina.it\/wp-content\/uploads\/2021\/07\/lavanderina-anticalcare-650ml.jpg","datePublished":"2021-07-09T10:30:47+00:00","dateModified":"2025-03-18T13:10:50+00:00","breadcrumb":{"@id":"https:\/\/lavanderina.it\/fr\/prodotto\/detartrant-multi-surfaces-650ml\/#breadcrumb"},"inLanguage":"fr-FR","potentialAction":[{"@type":"ReadAction","target":["https:\/\/lavanderina.it\/fr\/prodotto\/detartrant-multi-surfaces-650ml\/"]}]},{"@type":"ImageObject","inLanguage":"fr-FR","@id":"https:\/\/lavanderina.it\/fr\/prodotto\/detartrant-multi-surfaces-650ml\/#primaryimage","url":"https:\/\/www.lavanderina.it\/wp-content\/uploads\/2021\/07\/lavanderina-anticalcare-650ml.jpg","contentUrl":"https:\/\/www.lavanderina.it\/wp-content\/uploads\/2021\/07\/lavanderina-anticalcare-650ml.jpg","width":1000,"height":1000},{"@type":"BreadcrumbList","@id":"https:\/\/lavanderina.it\/fr\/prodotto\/detartrant-multi-surfaces-650ml\/#breadcrumb","itemListElement":[{"@type":"ListItem","position":1,"name":"Home","item":"https:\/\/lavanderina.it\/fr\/"},{"@type":"ListItem","position":2,"name":"Shop","item":"https:\/\/lavanderina.it\/negozio\/"},{"@type":"ListItem","position":3,"name":"D\u00e9tartrant multi-surfaces 650mL"}]},{"@type":"WebSite","@id":"https:\/\/lavanderina.it\/fr\/#website","url":"https:\/\/lavanderina.it\/fr\/","name":"Lavanderina","description":"Detersivi ecologici, biologici, sostenibili e vegani","potentialAction":[{"@type":"SearchAction","target":{"@type":"EntryPoint","urlTemplate":"https:\/\/lavanderina.it\/fr\/?s={search_term_string}"},"query-input":{"@type":"PropertyValueSpecification","valueRequired":true,"valueName":"search_term_string"}}],"inLanguage":"fr-FR"}]}},"jetpack_sharing_enabled":true,"_links":{"self":[{"href":"https:\/\/lavanderina.it\/fr\/wp-json\/wp\/v2\/product\/6474","targetHints":{"allow":["GET"]}}],"collection":[{"href":"https:\/\/lavanderina.it\/fr\/wp-json\/wp\/v2\/product"}],"about":[{"href":"https:\/\/lavanderina.it\/fr\/wp-json\/wp\/v2\/types\/product"}],"replies":[{"embeddable":true,"href":"https:\/\/lavanderina.it\/fr\/wp-json\/wp\/v2\/comments?post=6474"}],"wp:featuredmedia":[{"embeddable":true,"href":"https:\/\/lavanderina.it\/fr\/wp-json\/wp\/v2\/media\/10065"}],"wp:attachment":[{"href":"https:\/\/lavanderina.it\/fr\/wp-json\/wp\/v2\/media?parent=6474"}],"wp:term":[{"taxonomy":"product_brand","embeddable":true,"href":"https:\/\/lavanderina.it\/fr\/wp-json\/wp\/v2\/product_brand?post=6474"},{"taxonomy":"product_cat","embeddable":true,"href":"https:\/\/lavanderina.it\/fr\/wp-json\/wp\/v2\/product_cat?post=6474"},{"taxonomy":"product_tag","embeddable":true,"href":"https:\/\/lavanderina.it\/fr\/wp-json\/wp\/v2\/product_tag?post=6474"}],"curies":[{"name":"wp","href":"https:\/\/api.w.org\/{rel}","templated":true}]}}