{"id":6532,"date":"2021-07-08T14:04:45","date_gmt":"2021-07-08T14:04:45","guid":{"rendered":"https:\/\/www.lavanderina.it\/prodotto\/vaisselle-concentre-650ml\/"},"modified":"2025-03-18T11:05:20","modified_gmt":"2025-03-18T11:05:20","slug":"vaisselle-concentre-650ml","status":"publish","type":"product","link":"https:\/\/lavanderina.it\/fr\/prodotto\/vaisselle-concentre-650ml\/","title":{"rendered":"Vaisselle concentr\u00e9 650mL"},"content":{"rendered":"<p><strong>SANS RISQUE POUR L&rsquo;ENVIRONNEMENT :<\/strong> son contenu est facilement biod\u00e9gradable et l&#8217;emballage, fabriqu\u00e9 \u00e0 partir de mat\u00e9riaux recycl\u00e9s, est recyclable \u00e0 l&rsquo;infini.<\/p>\n<p><strong>SANS RISQUE POUR LA PEAU :<\/strong> sa formulation privil\u00e9gie les ingr\u00e9dients verts et \u00e9cologiques, le produit ne contient aucun allerg\u00e8ne et est test\u00e9 dermatologiquement.<\/p>\n<p><strong>SANS RISQUE POUR LES ANIMAUX :<\/strong> produit v\u00e9gan, ne contient aucun ingr\u00e9dient d&rsquo;origine animale et n&rsquo;est pas nuisible ni g\u00eanant pour nos petits compagnons.<\/p>\n<p>&nbsp;<\/p>\n<p><strong>MODE D\u2019EMPLOI : <\/strong>utiliser 5 mL de produit par lavage. Nous recommandons de dissoudre la dose dans l&rsquo;eau et de laisser tremper la vaisselle la plus sale.<\/p>\n<p><strong>INCI (INGREDIENTS) :<\/strong> Aqua (Water), Sodium Coco-Sulfate, Sodium Chloride, Disodium Cocoamphoacetate, Parfum (Fragrance), Lauryl Glucoside, Caprylyl\/Capryl Glucoside, Cocamidopropyl Betaine, Citric Acid, Sodium Benzoate, Potassium Sorbate, Citrus Limon (Lemon) Juice Extract (BIO), Aloe Barbadensis Leaf Juice (BIO).<\/p>\n    <div class=\"xs-review-box view-review-list\" id=\"xs-user-review-box\">\n\n        <h3 class=\"total-reivew-headding\">\n\t\t\t0 Reviews        <\/h3>\n        <div class=\"xs-review-box-item\">\n\n            <div\n                    class=\"xs-review-media review-full\">\n\n\t\t\t\t\n            <\/div>\n\n\t\t\t\n        <\/div>\n\n    <\/div>\n\n\t\n    <form action=\"https:\/\/lavanderina.it\/fr\/prodotto\/vaisselle-concentre-650ml\/\"\n          name=\"xs_review_form_public_data\"\n          method=\"post\"\n          id=\"xs_review_form_public_data\">\n\n        <div class=\"xs-review-box public-xs-review-box\" id=\"xs-review-box\">\n            <h3 class=\"write-reivew-headding\">\n\t\t\t\tWrite a Review             <\/h3>\n\n\t\t\t\n            <div class=\"wur-review-fields\"> \t\t\t\t            <div class=\"xs-review xs-select\"\n\t\t\t\t                 style=\"display:block;\">\n\n\t\t\t\t\t            \t\t\t\t\t\t            <div class=\"xs-review-rating-stars text-center\">\n\t\t\t\t\t\t\t            <ul id=\"xs_review_stars\">\n\t\t\t\t\t\t\t\t            \t\t\t\t\t\t\t\t\t            <li class=\"star-li star  selected\" data-value=\"1\">\n\t\t\t\t\t\t\t\t\t\t            \t\t\t\t\t\t\t\t\t\t\t            <i class=\"xs-star dashicons-before dashicons-star-filled\"><\/i>\n\t\t\t\t\t\t\t\t\t\t            \t\t\t\t\t\t\t\t\t            <\/li>\n\t\t\t\t\t\t\t\t            \t\t\t\t\t\t\t\t\t            <li class=\"star-li star  \" data-value=\"2\">\n\t\t\t\t\t\t\t\t\t\t            \t\t\t\t\t\t\t\t\t\t\t            <i class=\"xs-star dashicons-before dashicons-star-filled\"><\/i>\n\t\t\t\t\t\t\t\t\t\t            \t\t\t\t\t\t\t\t\t            <\/li>\n\t\t\t\t\t\t\t\t            \t\t\t\t\t\t\t\t\t            <li class=\"star-li star  \" data-value=\"3\">\n\t\t\t\t\t\t\t\t\t\t            \t\t\t\t\t\t\t\t\t\t\t            <i class=\"xs-star dashicons-before dashicons-star-filled\"><\/i>\n\t\t\t\t\t\t\t\t\t\t            \t\t\t\t\t\t\t\t\t            <\/li>\n\t\t\t\t\t\t\t\t            \t\t\t\t\t\t\t\t\t            <li class=\"star-li star  \" data-value=\"4\">\n\t\t\t\t\t\t\t\t\t\t            \t\t\t\t\t\t\t\t\t\t\t            <i class=\"xs-star dashicons-before dashicons-star-filled\"><\/i>\n\t\t\t\t\t\t\t\t\t\t            \t\t\t\t\t\t\t\t\t            <\/li>\n\t\t\t\t\t\t\t\t            \t\t\t\t\t\t\t\t\t            <li class=\"star-li star  \" data-value=\"5\">\n\t\t\t\t\t\t\t\t\t\t            \t\t\t\t\t\t\t\t\t\t\t            <i class=\"xs-star dashicons-before dashicons-star-filled\"><\/i>\n\t\t\t\t\t\t\t\t\t\t            \t\t\t\t\t\t\t\t\t            <\/li>\n\t\t\t\t\t\t\t\t            \t\t\t\t\t\t\t            <\/ul>\n\t\t\t\t\t\t\t            <div id=\"review_data_show\"><\/div>\n\t\t\t\t\t\t\t            <input type=\"hidden\" id=\"ratting_review_hidden\"\n\t\t\t\t\t\t\t                   name=\"xs_submit_review_data[xs_reviwer_ratting]\"\n\t\t\t\t\t\t\t                   value=\"1\" 1 \/>\n\t\t\t\t\t\t            <\/div>\n\t\t\t\t\t            \t\t\t\t            <\/div>\n\t\t\t\t            \n\t\t\t\t            <div class=\"xs-review xs-text\"\n\t\t\t\t                 style=\"display:block;\">\n\n\t\t\t\t\t            <input type=\"text\"\n\t\t\t\t\t                   placeholder=\"Review Title\"\n\t\t\t\t\t                   id=\"xs_reviw_title\"\n\t\t\t\t\t                   class=\"widefat xs_reviw_title\"\n\t\t\t\t\t                   name=\"xs_submit_review_data[xs_reviw_title]\"\n\t\t\t\t\t                   value=\"\" 1 \/>\n\n\t\t\t\t            <\/div> \n\t\t\t\t            <div class=\"xs-review xs-text\"\n\t\t\t\t                 style=\"display:block;\">\n\n\t\t\t\t\t            <input type=\"text\"\n\t\t\t\t\t                   placeholder=\"Reviewer Name\"\n\t\t\t\t\t                   id=\"xs_reviwer_name\"\n\t\t\t\t\t                   class=\"widefat xs_reviwer_name\"\n\t\t\t\t\t                   name=\"xs_submit_review_data[xs_reviwer_name]\"\n\t\t\t\t\t                   value=\"\"  \/>\n\n\t\t\t\t            <\/div> \n\t\t\t\t            <div class=\"xs-review xs-text\"\n\t\t\t\t                 style=\"display:block;\">\n\n\t\t\t\t\t            <input type=\"text\"\n\t\t\t\t\t                   placeholder=\"Reviewer Email\"\n\t\t\t\t\t                   id=\"xs_reviwer_email\"\n\t\t\t\t\t                   class=\"widefat xs_reviwer_email\"\n\t\t\t\t\t                   name=\"xs_submit_review_data[xs_reviwer_email]\"\n\t\t\t\t\t                   value=\"\" 1 \/>\n\n\t\t\t\t            <\/div> \n\t\t\t\t            <div class=\"xs-review xs-text\"\n\t\t\t\t                 style=\"display:block;\">\n\n\t\t\t\t\t            <input type=\"text\"\n\t\t\t\t\t                   placeholder=\"Website\"\n\t\t\t\t\t                   id=\"xs_reviwer_website\"\n\t\t\t\t\t                   class=\"widefat xs_reviwer_website\"\n\t\t\t\t\t                   name=\"xs_submit_review_data[xs_reviwer_website]\"\n\t\t\t\t\t                   value=\"\"  \/>\n\n\t\t\t\t            <\/div> \n\t\t\t\t            <div class=\"xs-review xs-textarea\"\n\t\t\t\t                 style=\"display:block;\">\n\n                                    <textarea id=\"xs_reviw_summery\"\n                                              class=\"widefat xs_reviw_summery\"\n                                              name=\"xs_submit_review_data[xs_reviw_summery]\" 1                                              placeholder=\"Review Summary\"><\/textarea>\n\n\t\t\t\t            <\/div> \n                <input type=\"hidden\" value=\"6532\"\n                       name=\"xs_submit_review_data[xs_post_id]\" \/>\n\n                <input type=\"hidden\" value=\"product\"\n                       name=\"xs_submit_review_data[xs_post_type]\" \/>\n\n                <input type=\"hidden\" value=\"0\"\n                       name=\"xs_submit_review_data[xs_post_author]\" \/>\n\t\t\t\t<input type=\"hidden\" id=\"_wpnonce\" name=\"_wpnonce\" value=\"782d69afe6\" \/><input type=\"hidden\" name=\"_wp_http_referer\" value=\"\/fr\/wp-json\/wp\/v2\/product\/6532\" \/>                <div class=\"xs-review xs-save-button\">\n                    <button type=\"submit\" name=\"xs_review_form_public_data\" class=\"xs-btn primary\">\n                        Submit Review                    <\/button>\n                <\/div>\n\n            <\/div>\n        <\/div>\n    <\/form>\n\n","protected":false},"excerpt":{"rendered":"<p>Gr\u00e2ce \u00e0 son pouvoir d\u00e9graissant, il assure une excellente \u00e9limination de la salet\u00e9 et un rin\u00e7age rapide, ce qui permet d&rsquo;\u00e9conomiser de l&rsquo;eau et du temps. Produit au pH physiologique, d\u00e9licat pour les mains et l&rsquo;environnement, efficace \u00e0 basses temp\u00e9ratures.<\/p>\n<p><a href=\"https:\/\/www.amazon.it\/Lavanderina-Detergente-Detersivo-Sgrassatore-Ecologico\/dp\/B0DY7TKGF6\" target=\"_blank\" rel=\"noopener\">Acheter<\/a><\/p>\n","protected":false},"featured_media":10017,"comment_status":"closed","ping_status":"closed","template":"","meta":[],"product_brand":[],"product_cat":[77],"product_tag":[73,76,72,75,74,82],"class_list":{"0":"post-6532","1":"product","2":"type-product","3":"status-publish","4":"has-post-thumbnail","6":"product_cat-vaisselle","7":"product_tag-detergenza-eco-bio-aiab-fr","8":"product_tag-eco-packaging-fr","9":"product_tag-ecobiovegan-fr","10":"product_tag-h-a-c-c-p-fr","11":"product_tag-sans-allergene","12":"product_tag-teste-dermatologiquement","14":"first","15":"instock","16":"shipping-taxable","17":"product-type-simple"},"yoast_head":"<!-- This site is optimized with the Yoast SEO plugin v24.8 - https:\/\/yoast.com\/wordpress\/plugins\/seo\/ -->\r\n<title>Vaisselle concentr\u00e9 650mL - Lavanderina<\/title>\r\n<meta name=\"robots\" content=\"index, follow, max-snippet:-1, max-image-preview:large, max-video-preview:-1\" \/>\r\n<link rel=\"canonical\" href=\"https:\/\/lavanderina.it\/fr\/prodotto\/vaisselle-concentre-650ml\/\" \/>\r\n<meta property=\"og:locale\" content=\"fr_FR\" \/>\r\n<meta property=\"og:type\" content=\"article\" \/>\r\n<meta property=\"og:title\" content=\"Vaisselle concentr\u00e9 650mL - Lavanderina\" \/>\r\n<meta property=\"og:description\" content=\"Gr\u00e2ce \u00e0 son pouvoir d\u00e9graissant, il assure une excellente \u00e9limination de la salet\u00e9 et un rin\u00e7age rapide, ce qui permet d&#039;\u00e9conomiser de l&#039;eau et du temps. Produit au pH physiologique, d\u00e9licat pour les mains et l&#039;environnement, efficace \u00e0 basses temp\u00e9ratures.  Acheter\" \/>\r\n<meta property=\"og:url\" content=\"https:\/\/lavanderina.it\/fr\/prodotto\/vaisselle-concentre-650ml\/\" \/>\r\n<meta property=\"og:site_name\" content=\"Lavanderina\" \/>\r\n<meta property=\"article:modified_time\" content=\"2025-03-18T11:05:20+00:00\" \/>\r\n<meta property=\"og:image\" content=\"https:\/\/www.lavanderina.it\/wp-content\/uploads\/2021\/07\/lavanderina-piatti-limone-650ml.jpg\" \/>\r\n\t<meta property=\"og:image:width\" content=\"1000\" \/>\r\n\t<meta property=\"og:image:height\" content=\"1000\" \/>\r\n\t<meta property=\"og:image:type\" content=\"image\/jpeg\" \/>\r\n<meta name=\"twitter:card\" content=\"summary_large_image\" \/>\r\n<meta name=\"twitter:label1\" content=\"Dur\u00e9e de lecture estim\u00e9e\" \/>\n\t<meta name=\"twitter:data1\" content=\"1 minute\" \/>\r\n<script type=\"application\/ld+json\" class=\"yoast-schema-graph\">{\"@context\":\"https:\/\/schema.org\",\"@graph\":[{\"@type\":\"WebPage\",\"@id\":\"https:\/\/lavanderina.it\/fr\/prodotto\/vaisselle-concentre-650ml\/\",\"url\":\"https:\/\/lavanderina.it\/fr\/prodotto\/vaisselle-concentre-650ml\/\",\"name\":\"Vaisselle concentr\u00e9 650mL - Lavanderina\",\"isPartOf\":{\"@id\":\"https:\/\/lavanderina.it\/fr\/#website\"},\"primaryImageOfPage\":{\"@id\":\"https:\/\/lavanderina.it\/fr\/prodotto\/vaisselle-concentre-650ml\/#primaryimage\"},\"image\":{\"@id\":\"https:\/\/lavanderina.it\/fr\/prodotto\/vaisselle-concentre-650ml\/#primaryimage\"},\"thumbnailUrl\":\"https:\/\/www.lavanderina.it\/wp-content\/uploads\/2021\/07\/lavanderina-piatti-limone-650ml.jpg\",\"datePublished\":\"2021-07-08T14:04:45+00:00\",\"dateModified\":\"2025-03-18T11:05:20+00:00\",\"breadcrumb\":{\"@id\":\"https:\/\/lavanderina.it\/fr\/prodotto\/vaisselle-concentre-650ml\/#breadcrumb\"},\"inLanguage\":\"fr-FR\",\"potentialAction\":[{\"@type\":\"ReadAction\",\"target\":[\"https:\/\/lavanderina.it\/fr\/prodotto\/vaisselle-concentre-650ml\/\"]}]},{\"@type\":\"ImageObject\",\"inLanguage\":\"fr-FR\",\"@id\":\"https:\/\/lavanderina.it\/fr\/prodotto\/vaisselle-concentre-650ml\/#primaryimage\",\"url\":\"https:\/\/www.lavanderina.it\/wp-content\/uploads\/2021\/07\/lavanderina-piatti-limone-650ml.jpg\",\"contentUrl\":\"https:\/\/www.lavanderina.it\/wp-content\/uploads\/2021\/07\/lavanderina-piatti-limone-650ml.jpg\",\"width\":1000,\"height\":1000},{\"@type\":\"BreadcrumbList\",\"@id\":\"https:\/\/lavanderina.it\/fr\/prodotto\/vaisselle-concentre-650ml\/#breadcrumb\",\"itemListElement\":[{\"@type\":\"ListItem\",\"position\":1,\"name\":\"Home\",\"item\":\"https:\/\/lavanderina.it\/fr\/\"},{\"@type\":\"ListItem\",\"position\":2,\"name\":\"Shop\",\"item\":\"https:\/\/lavanderina.it\/negozio\/\"},{\"@type\":\"ListItem\",\"position\":3,\"name\":\"Vaisselle concentr\u00e9 650mL\"}]},{\"@type\":\"WebSite\",\"@id\":\"https:\/\/lavanderina.it\/fr\/#website\",\"url\":\"https:\/\/lavanderina.it\/fr\/\",\"name\":\"Lavanderina\",\"description\":\"Detersivi ecologici, biologici, sostenibili e vegani\",\"potentialAction\":[{\"@type\":\"SearchAction\",\"target\":{\"@type\":\"EntryPoint\",\"urlTemplate\":\"https:\/\/lavanderina.it\/fr\/?s={search_term_string}\"},\"query-input\":{\"@type\":\"PropertyValueSpecification\",\"valueRequired\":true,\"valueName\":\"search_term_string\"}}],\"inLanguage\":\"fr-FR\"}]}<\/script>\r\n<!-- \/ Yoast SEO plugin. -->","yoast_head_json":{"title":"Vaisselle concentr\u00e9 650mL - Lavanderina","robots":{"index":"index","follow":"follow","max-snippet":"max-snippet:-1","max-image-preview":"max-image-preview:large","max-video-preview":"max-video-preview:-1"},"canonical":"https:\/\/lavanderina.it\/fr\/prodotto\/vaisselle-concentre-650ml\/","og_locale":"fr_FR","og_type":"article","og_title":"Vaisselle concentr\u00e9 650mL - Lavanderina","og_description":"Gr\u00e2ce \u00e0 son pouvoir d\u00e9graissant, il assure une excellente \u00e9limination de la salet\u00e9 et un rin\u00e7age rapide, ce qui permet d'\u00e9conomiser de l'eau et du temps. Produit au pH physiologique, d\u00e9licat pour les mains et l'environnement, efficace \u00e0 basses temp\u00e9ratures.  Acheter","og_url":"https:\/\/lavanderina.it\/fr\/prodotto\/vaisselle-concentre-650ml\/","og_site_name":"Lavanderina","article_modified_time":"2025-03-18T11:05:20+00:00","og_image":[{"width":1000,"height":1000,"url":"https:\/\/www.lavanderina.it\/wp-content\/uploads\/2021\/07\/lavanderina-piatti-limone-650ml.jpg","type":"image\/jpeg"}],"twitter_card":"summary_large_image","twitter_misc":{"Dur\u00e9e de lecture estim\u00e9e":"1 minute"},"schema":{"@context":"https:\/\/schema.org","@graph":[{"@type":"WebPage","@id":"https:\/\/lavanderina.it\/fr\/prodotto\/vaisselle-concentre-650ml\/","url":"https:\/\/lavanderina.it\/fr\/prodotto\/vaisselle-concentre-650ml\/","name":"Vaisselle concentr\u00e9 650mL - Lavanderina","isPartOf":{"@id":"https:\/\/lavanderina.it\/fr\/#website"},"primaryImageOfPage":{"@id":"https:\/\/lavanderina.it\/fr\/prodotto\/vaisselle-concentre-650ml\/#primaryimage"},"image":{"@id":"https:\/\/lavanderina.it\/fr\/prodotto\/vaisselle-concentre-650ml\/#primaryimage"},"thumbnailUrl":"https:\/\/www.lavanderina.it\/wp-content\/uploads\/2021\/07\/lavanderina-piatti-limone-650ml.jpg","datePublished":"2021-07-08T14:04:45+00:00","dateModified":"2025-03-18T11:05:20+00:00","breadcrumb":{"@id":"https:\/\/lavanderina.it\/fr\/prodotto\/vaisselle-concentre-650ml\/#breadcrumb"},"inLanguage":"fr-FR","potentialAction":[{"@type":"ReadAction","target":["https:\/\/lavanderina.it\/fr\/prodotto\/vaisselle-concentre-650ml\/"]}]},{"@type":"ImageObject","inLanguage":"fr-FR","@id":"https:\/\/lavanderina.it\/fr\/prodotto\/vaisselle-concentre-650ml\/#primaryimage","url":"https:\/\/www.lavanderina.it\/wp-content\/uploads\/2021\/07\/lavanderina-piatti-limone-650ml.jpg","contentUrl":"https:\/\/www.lavanderina.it\/wp-content\/uploads\/2021\/07\/lavanderina-piatti-limone-650ml.jpg","width":1000,"height":1000},{"@type":"BreadcrumbList","@id":"https:\/\/lavanderina.it\/fr\/prodotto\/vaisselle-concentre-650ml\/#breadcrumb","itemListElement":[{"@type":"ListItem","position":1,"name":"Home","item":"https:\/\/lavanderina.it\/fr\/"},{"@type":"ListItem","position":2,"name":"Shop","item":"https:\/\/lavanderina.it\/negozio\/"},{"@type":"ListItem","position":3,"name":"Vaisselle concentr\u00e9 650mL"}]},{"@type":"WebSite","@id":"https:\/\/lavanderina.it\/fr\/#website","url":"https:\/\/lavanderina.it\/fr\/","name":"Lavanderina","description":"Detersivi ecologici, biologici, sostenibili e vegani","potentialAction":[{"@type":"SearchAction","target":{"@type":"EntryPoint","urlTemplate":"https:\/\/lavanderina.it\/fr\/?s={search_term_string}"},"query-input":{"@type":"PropertyValueSpecification","valueRequired":true,"valueName":"search_term_string"}}],"inLanguage":"fr-FR"}]}},"jetpack_sharing_enabled":true,"_links":{"self":[{"href":"https:\/\/lavanderina.it\/fr\/wp-json\/wp\/v2\/product\/6532","targetHints":{"allow":["GET"]}}],"collection":[{"href":"https:\/\/lavanderina.it\/fr\/wp-json\/wp\/v2\/product"}],"about":[{"href":"https:\/\/lavanderina.it\/fr\/wp-json\/wp\/v2\/types\/product"}],"replies":[{"embeddable":true,"href":"https:\/\/lavanderina.it\/fr\/wp-json\/wp\/v2\/comments?post=6532"}],"wp:featuredmedia":[{"embeddable":true,"href":"https:\/\/lavanderina.it\/fr\/wp-json\/wp\/v2\/media\/10017"}],"wp:attachment":[{"href":"https:\/\/lavanderina.it\/fr\/wp-json\/wp\/v2\/media?parent=6532"}],"wp:term":[{"taxonomy":"product_brand","embeddable":true,"href":"https:\/\/lavanderina.it\/fr\/wp-json\/wp\/v2\/product_brand?post=6532"},{"taxonomy":"product_cat","embeddable":true,"href":"https:\/\/lavanderina.it\/fr\/wp-json\/wp\/v2\/product_cat?post=6532"},{"taxonomy":"product_tag","embeddable":true,"href":"https:\/\/lavanderina.it\/fr\/wp-json\/wp\/v2\/product_tag?post=6532"}],"curies":[{"name":"wp","href":"https:\/\/api.w.org\/{rel}","templated":true}]}}