{"id":6559,"date":"2021-07-08T08:46:56","date_gmt":"2021-07-08T08:46:56","guid":{"rendered":"https:\/\/www.lavanderina.it\/prodotto\/adoucissant-concentre-fleuri-2000ml\/"},"modified":"2025-03-18T11:22:22","modified_gmt":"2025-03-18T11:22:22","slug":"adoucissant-concentre-fleuri-2000ml","status":"publish","type":"product","link":"https:\/\/lavanderina.it\/fr\/prodotto\/adoucissant-concentre-fleuri-2000ml\/","title":{"rendered":"Adoucissant Concentr\u00e9 Fleuri 2000mL"},"content":{"rendered":"<p><strong>SANS RISQUE POUR L&rsquo;ENVIRONNEMENT :<\/strong> son contenu est facilement biod\u00e9gradable et l&#8217;emballage, fabriqu\u00e9 \u00e0 partir de mat\u00e9riaux recycl\u00e9s, est recyclable \u00e0 l&rsquo;infini.<\/p>\n<p><strong>SANS RISQUE POUR LA PEAU :<\/strong> sa formulation privil\u00e9gie les ingr\u00e9dients verts et \u00e9cologiques, le produit ne contient aucun allerg\u00e8ne et est test\u00e9 dermatologiquement.<\/p>\n<p><strong>SANS RISQUE POUR LES ANIMAUX :<\/strong> produit v\u00e9gan, ne contient aucun ingr\u00e9dient d&rsquo;origine animale et n&rsquo;est pas nuisible ni g\u00eanant pour nos petits compagnons.<\/p>\n<p>ITALIAN PATENT PENDING<\/p>\n<p>&nbsp;<\/p>\n<p><strong>MODE D\u2019EMPLOI :<\/strong> utiliser 20 ml par lavage, soit en machine \u00e0 laver, soit \u00e0 la main. Pour un effet suppl\u00e9mentaire, ajoutez 10 ml par lavage.<\/p>\n<p><strong>INCI (INGREDIENTS) :<\/strong> Aqua (Water), Reaction Products of C18 (Unsaturated) Fatty Acids And Dimethyl Sulfate And Triethanolamine, Citric Acid, Phenoxyethanol, Isopropyl Alcohol, Aloe Barbadensis Leaf Juice (BIO), Thymus Vulgaris (Thyme) Leaf Extract (BIO), Parfum (Fragrance).<\/p>\n    <div class=\"xs-review-box view-review-list\" id=\"xs-user-review-box\">\n\n        <h3 class=\"total-reivew-headding\">\n\t\t\t3 Reviews        <\/h3>\n        <div class=\"xs-review-box-item\">\n\n            <div\n                    class=\"xs-review-media review-full\">\n\n\t\t\t\t\n                        <!-- every review-->\n                        <div class=\"xs-reviewer-details\">\n\n\t\t\t\t\t\t\t\n                                <div class=\"review-reviwer-image-section\">\n\n\t\t\t\t\t\t\t\t\t\n                                <\/div> \n                            <div class=\"review-reviwer-info-section\">\n\n\t\t\t\t\t\t\t\t                                        <div class=\"xs-reviewer-author\">\n\t\t\t\t\t\t\t\t\t\t\t<span\n                                                    class=\"xs_review_name\"> cantrellmechanicfcy5k2+2l6idd1dashf@gmail.com <\/span>\n\t\t\t\t\t\t\t\t\t\t\t                                        <\/div>\n\t\t\t\t\t\t\t\t\t                                        <div class=\"xs-reviewer-website\">\n                                            <span> cantrellmechanicfcy5k2+2l6idd1dashf@gmail.com <\/span>\n                                        <\/div>\n\t\t\t\t\t\t\t\t\t<div class=\"xs-review-rattting\"><span class=\"screen-rattting-text\"> 1 <\/span><div class=\"xs-star dashicons-before dashicons-star-filled\"><\/div><div class=\"xs-star dashicons-before dashicons-star-empty\"><\/div><div class=\"xs-star dashicons-before dashicons-star-empty\"><\/div><div class=\"xs-star dashicons-before dashicons-star-empty\"><\/div><div class=\"xs-star dashicons-before dashicons-star-empty\"><\/div><\/div>                                        <div class=\"xs-review-date\">\n                                            <time datetime=\"2024-06-02T10:27:56+00:00\"\n                                                  itemprop=\"datePublished\">\n\t\t\t\t\t\t\t\t\t\t\t\tjuin 02, 2024                                            <\/time>\n                                        <\/div>\n\t\t\t\t\t\t\t\t\t                                        <div class=\"xs-review-title\">\n                                            <h3> cantrellmechanicfcy5k2+2l6idd1dashf@gmail.com <\/h3>\n                                        <\/div>                                         <div class=\"xs-review-summery\">\n                                            <p> nesciunt voluptatem rem sunt suscipit ut minima quia minima voluptas quis qui dolores mollitia delectus. nulla et minima quisquam ab eveniet ex ut est eum amet molestiae quia iure quo exercitationem. <\/p>\n                                        <\/div>\n\t\t\t\t\t\t\t\t\t                            <\/div>\n\n                        <\/div>\n\n\t\t\t\t\t\t<div class=\"border-div\"> <\/div>\n                        <!-- every review-->\n                        <div class=\"xs-reviewer-details\">\n\n\t\t\t\t\t\t\t\n                                <div class=\"review-reviwer-image-section\">\n\n\t\t\t\t\t\t\t\t\t\n                                <\/div> \n                            <div class=\"review-reviwer-info-section\">\n\n\t\t\t\t\t\t\t\t                                        <div class=\"xs-reviewer-author\">\n\t\t\t\t\t\t\t\t\t\t\t<span\n                                                    class=\"xs_review_name\"> schermerdusenberycmp5p8+2l6idf8t6hg9@gmail.com <\/span>\n\t\t\t\t\t\t\t\t\t\t\t                                        <\/div>\n\t\t\t\t\t\t\t\t\t                                        <div class=\"xs-reviewer-website\">\n                                            <span> schermerdusenberycmp5p8+2l6idf8t6hg9@gmail.com <\/span>\n                                        <\/div>\n\t\t\t\t\t\t\t\t\t<div class=\"xs-review-rattting\"><span class=\"screen-rattting-text\"> 1 <\/span><div class=\"xs-star dashicons-before dashicons-star-filled\"><\/div><div class=\"xs-star dashicons-before dashicons-star-empty\"><\/div><div class=\"xs-star dashicons-before dashicons-star-empty\"><\/div><div class=\"xs-star dashicons-before dashicons-star-empty\"><\/div><div class=\"xs-star dashicons-before dashicons-star-empty\"><\/div><\/div>                                        <div class=\"xs-review-date\">\n                                            <time datetime=\"2024-05-26T05:41:29+00:00\"\n                                                  itemprop=\"datePublished\">\n\t\t\t\t\t\t\t\t\t\t\t\tmai 26, 2024                                            <\/time>\n                                        <\/div>\n\t\t\t\t\t\t\t\t\t                                        <div class=\"xs-review-title\">\n                                            <h3> schermerdusenberycmp5p8+2l6idf8t6hg9@gmail.com <\/h3>\n                                        <\/div>                                         <div class=\"xs-review-summery\">\n                                            <p> facere temporibus voluptatem quam commodi labore soluta enim. dolores qui quas voluptatum officia quasi et quis architecto. debitis quisquam consequuntur rem totam ullam veritatis natus incidunt. cons <\/p>\n                                        <\/div>\n\t\t\t\t\t\t\t\t\t                            <\/div>\n\n                        <\/div>\n\n\t\t\t\t\t\t<div class=\"border-div\"> <\/div>\n                        <!-- every review-->\n                        <div class=\"xs-reviewer-details\">\n\n\t\t\t\t\t\t\t\n                                <div class=\"review-reviwer-image-section\">\n\n\t\t\t\t\t\t\t\t\t\n                                <\/div> \n                            <div class=\"review-reviwer-info-section\">\n\n\t\t\t\t\t\t\t\t                                        <div class=\"xs-reviewer-author\">\n\t\t\t\t\t\t\t\t\t\t\t<span\n                                                    class=\"xs_review_name\"> 35.01hs3jzgsehvzh3jznqfgbv980@mail5u.info <\/span>\n\t\t\t\t\t\t\t\t\t\t\t                                        <\/div>\n\t\t\t\t\t\t\t\t\t                                        <div class=\"xs-reviewer-website\">\n                                            <span> 35.01hs3jzgsehvzh3jznqfgbv980@mail5u.info <\/span>\n                                        <\/div>\n\t\t\t\t\t\t\t\t\t<div class=\"xs-review-rattting\"><span class=\"screen-rattting-text\"> 1 <\/span><div class=\"xs-star dashicons-before dashicons-star-filled\"><\/div><div class=\"xs-star dashicons-before dashicons-star-empty\"><\/div><div class=\"xs-star dashicons-before dashicons-star-empty\"><\/div><div class=\"xs-star dashicons-before dashicons-star-empty\"><\/div><div class=\"xs-star dashicons-before dashicons-star-empty\"><\/div><\/div>                                        <div class=\"xs-review-date\">\n                                            <time datetime=\"2024-05-01T05:03:50+00:00\"\n                                                  itemprop=\"datePublished\">\n\t\t\t\t\t\t\t\t\t\t\t\tmai 01, 2024                                            <\/time>\n                                        <\/div>\n\t\t\t\t\t\t\t\t\t                                        <div class=\"xs-review-title\">\n                                            <h3> 35.01hs3jzgsehvzh3jznqfgbv980@mail5u.info <\/h3>\n                                        <\/div>                                         <div class=\"xs-review-summery\">\n                                            <p> impedit ut ut dolore quo cum qui ducimus ratione. et omnis asperiores officiis necessitatibus quo. <\/p>\n                                        <\/div>\n\t\t\t\t\t\t\t\t\t                            <\/div>\n\n                        <\/div>\n\n\t\t\t\t\t\t\n                    <div class=\"xs-review-pagination\">\n\t\t\t\t\t\t                    <\/div>\n\n\t\t\t\t\t\n            <\/div>\n\n\t\t\t\n        <\/div>\n\n    <\/div>\n\n\t\n    <form action=\"https:\/\/lavanderina.it\/fr\/?xs_review=35-01hs3jzgsehvzh3jznqfgbv980mail5u-info\"\n          name=\"xs_review_form_public_data\"\n          method=\"post\"\n          id=\"xs_review_form_public_data\">\n\n        <div class=\"xs-review-box public-xs-review-box\" id=\"xs-review-box\">\n            <h3 class=\"write-reivew-headding\">\n\t\t\t\tWrite a Review             <\/h3>\n\n\t\t\t\n            <div class=\"wur-review-fields\"> \t\t\t\t            <div class=\"xs-review xs-select\"\n\t\t\t\t                 style=\"display:block;\">\n\n\t\t\t\t\t            \t\t\t\t\t\t            <div class=\"xs-review-rating-stars text-center\">\n\t\t\t\t\t\t\t            <ul id=\"xs_review_stars\">\n\t\t\t\t\t\t\t\t            \t\t\t\t\t\t\t\t\t            <li class=\"star-li star  selected\" data-value=\"1\">\n\t\t\t\t\t\t\t\t\t\t            \t\t\t\t\t\t\t\t\t\t\t            <i class=\"xs-star dashicons-before dashicons-star-filled\"><\/i>\n\t\t\t\t\t\t\t\t\t\t            \t\t\t\t\t\t\t\t\t            <\/li>\n\t\t\t\t\t\t\t\t            \t\t\t\t\t\t\t\t\t            <li class=\"star-li star  \" data-value=\"2\">\n\t\t\t\t\t\t\t\t\t\t            \t\t\t\t\t\t\t\t\t\t\t            <i class=\"xs-star dashicons-before dashicons-star-filled\"><\/i>\n\t\t\t\t\t\t\t\t\t\t            \t\t\t\t\t\t\t\t\t            <\/li>\n\t\t\t\t\t\t\t\t            \t\t\t\t\t\t\t\t\t            <li class=\"star-li star  \" data-value=\"3\">\n\t\t\t\t\t\t\t\t\t\t            \t\t\t\t\t\t\t\t\t\t\t            <i class=\"xs-star dashicons-before dashicons-star-filled\"><\/i>\n\t\t\t\t\t\t\t\t\t\t            \t\t\t\t\t\t\t\t\t            <\/li>\n\t\t\t\t\t\t\t\t            \t\t\t\t\t\t\t\t\t            <li class=\"star-li star  \" data-value=\"4\">\n\t\t\t\t\t\t\t\t\t\t            \t\t\t\t\t\t\t\t\t\t\t            <i class=\"xs-star dashicons-before dashicons-star-filled\"><\/i>\n\t\t\t\t\t\t\t\t\t\t            \t\t\t\t\t\t\t\t\t            <\/li>\n\t\t\t\t\t\t\t\t            \t\t\t\t\t\t\t\t\t            <li class=\"star-li star  \" data-value=\"5\">\n\t\t\t\t\t\t\t\t\t\t            \t\t\t\t\t\t\t\t\t\t\t            <i class=\"xs-star dashicons-before dashicons-star-filled\"><\/i>\n\t\t\t\t\t\t\t\t\t\t            \t\t\t\t\t\t\t\t\t            <\/li>\n\t\t\t\t\t\t\t\t            \t\t\t\t\t\t\t            <\/ul>\n\t\t\t\t\t\t\t            <div id=\"review_data_show\"><\/div>\n\t\t\t\t\t\t\t            <input type=\"hidden\" id=\"ratting_review_hidden\"\n\t\t\t\t\t\t\t                   name=\"xs_submit_review_data[xs_reviwer_ratting]\"\n\t\t\t\t\t\t\t                   value=\"1\" 1 \/>\n\t\t\t\t\t\t            <\/div>\n\t\t\t\t\t            \t\t\t\t            <\/div>\n\t\t\t\t            \n\t\t\t\t            <div class=\"xs-review xs-text\"\n\t\t\t\t                 style=\"display:block;\">\n\n\t\t\t\t\t            <input type=\"text\"\n\t\t\t\t\t                   placeholder=\"Review Title\"\n\t\t\t\t\t                   id=\"xs_reviw_title\"\n\t\t\t\t\t                   class=\"widefat xs_reviw_title\"\n\t\t\t\t\t                   name=\"xs_submit_review_data[xs_reviw_title]\"\n\t\t\t\t\t                   value=\"\" 1 \/>\n\n\t\t\t\t            <\/div> \n\t\t\t\t            <div class=\"xs-review xs-text\"\n\t\t\t\t                 style=\"display:block;\">\n\n\t\t\t\t\t            <input type=\"text\"\n\t\t\t\t\t                   placeholder=\"Reviewer Name\"\n\t\t\t\t\t                   id=\"xs_reviwer_name\"\n\t\t\t\t\t                   class=\"widefat xs_reviwer_name\"\n\t\t\t\t\t                   name=\"xs_submit_review_data[xs_reviwer_name]\"\n\t\t\t\t\t                   value=\"\"  \/>\n\n\t\t\t\t            <\/div> \n\t\t\t\t            <div class=\"xs-review xs-text\"\n\t\t\t\t                 style=\"display:block;\">\n\n\t\t\t\t\t            <input type=\"text\"\n\t\t\t\t\t                   placeholder=\"Reviewer Email\"\n\t\t\t\t\t                   id=\"xs_reviwer_email\"\n\t\t\t\t\t                   class=\"widefat xs_reviwer_email\"\n\t\t\t\t\t                   name=\"xs_submit_review_data[xs_reviwer_email]\"\n\t\t\t\t\t                   value=\"\" 1 \/>\n\n\t\t\t\t            <\/div> \n\t\t\t\t            <div class=\"xs-review xs-text\"\n\t\t\t\t                 style=\"display:block;\">\n\n\t\t\t\t\t            <input type=\"text\"\n\t\t\t\t\t                   placeholder=\"Website\"\n\t\t\t\t\t                   id=\"xs_reviwer_website\"\n\t\t\t\t\t                   class=\"widefat xs_reviwer_website\"\n\t\t\t\t\t                   name=\"xs_submit_review_data[xs_reviwer_website]\"\n\t\t\t\t\t                   value=\"\"  \/>\n\n\t\t\t\t            <\/div> \n\t\t\t\t            <div class=\"xs-review xs-textarea\"\n\t\t\t\t                 style=\"display:block;\">\n\n                                    <textarea id=\"xs_reviw_summery\"\n                                              class=\"widefat xs_reviw_summery\"\n                                              name=\"xs_submit_review_data[xs_reviw_summery]\" 1                                              placeholder=\"Review Summary\"><\/textarea>\n\n\t\t\t\t            <\/div> \n                <input type=\"hidden\" value=\"6559\"\n                       name=\"xs_submit_review_data[xs_post_id]\" \/>\n\n                <input type=\"hidden\" value=\"product\"\n                       name=\"xs_submit_review_data[xs_post_type]\" \/>\n\n                <input type=\"hidden\" value=\"0\"\n                       name=\"xs_submit_review_data[xs_post_author]\" \/>\n\t\t\t\t<input type=\"hidden\" id=\"_wpnonce\" name=\"_wpnonce\" value=\"782d69afe6\" \/><input type=\"hidden\" name=\"_wp_http_referer\" value=\"\/fr\/wp-json\/wp\/v2\/product\/6559\" \/>                <div class=\"xs-review xs-save-button\">\n                    <button type=\"submit\" name=\"xs_review_form_public_data\" class=\"xs-btn primary\">\n                        Submit Review                    <\/button>\n                <\/div>\n\n            <\/div>\n        <\/div>\n    <\/form>\n\n","protected":false},"excerpt":{"rendered":"<p>Produit indiqu\u00e9 pour les v\u00eatements blancs, noirs et color\u00e9s, ainsi que pour les tissus les plus d\u00e9licats. Sa formule sp\u00e9ciale rend le linge plus doux, facile \u00e0 repasser et lui donne un parfum longue dur\u00e9e. L&rsquo;acide citrique qu&rsquo;il contient est \u00e9galement capable de ramener les tissus au pH physiologique de la peau et aide \u00e0 r\u00e9duire le calcaire, cause de la rigidit\u00e9 des fibres.<\/p>\n<p><a href=\"https:\/\/www.amazon.it\/Lavanderina-Ammorbidente-Concentrato-Lavatrice-Ecologico\/dp\/B0DY7WBQY9\" target=\"_blank\" rel=\"noopener\">Acheter<\/a><\/p>\n","protected":false},"featured_media":10031,"comment_status":"closed","ping_status":"closed","template":"","meta":[],"product_brand":[],"product_cat":[84],"product_tag":[73,76,72,75,74,82],"class_list":{"0":"post-6559","1":"product","2":"type-product","3":"status-publish","4":"has-post-thumbnail","6":"product_cat-lessive","7":"product_tag-detergenza-eco-bio-aiab-fr","8":"product_tag-eco-packaging-fr","9":"product_tag-ecobiovegan-fr","10":"product_tag-h-a-c-c-p-fr","11":"product_tag-sans-allergene","12":"product_tag-teste-dermatologiquement","14":"first","15":"instock","16":"shipping-taxable","17":"product-type-simple"},"yoast_head":"<!-- This site is optimized with the Yoast SEO plugin v24.8 - https:\/\/yoast.com\/wordpress\/plugins\/seo\/ -->\r\n<title>Adoucissant Concentr\u00e9 Fleuri 2000mL - Lavanderina<\/title>\r\n<meta name=\"robots\" content=\"index, follow, max-snippet:-1, max-image-preview:large, max-video-preview:-1\" \/>\r\n<link rel=\"canonical\" href=\"https:\/\/lavanderina.it\/fr\/prodotto\/adoucissant-concentre-fleuri-2000ml\/\" \/>\r\n<meta property=\"og:locale\" content=\"fr_FR\" \/>\r\n<meta property=\"og:type\" content=\"article\" \/>\r\n<meta property=\"og:title\" content=\"Adoucissant Concentr\u00e9 Fleuri 2000mL - Lavanderina\" \/>\r\n<meta property=\"og:description\" content=\"Produit indiqu\u00e9 pour les v\u00eatements blancs, noirs et color\u00e9s, ainsi que pour les tissus les plus d\u00e9licats. Sa formule sp\u00e9ciale rend le linge plus doux, facile \u00e0 repasser et lui donne un parfum longue dur\u00e9e. L&#039;acide citrique qu&#039;il contient est \u00e9galement capable de ramener les tissus au pH physiologique de la peau et aide \u00e0 r\u00e9duire le calcaire, cause de la rigidit\u00e9 des fibres.  Acheter\" \/>\r\n<meta property=\"og:url\" content=\"https:\/\/lavanderina.it\/fr\/prodotto\/adoucissant-concentre-fleuri-2000ml\/\" \/>\r\n<meta property=\"og:site_name\" content=\"Lavanderina\" \/>\r\n<meta property=\"article:modified_time\" content=\"2025-03-18T11:22:22+00:00\" \/>\r\n<meta property=\"og:image\" content=\"https:\/\/www.lavanderina.it\/wp-content\/uploads\/2021\/07\/lavanderina-ammorbidente-fiorito-2000ml.jpg\" \/>\r\n\t<meta property=\"og:image:width\" content=\"1000\" \/>\r\n\t<meta property=\"og:image:height\" content=\"1000\" \/>\r\n\t<meta property=\"og:image:type\" content=\"image\/jpeg\" \/>\r\n<meta name=\"twitter:card\" content=\"summary_large_image\" \/>\r\n<meta name=\"twitter:label1\" content=\"Dur\u00e9e de lecture estim\u00e9e\" \/>\n\t<meta name=\"twitter:data1\" content=\"1 minute\" \/>\r\n<script type=\"application\/ld+json\" class=\"yoast-schema-graph\">{\"@context\":\"https:\/\/schema.org\",\"@graph\":[{\"@type\":\"WebPage\",\"@id\":\"https:\/\/lavanderina.it\/fr\/prodotto\/adoucissant-concentre-fleuri-2000ml\/\",\"url\":\"https:\/\/lavanderina.it\/fr\/prodotto\/adoucissant-concentre-fleuri-2000ml\/\",\"name\":\"Adoucissant Concentr\u00e9 Fleuri 2000mL - Lavanderina\",\"isPartOf\":{\"@id\":\"https:\/\/lavanderina.it\/fr\/#website\"},\"primaryImageOfPage\":{\"@id\":\"https:\/\/lavanderina.it\/fr\/prodotto\/adoucissant-concentre-fleuri-2000ml\/#primaryimage\"},\"image\":{\"@id\":\"https:\/\/lavanderina.it\/fr\/prodotto\/adoucissant-concentre-fleuri-2000ml\/#primaryimage\"},\"thumbnailUrl\":\"https:\/\/www.lavanderina.it\/wp-content\/uploads\/2021\/07\/lavanderina-ammorbidente-fiorito-2000ml.jpg\",\"datePublished\":\"2021-07-08T08:46:56+00:00\",\"dateModified\":\"2025-03-18T11:22:22+00:00\",\"breadcrumb\":{\"@id\":\"https:\/\/lavanderina.it\/fr\/prodotto\/adoucissant-concentre-fleuri-2000ml\/#breadcrumb\"},\"inLanguage\":\"fr-FR\",\"potentialAction\":[{\"@type\":\"ReadAction\",\"target\":[\"https:\/\/lavanderina.it\/fr\/prodotto\/adoucissant-concentre-fleuri-2000ml\/\"]}]},{\"@type\":\"ImageObject\",\"inLanguage\":\"fr-FR\",\"@id\":\"https:\/\/lavanderina.it\/fr\/prodotto\/adoucissant-concentre-fleuri-2000ml\/#primaryimage\",\"url\":\"https:\/\/www.lavanderina.it\/wp-content\/uploads\/2021\/07\/lavanderina-ammorbidente-fiorito-2000ml.jpg\",\"contentUrl\":\"https:\/\/www.lavanderina.it\/wp-content\/uploads\/2021\/07\/lavanderina-ammorbidente-fiorito-2000ml.jpg\",\"width\":1000,\"height\":1000},{\"@type\":\"BreadcrumbList\",\"@id\":\"https:\/\/lavanderina.it\/fr\/prodotto\/adoucissant-concentre-fleuri-2000ml\/#breadcrumb\",\"itemListElement\":[{\"@type\":\"ListItem\",\"position\":1,\"name\":\"Home\",\"item\":\"https:\/\/lavanderina.it\/fr\/\"},{\"@type\":\"ListItem\",\"position\":2,\"name\":\"Shop\",\"item\":\"https:\/\/lavanderina.it\/negozio\/\"},{\"@type\":\"ListItem\",\"position\":3,\"name\":\"Adoucissant Concentr\u00e9 Fleuri 2000mL\"}]},{\"@type\":\"WebSite\",\"@id\":\"https:\/\/lavanderina.it\/fr\/#website\",\"url\":\"https:\/\/lavanderina.it\/fr\/\",\"name\":\"Lavanderina\",\"description\":\"Detersivi ecologici, biologici, sostenibili e vegani\",\"potentialAction\":[{\"@type\":\"SearchAction\",\"target\":{\"@type\":\"EntryPoint\",\"urlTemplate\":\"https:\/\/lavanderina.it\/fr\/?s={search_term_string}\"},\"query-input\":{\"@type\":\"PropertyValueSpecification\",\"valueRequired\":true,\"valueName\":\"search_term_string\"}}],\"inLanguage\":\"fr-FR\"}]}<\/script>\r\n<!-- \/ Yoast SEO plugin. -->","yoast_head_json":{"title":"Adoucissant Concentr\u00e9 Fleuri 2000mL - Lavanderina","robots":{"index":"index","follow":"follow","max-snippet":"max-snippet:-1","max-image-preview":"max-image-preview:large","max-video-preview":"max-video-preview:-1"},"canonical":"https:\/\/lavanderina.it\/fr\/prodotto\/adoucissant-concentre-fleuri-2000ml\/","og_locale":"fr_FR","og_type":"article","og_title":"Adoucissant Concentr\u00e9 Fleuri 2000mL - Lavanderina","og_description":"Produit indiqu\u00e9 pour les v\u00eatements blancs, noirs et color\u00e9s, ainsi que pour les tissus les plus d\u00e9licats. Sa formule sp\u00e9ciale rend le linge plus doux, facile \u00e0 repasser et lui donne un parfum longue dur\u00e9e. L'acide citrique qu'il contient est \u00e9galement capable de ramener les tissus au pH physiologique de la peau et aide \u00e0 r\u00e9duire le calcaire, cause de la rigidit\u00e9 des fibres.  Acheter","og_url":"https:\/\/lavanderina.it\/fr\/prodotto\/adoucissant-concentre-fleuri-2000ml\/","og_site_name":"Lavanderina","article_modified_time":"2025-03-18T11:22:22+00:00","og_image":[{"width":1000,"height":1000,"url":"https:\/\/www.lavanderina.it\/wp-content\/uploads\/2021\/07\/lavanderina-ammorbidente-fiorito-2000ml.jpg","type":"image\/jpeg"}],"twitter_card":"summary_large_image","twitter_misc":{"Dur\u00e9e de lecture estim\u00e9e":"1 minute"},"schema":{"@context":"https:\/\/schema.org","@graph":[{"@type":"WebPage","@id":"https:\/\/lavanderina.it\/fr\/prodotto\/adoucissant-concentre-fleuri-2000ml\/","url":"https:\/\/lavanderina.it\/fr\/prodotto\/adoucissant-concentre-fleuri-2000ml\/","name":"Adoucissant Concentr\u00e9 Fleuri 2000mL - Lavanderina","isPartOf":{"@id":"https:\/\/lavanderina.it\/fr\/#website"},"primaryImageOfPage":{"@id":"https:\/\/lavanderina.it\/fr\/prodotto\/adoucissant-concentre-fleuri-2000ml\/#primaryimage"},"image":{"@id":"https:\/\/lavanderina.it\/fr\/prodotto\/adoucissant-concentre-fleuri-2000ml\/#primaryimage"},"thumbnailUrl":"https:\/\/www.lavanderina.it\/wp-content\/uploads\/2021\/07\/lavanderina-ammorbidente-fiorito-2000ml.jpg","datePublished":"2021-07-08T08:46:56+00:00","dateModified":"2025-03-18T11:22:22+00:00","breadcrumb":{"@id":"https:\/\/lavanderina.it\/fr\/prodotto\/adoucissant-concentre-fleuri-2000ml\/#breadcrumb"},"inLanguage":"fr-FR","potentialAction":[{"@type":"ReadAction","target":["https:\/\/lavanderina.it\/fr\/prodotto\/adoucissant-concentre-fleuri-2000ml\/"]}]},{"@type":"ImageObject","inLanguage":"fr-FR","@id":"https:\/\/lavanderina.it\/fr\/prodotto\/adoucissant-concentre-fleuri-2000ml\/#primaryimage","url":"https:\/\/www.lavanderina.it\/wp-content\/uploads\/2021\/07\/lavanderina-ammorbidente-fiorito-2000ml.jpg","contentUrl":"https:\/\/www.lavanderina.it\/wp-content\/uploads\/2021\/07\/lavanderina-ammorbidente-fiorito-2000ml.jpg","width":1000,"height":1000},{"@type":"BreadcrumbList","@id":"https:\/\/lavanderina.it\/fr\/prodotto\/adoucissant-concentre-fleuri-2000ml\/#breadcrumb","itemListElement":[{"@type":"ListItem","position":1,"name":"Home","item":"https:\/\/lavanderina.it\/fr\/"},{"@type":"ListItem","position":2,"name":"Shop","item":"https:\/\/lavanderina.it\/negozio\/"},{"@type":"ListItem","position":3,"name":"Adoucissant Concentr\u00e9 Fleuri 2000mL"}]},{"@type":"WebSite","@id":"https:\/\/lavanderina.it\/fr\/#website","url":"https:\/\/lavanderina.it\/fr\/","name":"Lavanderina","description":"Detersivi ecologici, biologici, sostenibili e vegani","potentialAction":[{"@type":"SearchAction","target":{"@type":"EntryPoint","urlTemplate":"https:\/\/lavanderina.it\/fr\/?s={search_term_string}"},"query-input":{"@type":"PropertyValueSpecification","valueRequired":true,"valueName":"search_term_string"}}],"inLanguage":"fr-FR"}]}},"jetpack_sharing_enabled":true,"_links":{"self":[{"href":"https:\/\/lavanderina.it\/fr\/wp-json\/wp\/v2\/product\/6559","targetHints":{"allow":["GET"]}}],"collection":[{"href":"https:\/\/lavanderina.it\/fr\/wp-json\/wp\/v2\/product"}],"about":[{"href":"https:\/\/lavanderina.it\/fr\/wp-json\/wp\/v2\/types\/product"}],"replies":[{"embeddable":true,"href":"https:\/\/lavanderina.it\/fr\/wp-json\/wp\/v2\/comments?post=6559"}],"wp:featuredmedia":[{"embeddable":true,"href":"https:\/\/lavanderina.it\/fr\/wp-json\/wp\/v2\/media\/10031"}],"wp:attachment":[{"href":"https:\/\/lavanderina.it\/fr\/wp-json\/wp\/v2\/media?parent=6559"}],"wp:term":[{"taxonomy":"product_brand","embeddable":true,"href":"https:\/\/lavanderina.it\/fr\/wp-json\/wp\/v2\/product_brand?post=6559"},{"taxonomy":"product_cat","embeddable":true,"href":"https:\/\/lavanderina.it\/fr\/wp-json\/wp\/v2\/product_cat?post=6559"},{"taxonomy":"product_tag","embeddable":true,"href":"https:\/\/lavanderina.it\/fr\/wp-json\/wp\/v2\/product_tag?post=6559"}],"curies":[{"name":"wp","href":"https:\/\/api.w.org\/{rel}","templated":true}]}}