{"id":6626,"date":"2021-07-09T10:13:31","date_gmt":"2021-07-09T10:13:31","guid":{"rendered":"https:\/\/www.lavanderina.it\/prodotto\/6626\/"},"modified":"2025-03-18T13:19:41","modified_gmt":"2025-03-18T13:19:41","slug":"en-machine-a-laver-et-lessive-a-la-main-baby-et-delicats-960ml","status":"publish","type":"product","link":"https:\/\/lavanderina.it\/fr\/prodotto\/en-machine-a-laver-et-lessive-a-la-main-baby-et-delicats-960ml\/","title":{"rendered":"En machine \u00e0 laver et lessive \u00e0 la main Baby et D\u00e9licats 960mL"},"content":{"rendered":"<p><strong>SANS RISQUE POUR L&rsquo;ENVIRONNEMENT :<\/strong> son contenu est facilement biod\u00e9gradable et l&#8217;emballage, fabriqu\u00e9 \u00e0 partir de mat\u00e9riaux recycl\u00e9s, est recyclable \u00e0 l&rsquo;infini.<\/p>\n<p><strong>SANS RISQUE POUR LA PEAU :<\/strong> sa formulation privil\u00e9gie les ingr\u00e9dients verts et \u00e9cologiques, le produit ne contient aucun allerg\u00e8ne et est test\u00e9 dermatologiquement.<\/p>\n<p><strong>SANS RISQUE POUR LES ANIMAUX :<\/strong> produit v\u00e9gan, ne contient aucun ingr\u00e9dient d&rsquo;origine animale et n&rsquo;est pas nuisible ni g\u00eanant pour nos petits compagnons.<\/p>\n<p>&nbsp;<\/p>\n<p><strong>MODE D\u2019EMPLOI :<\/strong> utiliser environ (selon la duret\u00e9 de l&rsquo;eau) 40 ml en machine \u00e0 laver et 25 ml pour le lavage \u00e0 la main.<\/p>\n<p><strong>INCI (INGREDIENTS) : <\/strong>Aqua (Water), Potassium Olivate, Aloe Barbadensis Leaf Juice (BIO), Sodium Carbonate, Sodium Coco-Sulfate, Phenoxyethanol, Tetrasodium Glutamate Diacetate, Nonionic Polyester, Citric Acid.<\/p>\n    <div class=\"xs-review-box view-review-list\" id=\"xs-user-review-box\">\n\n        <h3 class=\"total-reivew-headding\">\n\t\t\t0 Reviews        <\/h3>\n        <div class=\"xs-review-box-item\">\n\n            <div\n                    class=\"xs-review-media review-full\">\n\n\t\t\t\t\n            <\/div>\n\n\t\t\t\n        <\/div>\n\n    <\/div>\n\n\t\n    <form action=\"https:\/\/lavanderina.it\/fr\/prodotto\/en-machine-a-laver-et-lessive-a-la-main-baby-et-delicats-960ml\/\"\n          name=\"xs_review_form_public_data\"\n          method=\"post\"\n          id=\"xs_review_form_public_data\">\n\n        <div class=\"xs-review-box public-xs-review-box\" id=\"xs-review-box\">\n            <h3 class=\"write-reivew-headding\">\n\t\t\t\tWrite a Review             <\/h3>\n\n\t\t\t\n            <div class=\"wur-review-fields\"> \t\t\t\t            <div class=\"xs-review xs-select\"\n\t\t\t\t                 style=\"display:block;\">\n\n\t\t\t\t\t            \t\t\t\t\t\t            <div class=\"xs-review-rating-stars text-center\">\n\t\t\t\t\t\t\t            <ul id=\"xs_review_stars\">\n\t\t\t\t\t\t\t\t            \t\t\t\t\t\t\t\t\t            <li class=\"star-li star  selected\" data-value=\"1\">\n\t\t\t\t\t\t\t\t\t\t            \t\t\t\t\t\t\t\t\t\t\t            <i class=\"xs-star dashicons-before dashicons-star-filled\"><\/i>\n\t\t\t\t\t\t\t\t\t\t            \t\t\t\t\t\t\t\t\t            <\/li>\n\t\t\t\t\t\t\t\t            \t\t\t\t\t\t\t\t\t            <li class=\"star-li star  \" data-value=\"2\">\n\t\t\t\t\t\t\t\t\t\t            \t\t\t\t\t\t\t\t\t\t\t            <i class=\"xs-star dashicons-before dashicons-star-filled\"><\/i>\n\t\t\t\t\t\t\t\t\t\t            \t\t\t\t\t\t\t\t\t            <\/li>\n\t\t\t\t\t\t\t\t            \t\t\t\t\t\t\t\t\t            <li class=\"star-li star  \" data-value=\"3\">\n\t\t\t\t\t\t\t\t\t\t            \t\t\t\t\t\t\t\t\t\t\t            <i class=\"xs-star dashicons-before dashicons-star-filled\"><\/i>\n\t\t\t\t\t\t\t\t\t\t            \t\t\t\t\t\t\t\t\t            <\/li>\n\t\t\t\t\t\t\t\t            \t\t\t\t\t\t\t\t\t            <li class=\"star-li star  \" data-value=\"4\">\n\t\t\t\t\t\t\t\t\t\t            \t\t\t\t\t\t\t\t\t\t\t            <i class=\"xs-star dashicons-before dashicons-star-filled\"><\/i>\n\t\t\t\t\t\t\t\t\t\t            \t\t\t\t\t\t\t\t\t            <\/li>\n\t\t\t\t\t\t\t\t            \t\t\t\t\t\t\t\t\t            <li class=\"star-li star  \" data-value=\"5\">\n\t\t\t\t\t\t\t\t\t\t            \t\t\t\t\t\t\t\t\t\t\t            <i class=\"xs-star dashicons-before dashicons-star-filled\"><\/i>\n\t\t\t\t\t\t\t\t\t\t            \t\t\t\t\t\t\t\t\t            <\/li>\n\t\t\t\t\t\t\t\t            \t\t\t\t\t\t\t            <\/ul>\n\t\t\t\t\t\t\t            <div id=\"review_data_show\"><\/div>\n\t\t\t\t\t\t\t            <input type=\"hidden\" id=\"ratting_review_hidden\"\n\t\t\t\t\t\t\t                   name=\"xs_submit_review_data[xs_reviwer_ratting]\"\n\t\t\t\t\t\t\t                   value=\"1\" 1 \/>\n\t\t\t\t\t\t            <\/div>\n\t\t\t\t\t            \t\t\t\t            <\/div>\n\t\t\t\t            \n\t\t\t\t            <div class=\"xs-review xs-text\"\n\t\t\t\t                 style=\"display:block;\">\n\n\t\t\t\t\t            <input type=\"text\"\n\t\t\t\t\t                   placeholder=\"Review Title\"\n\t\t\t\t\t                   id=\"xs_reviw_title\"\n\t\t\t\t\t                   class=\"widefat xs_reviw_title\"\n\t\t\t\t\t                   name=\"xs_submit_review_data[xs_reviw_title]\"\n\t\t\t\t\t                   value=\"\" 1 \/>\n\n\t\t\t\t            <\/div> \n\t\t\t\t            <div class=\"xs-review xs-text\"\n\t\t\t\t                 style=\"display:block;\">\n\n\t\t\t\t\t            <input type=\"text\"\n\t\t\t\t\t                   placeholder=\"Reviewer Name\"\n\t\t\t\t\t                   id=\"xs_reviwer_name\"\n\t\t\t\t\t                   class=\"widefat xs_reviwer_name\"\n\t\t\t\t\t                   name=\"xs_submit_review_data[xs_reviwer_name]\"\n\t\t\t\t\t                   value=\"\"  \/>\n\n\t\t\t\t            <\/div> \n\t\t\t\t            <div class=\"xs-review xs-text\"\n\t\t\t\t                 style=\"display:block;\">\n\n\t\t\t\t\t            <input type=\"text\"\n\t\t\t\t\t                   placeholder=\"Reviewer Email\"\n\t\t\t\t\t                   id=\"xs_reviwer_email\"\n\t\t\t\t\t                   class=\"widefat xs_reviwer_email\"\n\t\t\t\t\t                   name=\"xs_submit_review_data[xs_reviwer_email]\"\n\t\t\t\t\t                   value=\"\" 1 \/>\n\n\t\t\t\t            <\/div> \n\t\t\t\t            <div class=\"xs-review xs-text\"\n\t\t\t\t                 style=\"display:block;\">\n\n\t\t\t\t\t            <input type=\"text\"\n\t\t\t\t\t                   placeholder=\"Website\"\n\t\t\t\t\t                   id=\"xs_reviwer_website\"\n\t\t\t\t\t                   class=\"widefat xs_reviwer_website\"\n\t\t\t\t\t                   name=\"xs_submit_review_data[xs_reviwer_website]\"\n\t\t\t\t\t                   value=\"\"  \/>\n\n\t\t\t\t            <\/div> \n\t\t\t\t            <div class=\"xs-review xs-textarea\"\n\t\t\t\t                 style=\"display:block;\">\n\n                                    <textarea id=\"xs_reviw_summery\"\n                                              class=\"widefat xs_reviw_summery\"\n                                              name=\"xs_submit_review_data[xs_reviw_summery]\" 1                                              placeholder=\"Review Summary\"><\/textarea>\n\n\t\t\t\t            <\/div> \n                <input type=\"hidden\" value=\"6626\"\n                       name=\"xs_submit_review_data[xs_post_id]\" \/>\n\n                <input type=\"hidden\" value=\"product\"\n                       name=\"xs_submit_review_data[xs_post_type]\" \/>\n\n                <input type=\"hidden\" value=\"0\"\n                       name=\"xs_submit_review_data[xs_post_author]\" \/>\n\t\t\t\t<input type=\"hidden\" id=\"_wpnonce\" name=\"_wpnonce\" value=\"feab7deab4\" \/><input type=\"hidden\" name=\"_wp_http_referer\" value=\"\/fr\/wp-json\/wp\/v2\/product\/6626\" \/>                <div class=\"xs-review xs-save-button\">\n                    <button type=\"submit\" name=\"xs_review_form_public_data\" class=\"xs-btn primary\">\n                        Submit Review                    <\/button>\n                <\/div>\n\n            <\/div>\n        <\/div>\n    <\/form>\n\n","protected":false},"excerpt":{"rendered":"<p>D\u00e9tergent pour le lavage en machine et \u00e0 la main adapt\u00e9 \u00e0 tous les types de v\u00eatements et particuli\u00e8rement indiqu\u00e9 pour les v\u00eatements d\u00e9licats. Il \u00e9limine la salet\u00e9 tout en laissant un parfum frais et naturel, et la pr\u00e9sence d&rsquo;aloe vera contribue \u00e0 rendre les tissus plus doux pour la peau. <strong>Ne contient pas de SLES, SLS, parabens, phosphates, enzymes, colorants, azurants optiques.<\/strong><\/p>\n","protected":false},"featured_media":10077,"comment_status":"closed","ping_status":"closed","template":"","meta":[],"product_brand":[],"product_cat":[84],"product_tag":[73,76,72,75,74,82],"class_list":{"0":"post-6626","1":"product","2":"type-product","3":"status-publish","4":"has-post-thumbnail","6":"product_cat-lessive","7":"product_tag-detergenza-eco-bio-aiab-fr","8":"product_tag-eco-packaging-fr","9":"product_tag-ecobiovegan-fr","10":"product_tag-h-a-c-c-p-fr","11":"product_tag-sans-allergene","12":"product_tag-teste-dermatologiquement","14":"first","15":"instock","16":"shipping-taxable","17":"product-type-simple"},"yoast_head":"<!-- This site is optimized with the Yoast SEO plugin v24.8 - https:\/\/yoast.com\/wordpress\/plugins\/seo\/ -->\r\n<title>En machine \u00e0 laver et lessive \u00e0 la main Baby et D\u00e9licats 960mL - Lavanderina<\/title>\r\n<meta name=\"robots\" content=\"index, follow, max-snippet:-1, max-image-preview:large, max-video-preview:-1\" \/>\r\n<link rel=\"canonical\" href=\"https:\/\/lavanderina.it\/fr\/prodotto\/en-machine-a-laver-et-lessive-a-la-main-baby-et-delicats-960ml\/\" \/>\r\n<meta property=\"og:locale\" content=\"fr_FR\" \/>\r\n<meta property=\"og:type\" content=\"article\" \/>\r\n<meta property=\"og:title\" content=\"En machine \u00e0 laver et lessive \u00e0 la main Baby et D\u00e9licats 960mL - Lavanderina\" \/>\r\n<meta property=\"og:description\" content=\"D\u00e9tergent pour le lavage en machine et \u00e0 la main adapt\u00e9 \u00e0 tous les types de v\u00eatements et particuli\u00e8rement indiqu\u00e9 pour les v\u00eatements d\u00e9licats. Il \u00e9limine la salet\u00e9 tout en laissant un parfum frais et naturel, et la pr\u00e9sence d&#039;aloe vera contribue \u00e0 rendre les tissus plus doux pour la peau. Ne contient pas de SLES, SLS, parabens, phosphates, enzymes, colorants, azurants optiques.\" \/>\r\n<meta property=\"og:url\" content=\"https:\/\/lavanderina.it\/fr\/prodotto\/en-machine-a-laver-et-lessive-a-la-main-baby-et-delicats-960ml\/\" \/>\r\n<meta property=\"og:site_name\" content=\"Lavanderina\" \/>\r\n<meta property=\"article:modified_time\" content=\"2025-03-18T13:19:41+00:00\" \/>\r\n<meta property=\"og:image\" content=\"https:\/\/www.lavanderina.it\/wp-content\/uploads\/2021\/07\/lavanderina-lavatrice-baby-960ml.jpg\" \/>\r\n\t<meta property=\"og:image:width\" content=\"1000\" \/>\r\n\t<meta property=\"og:image:height\" content=\"1000\" \/>\r\n\t<meta property=\"og:image:type\" content=\"image\/jpeg\" \/>\r\n<meta name=\"twitter:card\" content=\"summary_large_image\" \/>\r\n<meta name=\"twitter:label1\" content=\"Dur\u00e9e de lecture estim\u00e9e\" \/>\n\t<meta name=\"twitter:data1\" content=\"1 minute\" \/>\r\n<script type=\"application\/ld+json\" class=\"yoast-schema-graph\">{\"@context\":\"https:\/\/schema.org\",\"@graph\":[{\"@type\":\"WebPage\",\"@id\":\"https:\/\/lavanderina.it\/fr\/prodotto\/en-machine-a-laver-et-lessive-a-la-main-baby-et-delicats-960ml\/\",\"url\":\"https:\/\/lavanderina.it\/fr\/prodotto\/en-machine-a-laver-et-lessive-a-la-main-baby-et-delicats-960ml\/\",\"name\":\"En machine \u00e0 laver et lessive \u00e0 la main Baby et D\u00e9licats 960mL - Lavanderina\",\"isPartOf\":{\"@id\":\"https:\/\/lavanderina.it\/fr\/#website\"},\"primaryImageOfPage\":{\"@id\":\"https:\/\/lavanderina.it\/fr\/prodotto\/en-machine-a-laver-et-lessive-a-la-main-baby-et-delicats-960ml\/#primaryimage\"},\"image\":{\"@id\":\"https:\/\/lavanderina.it\/fr\/prodotto\/en-machine-a-laver-et-lessive-a-la-main-baby-et-delicats-960ml\/#primaryimage\"},\"thumbnailUrl\":\"https:\/\/www.lavanderina.it\/wp-content\/uploads\/2021\/07\/lavanderina-lavatrice-baby-960ml.jpg\",\"datePublished\":\"2021-07-09T10:13:31+00:00\",\"dateModified\":\"2025-03-18T13:19:41+00:00\",\"breadcrumb\":{\"@id\":\"https:\/\/lavanderina.it\/fr\/prodotto\/en-machine-a-laver-et-lessive-a-la-main-baby-et-delicats-960ml\/#breadcrumb\"},\"inLanguage\":\"fr-FR\",\"potentialAction\":[{\"@type\":\"ReadAction\",\"target\":[\"https:\/\/lavanderina.it\/fr\/prodotto\/en-machine-a-laver-et-lessive-a-la-main-baby-et-delicats-960ml\/\"]}]},{\"@type\":\"ImageObject\",\"inLanguage\":\"fr-FR\",\"@id\":\"https:\/\/lavanderina.it\/fr\/prodotto\/en-machine-a-laver-et-lessive-a-la-main-baby-et-delicats-960ml\/#primaryimage\",\"url\":\"https:\/\/www.lavanderina.it\/wp-content\/uploads\/2021\/07\/lavanderina-lavatrice-baby-960ml.jpg\",\"contentUrl\":\"https:\/\/www.lavanderina.it\/wp-content\/uploads\/2021\/07\/lavanderina-lavatrice-baby-960ml.jpg\",\"width\":1000,\"height\":1000},{\"@type\":\"BreadcrumbList\",\"@id\":\"https:\/\/lavanderina.it\/fr\/prodotto\/en-machine-a-laver-et-lessive-a-la-main-baby-et-delicats-960ml\/#breadcrumb\",\"itemListElement\":[{\"@type\":\"ListItem\",\"position\":1,\"name\":\"Home\",\"item\":\"https:\/\/lavanderina.it\/fr\/\"},{\"@type\":\"ListItem\",\"position\":2,\"name\":\"Shop\",\"item\":\"https:\/\/lavanderina.it\/negozio\/\"},{\"@type\":\"ListItem\",\"position\":3,\"name\":\"En machine \u00e0 laver et lessive \u00e0 la main Baby et D\u00e9licats 960mL\"}]},{\"@type\":\"WebSite\",\"@id\":\"https:\/\/lavanderina.it\/fr\/#website\",\"url\":\"https:\/\/lavanderina.it\/fr\/\",\"name\":\"Lavanderina\",\"description\":\"Detersivi ecologici, biologici, sostenibili e vegani\",\"potentialAction\":[{\"@type\":\"SearchAction\",\"target\":{\"@type\":\"EntryPoint\",\"urlTemplate\":\"https:\/\/lavanderina.it\/fr\/?s={search_term_string}\"},\"query-input\":{\"@type\":\"PropertyValueSpecification\",\"valueRequired\":true,\"valueName\":\"search_term_string\"}}],\"inLanguage\":\"fr-FR\"}]}<\/script>\r\n<!-- \/ Yoast SEO plugin. -->","yoast_head_json":{"title":"En machine \u00e0 laver et lessive \u00e0 la main Baby et D\u00e9licats 960mL - Lavanderina","robots":{"index":"index","follow":"follow","max-snippet":"max-snippet:-1","max-image-preview":"max-image-preview:large","max-video-preview":"max-video-preview:-1"},"canonical":"https:\/\/lavanderina.it\/fr\/prodotto\/en-machine-a-laver-et-lessive-a-la-main-baby-et-delicats-960ml\/","og_locale":"fr_FR","og_type":"article","og_title":"En machine \u00e0 laver et lessive \u00e0 la main Baby et D\u00e9licats 960mL - Lavanderina","og_description":"D\u00e9tergent pour le lavage en machine et \u00e0 la main adapt\u00e9 \u00e0 tous les types de v\u00eatements et particuli\u00e8rement indiqu\u00e9 pour les v\u00eatements d\u00e9licats. Il \u00e9limine la salet\u00e9 tout en laissant un parfum frais et naturel, et la pr\u00e9sence d'aloe vera contribue \u00e0 rendre les tissus plus doux pour la peau. Ne contient pas de SLES, SLS, parabens, phosphates, enzymes, colorants, azurants optiques.","og_url":"https:\/\/lavanderina.it\/fr\/prodotto\/en-machine-a-laver-et-lessive-a-la-main-baby-et-delicats-960ml\/","og_site_name":"Lavanderina","article_modified_time":"2025-03-18T13:19:41+00:00","og_image":[{"width":1000,"height":1000,"url":"https:\/\/www.lavanderina.it\/wp-content\/uploads\/2021\/07\/lavanderina-lavatrice-baby-960ml.jpg","type":"image\/jpeg"}],"twitter_card":"summary_large_image","twitter_misc":{"Dur\u00e9e de lecture estim\u00e9e":"1 minute"},"schema":{"@context":"https:\/\/schema.org","@graph":[{"@type":"WebPage","@id":"https:\/\/lavanderina.it\/fr\/prodotto\/en-machine-a-laver-et-lessive-a-la-main-baby-et-delicats-960ml\/","url":"https:\/\/lavanderina.it\/fr\/prodotto\/en-machine-a-laver-et-lessive-a-la-main-baby-et-delicats-960ml\/","name":"En machine \u00e0 laver et lessive \u00e0 la main Baby et D\u00e9licats 960mL - Lavanderina","isPartOf":{"@id":"https:\/\/lavanderina.it\/fr\/#website"},"primaryImageOfPage":{"@id":"https:\/\/lavanderina.it\/fr\/prodotto\/en-machine-a-laver-et-lessive-a-la-main-baby-et-delicats-960ml\/#primaryimage"},"image":{"@id":"https:\/\/lavanderina.it\/fr\/prodotto\/en-machine-a-laver-et-lessive-a-la-main-baby-et-delicats-960ml\/#primaryimage"},"thumbnailUrl":"https:\/\/www.lavanderina.it\/wp-content\/uploads\/2021\/07\/lavanderina-lavatrice-baby-960ml.jpg","datePublished":"2021-07-09T10:13:31+00:00","dateModified":"2025-03-18T13:19:41+00:00","breadcrumb":{"@id":"https:\/\/lavanderina.it\/fr\/prodotto\/en-machine-a-laver-et-lessive-a-la-main-baby-et-delicats-960ml\/#breadcrumb"},"inLanguage":"fr-FR","potentialAction":[{"@type":"ReadAction","target":["https:\/\/lavanderina.it\/fr\/prodotto\/en-machine-a-laver-et-lessive-a-la-main-baby-et-delicats-960ml\/"]}]},{"@type":"ImageObject","inLanguage":"fr-FR","@id":"https:\/\/lavanderina.it\/fr\/prodotto\/en-machine-a-laver-et-lessive-a-la-main-baby-et-delicats-960ml\/#primaryimage","url":"https:\/\/www.lavanderina.it\/wp-content\/uploads\/2021\/07\/lavanderina-lavatrice-baby-960ml.jpg","contentUrl":"https:\/\/www.lavanderina.it\/wp-content\/uploads\/2021\/07\/lavanderina-lavatrice-baby-960ml.jpg","width":1000,"height":1000},{"@type":"BreadcrumbList","@id":"https:\/\/lavanderina.it\/fr\/prodotto\/en-machine-a-laver-et-lessive-a-la-main-baby-et-delicats-960ml\/#breadcrumb","itemListElement":[{"@type":"ListItem","position":1,"name":"Home","item":"https:\/\/lavanderina.it\/fr\/"},{"@type":"ListItem","position":2,"name":"Shop","item":"https:\/\/lavanderina.it\/negozio\/"},{"@type":"ListItem","position":3,"name":"En machine \u00e0 laver et lessive \u00e0 la main Baby et D\u00e9licats 960mL"}]},{"@type":"WebSite","@id":"https:\/\/lavanderina.it\/fr\/#website","url":"https:\/\/lavanderina.it\/fr\/","name":"Lavanderina","description":"Detersivi ecologici, biologici, sostenibili e vegani","potentialAction":[{"@type":"SearchAction","target":{"@type":"EntryPoint","urlTemplate":"https:\/\/lavanderina.it\/fr\/?s={search_term_string}"},"query-input":{"@type":"PropertyValueSpecification","valueRequired":true,"valueName":"search_term_string"}}],"inLanguage":"fr-FR"}]}},"jetpack_sharing_enabled":true,"_links":{"self":[{"href":"https:\/\/lavanderina.it\/fr\/wp-json\/wp\/v2\/product\/6626","targetHints":{"allow":["GET"]}}],"collection":[{"href":"https:\/\/lavanderina.it\/fr\/wp-json\/wp\/v2\/product"}],"about":[{"href":"https:\/\/lavanderina.it\/fr\/wp-json\/wp\/v2\/types\/product"}],"replies":[{"embeddable":true,"href":"https:\/\/lavanderina.it\/fr\/wp-json\/wp\/v2\/comments?post=6626"}],"wp:featuredmedia":[{"embeddable":true,"href":"https:\/\/lavanderina.it\/fr\/wp-json\/wp\/v2\/media\/10077"}],"wp:attachment":[{"href":"https:\/\/lavanderina.it\/fr\/wp-json\/wp\/v2\/media?parent=6626"}],"wp:term":[{"taxonomy":"product_brand","embeddable":true,"href":"https:\/\/lavanderina.it\/fr\/wp-json\/wp\/v2\/product_brand?post=6626"},{"taxonomy":"product_cat","embeddable":true,"href":"https:\/\/lavanderina.it\/fr\/wp-json\/wp\/v2\/product_cat?post=6626"},{"taxonomy":"product_tag","embeddable":true,"href":"https:\/\/lavanderina.it\/fr\/wp-json\/wp\/v2\/product_tag?post=6626"}],"curies":[{"name":"wp","href":"https:\/\/api.w.org\/{rel}","templated":true}]}}